{"id":110,"date":"2015-12-07T17:16:48","date_gmt":"2015-12-07T16:16:48","guid":{"rendered":"http:\/\/www.raichberg-realschule-stuttgart.de\/v4\/?page_id=110"},"modified":"2025-11-16T21:01:26","modified_gmt":"2025-11-16T20:01:26","slug":"berufsorientierung","status":"publish","type":"page","link":"https:\/\/www.raichberg-realschule-stuttgart.de\/?page_id=110","title":{"rendered":"Berufsorientierung"},"content":{"rendered":"\n<figure class=\"wp-block-image size-full\"><a href=\"https:\/\/www.raichberg-realschule-stuttgart.de\/wp-content\/uploads\/2025\/11\/Siegel_vocatium_Schulen_RGB.png\"><img loading=\"lazy\" decoding=\"async\" width=\"625\" height=\"625\" src=\"https:\/\/www.raichberg-realschule-stuttgart.de\/wp-content\/uploads\/2025\/11\/Siegel_vocatium_Schulen_RGB.png\" alt=\"\" class=\"wp-image-2572\" srcset=\"https:\/\/www.raichberg-realschule-stuttgart.de\/wp-content\/uploads\/2025\/11\/Siegel_vocatium_Schulen_RGB.png 625w, https:\/\/www.raichberg-realschule-stuttgart.de\/wp-content\/uploads\/2025\/11\/Siegel_vocatium_Schulen_RGB-300x300.png 300w, https:\/\/www.raichberg-realschule-stuttgart.de\/wp-content\/uploads\/2025\/11\/Siegel_vocatium_Schulen_RGB-150x150.png 150w\" sizes=\"auto, (max-width: 625px) 100vw, 625px\" \/><\/a><\/figure>\n\n\n\n<p><strong>AKTUELLES UND INTERESSANTES<\/strong><\/p>\n\n\n\n<p><a href=\"https:\/\/jobmesh.de\">https:\/\/jobmesh.de<\/a><\/p>\n\n\n\n<p><a href=\"https:\/\/jobmesh.de\/a-z\">https:\/\/jobmesh.de\/a-z<\/a><\/p>\n\n\n\n<h2 class=\"wp-block-heading\">Berufsberatung<\/h2>\n\n\n\n<h4 class=\"wp-block-heading\" id=\"yui_3_17_2_1_1611908094064_28\">Seit dem Schuljahr 2022\/2023 ist Frau Br\u00fcmmer vom Berufsinformationszentrum Stuttgart f\u00fcr unserer Schule zust\u00e4ndig. Sie bietet regelm\u00e4\u00dfig Termine vor Ort in der Schule an, zu denen Sch\u00fcler*innen aller Klassenstufen zu ihr in die Beratung kommen k\u00f6nnen. Frau Br\u00fcmmer ist <strong>jeden Dienstag<\/strong> von <strong>09:00 bis 12:00 Uhr<\/strong> an unserer Schule anwesend.<\/h4>\n\n\n\n<h2 class=\"wp-block-heading\">Unterst\u00fctzung f\u00fcr unsere Sch\u00fcler*innen der Klassen 8, 9 und 10<\/h2>\n\n\n\n<p>Frau Br\u00fcmmer unterst\u00fctzt und ber\u00e4t unsere Sch\u00fcler*innen bei der Suche nach einem geeigneten Ausbildungsplatz. Frau Br\u00fcmmer ist Berufsberaterin bei der Arbeitsagentur und ber\u00e4t unsere oberen Jahrg\u00e4nge dabei, sich \u00fcber ihre F\u00e4higkeiten und Kompetenzen klar zu werden. <\/p>\n\n\n\n<p>Frau Br\u00fcmmer ist <strong>jeden Dienstag<\/strong> von <strong>09:00 bis 12:00 Uhr<\/strong> an unserer Schule anwesend.<\/p>\n\n\n\n<p><a href=\"https:\/\/www.raichberg-realschule-stuttgart.de\/wp-content\/uploads\/2015\/12\/Anmeldebogen-Berufsberatung-PDF.pdf\" target=\"_blank\" rel=\"noreferrer noopener\">Anmeldebogen Berufsberatung PDF herunterladen<\/a><\/p>\n\n\n\n<p>Berufsberaterin Frau&nbsp;Yvonne Br\u00fcmmer<\/p>\n\n\n\n<p>E-Mail: stuttgart.151-berufsberatung@arbeitsagentur.de<\/p>\n\n\n\n<p>Nordbahnhofstr. 30-34<br>70191 Stuttgart<br>Tel.: 0800 4 5555 00<br>Email:&nbsp;<a href=\"mailto:Stuttgart.151-U25@arbeitsagentur.de\">Stuttgart.151-U25@arbeitsagentur.de<br><\/a><a rel=\"noreferrer noopener\" href=\"https:\/\/www.arbeitsagentur.de\" target=\"_blank\">https:\/\/www.arbeitsagentur.de<\/a><\/p>\n\n\n\n<p><strong>WICHTIG:<\/strong> Ein Flyer der Stadt Stuttgart mit Informationen zum <strong>Sch\u00fclerpraktiku<\/strong>m und <strong>Arbeitsschutz<\/strong> von Jugendlichen:<\/p>\n\n\n\n<div data-wp-interactive=\"core\/file\" class=\"wp-block-file\"><object data-wp-bind--hidden=\"!state.hasPdfPreview\" hidden class=\"wp-block-file__embed\" data=\"https:\/\/www.raichberg-realschule-stuttgart.de\/wp-content\/uploads\/2023\/05\/WEB_Flyer_Schuelerpraktikum_Druckbogen-1.pdf\" type=\"application\/pdf\" style=\"width:100%;height:600px\" aria-label=\"Einbettung von WEB_Flyer_Schuelerpraktikum_Druckbogen-1.\"><\/object><a id=\"wp-block-file--media-33d3dd65-708d-4910-8975-887f0f06b968\" href=\"https:\/\/www.raichberg-realschule-stuttgart.de\/wp-content\/uploads\/2023\/05\/WEB_Flyer_Schuelerpraktikum_Druckbogen-1.pdf\">WEB_Flyer_Schuelerpraktikum_Druckbogen-1<\/a><a href=\"https:\/\/www.raichberg-realschule-stuttgart.de\/wp-content\/uploads\/2023\/05\/WEB_Flyer_Schuelerpraktikum_Druckbogen-1.pdf\" class=\"wp-block-file__button wp-element-button\" download aria-describedby=\"wp-block-file--media-33d3dd65-708d-4910-8975-887f0f06b968\">Herunterladen<\/a><\/div>\n\n\n<h2>Berufsberatung der Arbeitsagentur<\/h2>\n<p><a href=\"https:\/\/www.raichberg-realschule-stuttgart.de\/wp-content\/uploads\/2015\/12\/Anmeldebogen-Berufsberatung-PDF.pdf\" target=\"_blank\" rel=\"noopener noreferrer\">Anmeldebogen Berufsberatung PDF herunterladen<\/a><br \/><a title=\"Informationen zur Studien- und Schulberatung an Ihrer Schule finden Sie hier. Sie gelangen auf das Angebot der Bundesagentur f\u00fcr Arbeit\" href=\"https:\/\/www.arbeitsagentur.de\/vor-ort\/stuttgart\/content\/1533724985848?pk_campaign=schulwebsite\"><img loading=\"lazy\" decoding=\"async\" class=\"\" src=\"https:\/\/www.arbeitsagentur.de\/vor-ort\/stuttgart\/media\/l\/schul-bild-banner\" alt=\"Informationen zur Studien- und Schulberatung an Ihrer Schule finden Sie hier. informieren sie sich auf der Seite der Bundesagentur f\u00fcr Arbeit\" width=\"760\" height=\"285\" \/><\/a><\/p>\n<h2>Unsere Kooperationspartner<\/h2>\n<p><a href=\"https:\/\/www.raichberg-realschule-stuttgart.de\/wp-content\/uploads\/2024\/09\/DB-InfraGO-AG_Portfolio-Berufsorientierung-2024-2.pdf\">DB InfraGO AG_Portfolio Berufsorientierung 2024 (2)<\/a><\/p>\n<p><strong>Ausbildungsbotschafter<\/strong> der IHK Stuttgart bieten den Sch\u00fclern einen konkreten, praxisnahen Einblick in die Ausbildungszeit. Dadurch werden Kontakte gekn\u00fcpft, Informationen ausgetauscht und Berufsm\u00f6glichkeiten er\u00f6ffnet.<br \/><a href=\"https:\/\/www.stuttgart.ihk24.de\/aus_und_weiterbildung\/Wirtschaft_und_Schule\/Ausbildungsbotschafter2\/Ausbildungsbotschafter\/662658\" target=\"_blank\" rel=\"noopener noreferrer\">https:\/\/www.stuttgart.ihk24.de\/aus_und_weiterbildung\/Wirtschaft_und_Schule\/Ausbildungsbotschafter2\/Ausbildungsbotschafter\/662658<\/a><\/p>\n<p>Als externer Partner ist die <strong>Mobile Jugendarbeit Stuttgart<\/strong> direkter Ansprechpartner f\u00fcr das Onlinebewerbungstraining und das Planspiel im Jugendhaus.<br \/><a href=\"http:\/\/www.mobile-jugendarbeit-stuttgart.de\/\" target=\"_blank\" rel=\"noopener noreferrer\">http:\/\/www.mobile-jugendarbeit-stuttgart.de\/<\/a><\/p>\n<p>Die <strong>Barmer GEK<\/strong> unterst\u00fctzt die Sch\u00fcler bei Fragen rund um das Bewerbungsverfahren und f\u00fchrt erste Rollenspiele zum Vorstellunggespr\u00e4ch durch.<br \/><a href=\"https:\/\/www.barmer-gek.de\/\" target=\"_blank\" rel=\"noopener noreferrer\">https:\/\/www.barmer-gek.de\/<\/a><\/p>\n<p>Seit Beginn des Schuljahres 2010\/2011 ist unsere Schule mit der <strong>DB Netze AG<\/strong> eine neue Ausbildungspartnerschaft eingegangen.<br \/>Die Deutsche Bahn bietet interessante Ausbildungsstellen f\u00fcr junge Menschen an, arbeitet mit unserer Schule zusammen und erm\u00f6glicht auch den Zugang zu einem Praktikum.<br \/><a href=\"http:\/\/fahrweg.dbnetze.com\/fahrweg-de\/start\/\" target=\"_blank\" rel=\"noopener noreferrer\">http:\/\/fahrweg.dbnetze.com\/fahrweg-de\/start\/<\/a><\/p>\n<p>Seit dem Schuljahr 2013 besteht eine Partnerschaft mit der <strong>EnBW<\/strong>. Unter dem folgenden Link befinden sich weitere Informationen:<br \/><a href=\"http:\/\/www.enbw.com\/ausbildung\" target=\"_blank\" rel=\"noopener noreferrer\">http:\/\/www.enbw.com\/ausbildung<\/a><\/p>\n<h2>Ausbildungsb\u00f6rsen und Links<\/h2>\n<p><a href=\"http:\/\/planet-beruf.de\/Tagesablaeufe.163.0.html\" target=\"_blank\" rel=\"attachment noopener wp-att-281 noreferrer\"><img loading=\"lazy\" decoding=\"async\" class=\"wp-image-281 size-medium\" src=\"https:\/\/www.raichberg-realschule-stuttgart.de\/wp-content\/uploads\/2015\/12\/logo_pb-300x71.jpg\" alt=\"logo_pb\" width=\"300\" height=\"71\" srcset=\"https:\/\/www.raichberg-realschule-stuttgart.de\/wp-content\/uploads\/2015\/12\/logo_pb-300x71.jpg 300w, https:\/\/www.raichberg-realschule-stuttgart.de\/wp-content\/uploads\/2015\/12\/logo_pb.jpg 360w\" sizes=\"auto, (max-width: 300px) 100vw, 300px\" \/><\/a><\/p>\n<p><a href=\"https:\/\/berufenet.arbeitsagentur.de\" target=\"_blank\" rel=\"attachment noopener wp-att-282 noreferrer\"><img loading=\"lazy\" decoding=\"async\" class=\"size-medium wp-image-282\" src=\"https:\/\/www.raichberg-realschule-stuttgart.de\/wp-content\/uploads\/2015\/12\/berufenet-300x118.jpg\" alt=\"Berufenet\" width=\"300\" height=\"118\" srcset=\"https:\/\/www.raichberg-realschule-stuttgart.de\/wp-content\/uploads\/2015\/12\/berufenet-300x118.jpg 300w, https:\/\/www.raichberg-realschule-stuttgart.de\/wp-content\/uploads\/2015\/12\/berufenet.jpg 669w\" sizes=\"auto, (max-width: 300px) 100vw, 300px\" \/><\/a><\/p>\n<p><a href=\"http:\/\/www.bildungsnavi-bw.de\" target=\"_blank\" rel=\"attachment noopener wp-att-283 noreferrer\"><img loading=\"lazy\" decoding=\"async\" class=\"alignleft wp-image-283 size-medium\" src=\"https:\/\/www.raichberg-realschule-stuttgart.de\/wp-content\/uploads\/2015\/12\/bildungsnavibw-300x154.jpg\" alt=\"bildungsnavibw\" width=\"300\" height=\"154\" srcset=\"https:\/\/www.raichberg-realschule-stuttgart.de\/wp-content\/uploads\/2015\/12\/bildungsnavibw-300x154.jpg 300w, https:\/\/www.raichberg-realschule-stuttgart.de\/wp-content\/uploads\/2015\/12\/bildungsnavibw.jpg 700w\" sizes=\"auto, (max-width: 300px) 100vw, 300px\" \/><\/a><\/p>\n<p><a href=\"http:\/\/www.stuttgart.de\/schule\" target=\"_blank\" rel=\"noopener noreferrer\">http:\/\/www.stuttgart.de\/schule<\/a><\/p>\n<div class=\"td-postcontent\">\n<div class=\"td-article\">\n<p><a href=\"https:\/\/www.aubi-plus.de\/extern\/2238\/suchmaschine\/suche\/?suche_id=&amp;suche_typ=&amp;adresse_id=34114&amp;suche=&amp;adresse=Stuttgart+%28Stuttgart%2C+Deutschland%29&amp;absenden=Absenden\" target=\"_blank\" rel=\"noopener noreferrer\">Ausbildungssuche online<\/a><\/p>\n<p><iframe loading=\"lazy\" style=\"width: 100%; height: 600px;\" src=\"https:\/\/www.aubi-plus.de\/extern\/2238\/suchmaschine\/suche\/?suche_id=&amp;suche_typ=&amp;adresse_id=34114&amp;suche=&amp;adresse=Stuttgart+%28Stuttgart%2C+Deutschland%29&amp;absenden=Absenden\" width=\"300\" height=\"150\" frameborder=\"0\"><\/iframe><\/p>\n<\/div>\n<\/div>","protected":false},"excerpt":{"rendered":"<p>AKTUELLES UND INTERESSANTES https:\/\/jobmesh.de https:\/\/jobmesh.de\/a-z Berufsberatung Seit dem Schuljahr 2022\/2023 ist Frau Br\u00fcmmer vom Berufsinformationszentrum Stuttgart f\u00fcr unserer Schule zust\u00e4ndig. Sie bietet regelm\u00e4\u00dfig Termine vor Ort in der Schule an, zu denen Sch\u00fcler*innen aller Klassenstufen zu ihr in die Beratung kommen k\u00f6nnen. Frau Br\u00fcmmer ist jeden Dienstag von 09:00 bis 12:00 Uhr an unserer Schule [&hellip;]<\/p>\n","protected":false},"author":4,"featured_media":0,"parent":55,"menu_order":0,"comment_status":"closed","ping_status":"closed","template":"","meta":{"footnotes":""},"class_list":["post-110","page","type-page","status-publish"],"_links":{"self":[{"href":"https:\/\/www.raichberg-realschule-stuttgart.de\/index.php?rest_route=\/wp\/v2\/pages\/110","targetHints":{"allow":["GET"]}}],"collection":[{"href":"https:\/\/www.raichberg-realschule-stuttgart.de\/index.php?rest_route=\/wp\/v2\/pages"}],"about":[{"href":"https:\/\/www.raichberg-realschule-stuttgart.de\/index.php?rest_route=\/wp\/v2\/types\/page"}],"author":[{"embeddable":true,"href":"https:\/\/www.raichberg-realschule-stuttgart.de\/index.php?rest_route=\/wp\/v2\/users\/4"}],"replies":[{"embeddable":true,"href":"https:\/\/www.raichberg-realschule-stuttgart.de\/index.php?rest_route=%2Fwp%2Fv2%2Fcomments&post=110"}],"version-history":[{"count":38,"href":"https:\/\/www.raichberg-realschule-stuttgart.de\/index.php?rest_route=\/wp\/v2\/pages\/110\/revisions"}],"predecessor-version":[{"id":2574,"href":"https:\/\/www.raichberg-realschule-stuttgart.de\/index.php?rest_route=\/wp\/v2\/pages\/110\/revisions\/2574"}],"up":[{"embeddable":true,"href":"https:\/\/www.raichberg-realschule-stuttgart.de\/index.php?rest_route=\/wp\/v2\/pages\/55"}],"wp:attachment":[{"href":"https:\/\/www.raichberg-realschule-stuttgart.de\/index.php?rest_route=%2Fwp%2Fv2%2Fmedia&parent=110"}],"curies":[{"name":"wp","href":"https:\/\/api.w.org\/{rel}","templated":true}]}}