{"id":1836,"date":"2023-03-21T19:52:04","date_gmt":"2023-03-21T18:52:04","guid":{"rendered":"https:\/\/www.raichberg-realschule-stuttgart.de\/?page_id=1836"},"modified":"2023-10-11T22:17:48","modified_gmt":"2023-10-11T20:17:48","slug":"webuntis-fuer-eltern","status":"publish","type":"page","link":"https:\/\/www.raichberg-realschule-stuttgart.de\/?page_id=1836","title":{"rendered":"WebUntis f\u00fcr Eltern"},"content":{"rendered":"\n<p><strong>Nutzung des Dienstes WebUntis f\u00fcr Eltern<\/strong><\/p>\n\n\n\n<p>Seit einigen Monaten schon nutzen wir als Schule das Programm WebUntis, um den aktuellen Stundenplan einsehen zu k\u00f6nnen. Nun haben wir auch eine Nutzung des Dienstes f\u00fcr Eltern eingerichtet.<\/p>\n\n\n\n<p><strong>Anleitung: Elternbenutzer in WebUntis<\/strong><\/p>\n\n\n\n<p>Als Erziehungsberechtigter k\u00f6nnen Sie sich bei unserem Stundenplanprogramm WebUntis selbst registrieren, um auf den Stundenplan Ihres Kindes zuzugreifen.<\/p>\n\n\n\n<p>Folgen Sie zur Registrierung bitte der folgenden Anleitung:<\/p>\n\n\n\n<div data-wp-interactive=\"core\/file\" class=\"wp-block-file\"><object data-wp-bind--hidden=\"!state.hasPdfPreview\" hidden class=\"wp-block-file__embed\" data=\"https:\/\/www.raichberg-realschule-stuttgart.de\/wp-content\/uploads\/2023\/10\/Anleitung-Selbstregistrierung-2.pdf\" type=\"application\/pdf\" style=\"width:100%;height:630px\" aria-label=\"Einbettung von Anleitung-Selbstregistrierung-2.\"><\/object><a id=\"wp-block-file--media-34a9dd66-dda7-4631-9b9d-a0dbbc0cb61d\" href=\"https:\/\/www.raichberg-realschule-stuttgart.de\/wp-content\/uploads\/2023\/10\/Anleitung-Selbstregistrierung-2.pdf\">Anleitung-Selbstregistrierung-2<\/a><a href=\"https:\/\/www.raichberg-realschule-stuttgart.de\/wp-content\/uploads\/2023\/10\/Anleitung-Selbstregistrierung-2.pdf\" class=\"wp-block-file__button wp-element-button\" download aria-describedby=\"wp-block-file--media-34a9dd66-dda7-4631-9b9d-a0dbbc0cb61d\">Herunterladen<\/a><\/div>\n","protected":false},"excerpt":{"rendered":"<p>Nutzung des Dienstes WebUntis f\u00fcr Eltern Seit einigen Monaten schon nutzen wir als Schule das Programm WebUntis, um den aktuellen Stundenplan einsehen zu k\u00f6nnen. Nun haben wir auch eine Nutzung des Dienstes f\u00fcr Eltern eingerichtet. Anleitung: Elternbenutzer in WebUntis Als Erziehungsberechtigter k\u00f6nnen Sie sich bei unserem Stundenplanprogramm WebUntis selbst registrieren, um auf den Stundenplan Ihres [&hellip;]<\/p>\n","protected":false},"author":6,"featured_media":0,"parent":0,"menu_order":0,"comment_status":"closed","ping_status":"closed","template":"","meta":{"footnotes":""},"class_list":["post-1836","page","type-page","status-publish"],"_links":{"self":[{"href":"https:\/\/www.raichberg-realschule-stuttgart.de\/index.php?rest_route=\/wp\/v2\/pages\/1836","targetHints":{"allow":["GET"]}}],"collection":[{"href":"https:\/\/www.raichberg-realschule-stuttgart.de\/index.php?rest_route=\/wp\/v2\/pages"}],"about":[{"href":"https:\/\/www.raichberg-realschule-stuttgart.de\/index.php?rest_route=\/wp\/v2\/types\/page"}],"author":[{"embeddable":true,"href":"https:\/\/www.raichberg-realschule-stuttgart.de\/index.php?rest_route=\/wp\/v2\/users\/6"}],"replies":[{"embeddable":true,"href":"https:\/\/www.raichberg-realschule-stuttgart.de\/index.php?rest_route=%2Fwp%2Fv2%2Fcomments&post=1836"}],"version-history":[{"count":2,"href":"https:\/\/www.raichberg-realschule-stuttgart.de\/index.php?rest_route=\/wp\/v2\/pages\/1836\/revisions"}],"predecessor-version":[{"id":2102,"href":"https:\/\/www.raichberg-realschule-stuttgart.de\/index.php?rest_route=\/wp\/v2\/pages\/1836\/revisions\/2102"}],"wp:attachment":[{"href":"https:\/\/www.raichberg-realschule-stuttgart.de\/index.php?rest_route=%2Fwp%2Fv2%2Fmedia&parent=1836"}],"curies":[{"name":"wp","href":"https:\/\/api.w.org\/{rel}","templated":true}]}}