{"id":1839,"date":"2023-03-21T19:53:48","date_gmt":"2023-03-21T18:53:48","guid":{"rendered":"https:\/\/www.raichberg-realschule-stuttgart.de\/?page_id=1839"},"modified":"2026-02-18T12:33:55","modified_gmt":"2026-02-18T11:33:55","slug":"anmeldung-klasse-5","status":"publish","type":"page","link":"https:\/\/www.raichberg-realschule-stuttgart.de\/?page_id=1839","title":{"rendered":"Anmeldung Klasse 5"},"content":{"rendered":"\n<p>Auf dieser Seite finden Sie Informationen zur Schulanmeldung Klasse 5&nbsp;ab dem&nbsp;<strong>Schuljahr 2026 \/ 2027<\/strong>.<\/p>\n\n\n\n<h3 class=\"wp-block-heading\"><strong>Das Anmeldeformular f\u00fcr die 5. Klasse f\u00fcr das Schuljahr 2026\/2027 finden Sie hier:<\/strong><\/h3>\n\n\n\n<div data-wp-interactive=\"core\/file\" class=\"wp-block-file\"><object data-wp-bind--hidden=\"!state.hasPdfPreview\" hidden class=\"wp-block-file__embed\" data=\"https:\/\/www.raichberg-realschule-stuttgart.de\/wp-content\/uploads\/2025\/11\/Anmeldeformular-Kl.-5-SJ-2026-27.pdf\" type=\"application\/pdf\" style=\"width:100%;height:600px\" aria-label=\"Einbettung von Anmeldeformular Kl. 5  SJ 2026-27.\"><\/object><a id=\"wp-block-file--media-823cafc9-0e32-4d68-be1e-453c102d69b2\" href=\"https:\/\/www.raichberg-realschule-stuttgart.de\/wp-content\/uploads\/2025\/11\/Anmeldeformular-Kl.-5-SJ-2026-27.pdf\">Anmeldeformular Kl. 5  SJ 2026-27<\/a><a href=\"https:\/\/www.raichberg-realschule-stuttgart.de\/wp-content\/uploads\/2025\/11\/Anmeldeformular-Kl.-5-SJ-2026-27.pdf\" class=\"wp-block-file__button wp-element-button\" download aria-describedby=\"wp-block-file--media-823cafc9-0e32-4d68-be1e-453c102d69b2\">Herunterladen<\/a><\/div>\n\n\n\n<p><strong>D<\/strong>er <strong>Infotag f\u00fcr Grundsch\u00fcler findet am Mittwoch, 11.02.2026 um 17:00 Uhr&nbsp;<\/strong>statt.<\/p>\n\n\n\n<p><strong>Anmeldungen f\u00fcr die 5. Klassen im Schuljahr 2026-2027<\/strong> finden von<\/p>\n\n\n\n<p><strong>Montag, 09. M\u00e4rz 2026, bis Donnerstag, 12. M\u00e4rz 2026,<\/strong><br><strong>jeweils von 07:30 Uhr bis 12:15 Uhr und von 13:00 Uhr bis 15:30 Uhr<\/strong><\/p>\n\n\n\n<p>statt.<\/p>\n\n\n\n<p><strong>F\u00fcr die Schulanmeldung Ihres Kindes ben\u00f6tigen Sie folgende Unterlagen:<\/strong><\/p>\n\n\n\n<ul class=\"wp-block-list\">\n<li>Geburtsurkunde Ihres Kindes oder einen g\u00fcltigen Pass.<\/li>\n\n\n\n<li>Grundschulempfehlung (Blatt 3 und 4) f\u00fcr die weiterf\u00fchrende&nbsp;<strong>Schule<\/strong>&nbsp;(nur im Original g\u00fcltig).<\/li>\n\n\n\n<li>das vollst\u00e4ndig ausgef\u00fclltes&nbsp;<strong>Anmeldeformular<\/strong>&nbsp;(Download: hier auf der Schulhomepage oder in Papierform bei der Schule erh\u00e4ltlich).<\/li>\n\n\n\n<li>Nachweis \u00fcber einen ausreichenden Masern-Impfschutz &#8211; Kopie des Impfpasses, eine \u00e4rztliche Bescheinigung oder den Nachweis der Grundschule<\/li>\n\n\n\n<li>falls Sie in Besitz einer BonusCard sind , eine Kopie.<\/li>\n<\/ul>\n","protected":false},"excerpt":{"rendered":"<p>Auf dieser Seite finden Sie Informationen zur Schulanmeldung Klasse 5&nbsp;ab dem&nbsp;Schuljahr 2026 \/ 2027. Das Anmeldeformular f\u00fcr die 5. Klasse f\u00fcr das Schuljahr 2026\/2027 finden Sie hier: Der Infotag f\u00fcr Grundsch\u00fcler findet am Mittwoch, 11.02.2026 um 17:00 Uhr&nbsp;statt. Anmeldungen f\u00fcr die 5. Klassen im Schuljahr 2026-2027 finden von Montag, 09. M\u00e4rz 2026, bis Donnerstag, 12. [&hellip;]<\/p>\n","protected":false},"author":6,"featured_media":0,"parent":0,"menu_order":0,"comment_status":"closed","ping_status":"closed","template":"","meta":{"footnotes":""},"class_list":["post-1839","page","type-page","status-publish"],"_links":{"self":[{"href":"https:\/\/www.raichberg-realschule-stuttgart.de\/index.php?rest_route=\/wp\/v2\/pages\/1839","targetHints":{"allow":["GET"]}}],"collection":[{"href":"https:\/\/www.raichberg-realschule-stuttgart.de\/index.php?rest_route=\/wp\/v2\/pages"}],"about":[{"href":"https:\/\/www.raichberg-realschule-stuttgart.de\/index.php?rest_route=\/wp\/v2\/types\/page"}],"author":[{"embeddable":true,"href":"https:\/\/www.raichberg-realschule-stuttgart.de\/index.php?rest_route=\/wp\/v2\/users\/6"}],"replies":[{"embeddable":true,"href":"https:\/\/www.raichberg-realschule-stuttgart.de\/index.php?rest_route=%2Fwp%2Fv2%2Fcomments&post=1839"}],"version-history":[{"count":8,"href":"https:\/\/www.raichberg-realschule-stuttgart.de\/index.php?rest_route=\/wp\/v2\/pages\/1839\/revisions"}],"predecessor-version":[{"id":2688,"href":"https:\/\/www.raichberg-realschule-stuttgart.de\/index.php?rest_route=\/wp\/v2\/pages\/1839\/revisions\/2688"}],"wp:attachment":[{"href":"https:\/\/www.raichberg-realschule-stuttgart.de\/index.php?rest_route=%2Fwp%2Fv2%2Fmedia&parent=1839"}],"curies":[{"name":"wp","href":"https:\/\/api.w.org\/{rel}","templated":true}]}}