{"id":1866,"date":"2023-03-21T20:25:44","date_gmt":"2023-03-21T19:25:44","guid":{"rendered":"https:\/\/www.raichberg-realschule-stuttgart.de\/?page_id=1866"},"modified":"2023-05-11T15:32:17","modified_gmt":"2023-05-11T13:32:17","slug":"schule-ohne-rassismus","status":"publish","type":"page","link":"https:\/\/www.raichberg-realschule-stuttgart.de\/?page_id=1866","title":{"rendered":"Schule ohne Rassismus"},"content":{"rendered":"\n<p><strong>Die Raichberg-Realschule Stuttgart ist Teil des bundesweiten Schulnetzwerks &#8222;Schule ohne Rassismus \u2013 Schule mit Courage&#8220;. Dieses Projekt bietet allen am Schulleben Beteiligten die M\u00f6glichkeit, das Schulleben so zu gestalten, dass keine R\u00e4ume f\u00fcr Rassismus, Diskriminierung, Mobbing und Gewalt entstehen. Wir haben uns bewusst f\u00fcr die Teilnahme an dem Projekt &#8222;Schule ohne Rassismus&#8220; entschieden, weil wir als multikulturelle und multiethnische Schule jeden Tag eine besondere Vielfalt leben, in der es keinen Platz f\u00fcr Rassismus und rassistische Diskriminierung geben soll und darf. Durch verschiedene Projekttage, beispielsweise zu den Themen Flucht und Migration, Grund- und Menschenrechte oder Antisemitismus, versuchen wir klassen\u00fcbergreifend Themen zu behandeln, die im Rahmen dieses Projekts von Bedeutung sind.<\/strong><\/p>\n\n\n\n<p><\/p>\n\n\n\n<figure class=\"wp-block-image size-large\"><a href=\"https:\/\/www.raichberg-realschule-stuttgart.de\/wp-content\/uploads\/2023\/05\/Bildschirmfoto-2023-05-11-um-12.00.36.png\"><img loading=\"lazy\" decoding=\"async\" width=\"1024\" height=\"699\" src=\"https:\/\/www.raichberg-realschule-stuttgart.de\/wp-content\/uploads\/2023\/05\/Bildschirmfoto-2023-05-11-um-12.00.36-1024x699.png\" alt=\"\" class=\"wp-image-1993\" srcset=\"https:\/\/www.raichberg-realschule-stuttgart.de\/wp-content\/uploads\/2023\/05\/Bildschirmfoto-2023-05-11-um-12.00.36-1024x699.png 1024w, https:\/\/www.raichberg-realschule-stuttgart.de\/wp-content\/uploads\/2023\/05\/Bildschirmfoto-2023-05-11-um-12.00.36-300x205.png 300w, https:\/\/www.raichberg-realschule-stuttgart.de\/wp-content\/uploads\/2023\/05\/Bildschirmfoto-2023-05-11-um-12.00.36-768x524.png 768w, https:\/\/www.raichberg-realschule-stuttgart.de\/wp-content\/uploads\/2023\/05\/Bildschirmfoto-2023-05-11-um-12.00.36-1536x1049.png 1536w, https:\/\/www.raichberg-realschule-stuttgart.de\/wp-content\/uploads\/2023\/05\/Bildschirmfoto-2023-05-11-um-12.00.36-2048x1399.png 2048w\" sizes=\"auto, (max-width: 1024px) 100vw, 1024px\" \/><\/a><\/figure>\n\n\n\n<figure class=\"wp-block-gallery has-nested-images columns-default is-cropped wp-block-gallery-1 is-layout-flex wp-block-gallery-is-layout-flex\">\n<figure class=\"wp-block-image size-large\"><a href=\"https:\/\/www.raichberg-realschule-stuttgart.de\/wp-content\/uploads\/2023\/03\/20220727_111519-scaled.jpeg\"><img loading=\"lazy\" decoding=\"async\" width=\"1024\" height=\"798\" data-id=\"1867\" src=\"https:\/\/www.raichberg-realschule-stuttgart.de\/wp-content\/uploads\/2023\/03\/20220727_111519-1024x798.jpeg\" alt=\"\" class=\"wp-image-1867\" srcset=\"https:\/\/www.raichberg-realschule-stuttgart.de\/wp-content\/uploads\/2023\/03\/20220727_111519-1024x798.jpeg 1024w, https:\/\/www.raichberg-realschule-stuttgart.de\/wp-content\/uploads\/2023\/03\/20220727_111519-300x234.jpeg 300w, https:\/\/www.raichberg-realschule-stuttgart.de\/wp-content\/uploads\/2023\/03\/20220727_111519-768x598.jpeg 768w, https:\/\/www.raichberg-realschule-stuttgart.de\/wp-content\/uploads\/2023\/03\/20220727_111519-1536x1197.jpeg 1536w, https:\/\/www.raichberg-realschule-stuttgart.de\/wp-content\/uploads\/2023\/03\/20220727_111519-2048x1596.jpeg 2048w\" sizes=\"auto, (max-width: 1024px) 100vw, 1024px\" \/><\/a><\/figure>\n<\/figure>\n","protected":false},"excerpt":{"rendered":"<p>Die Raichberg-Realschule Stuttgart ist Teil des bundesweiten Schulnetzwerks &#8222;Schule ohne Rassismus \u2013 Schule mit Courage&#8220;. Dieses Projekt bietet allen am Schulleben Beteiligten die M\u00f6glichkeit, das Schulleben so zu gestalten, dass keine R\u00e4ume f\u00fcr Rassismus, Diskriminierung, Mobbing und Gewalt entstehen. Wir haben uns bewusst f\u00fcr die Teilnahme an dem Projekt &#8222;Schule ohne Rassismus&#8220; entschieden, weil wir [&hellip;]<\/p>\n","protected":false},"author":6,"featured_media":0,"parent":0,"menu_order":0,"comment_status":"closed","ping_status":"closed","template":"","meta":{"footnotes":""},"class_list":["post-1866","page","type-page","status-publish"],"_links":{"self":[{"href":"https:\/\/www.raichberg-realschule-stuttgart.de\/index.php?rest_route=\/wp\/v2\/pages\/1866","targetHints":{"allow":["GET"]}}],"collection":[{"href":"https:\/\/www.raichberg-realschule-stuttgart.de\/index.php?rest_route=\/wp\/v2\/pages"}],"about":[{"href":"https:\/\/www.raichberg-realschule-stuttgart.de\/index.php?rest_route=\/wp\/v2\/types\/page"}],"author":[{"embeddable":true,"href":"https:\/\/www.raichberg-realschule-stuttgart.de\/index.php?rest_route=\/wp\/v2\/users\/6"}],"replies":[{"embeddable":true,"href":"https:\/\/www.raichberg-realschule-stuttgart.de\/index.php?rest_route=%2Fwp%2Fv2%2Fcomments&post=1866"}],"version-history":[{"count":2,"href":"https:\/\/www.raichberg-realschule-stuttgart.de\/index.php?rest_route=\/wp\/v2\/pages\/1866\/revisions"}],"predecessor-version":[{"id":1995,"href":"https:\/\/www.raichberg-realschule-stuttgart.de\/index.php?rest_route=\/wp\/v2\/pages\/1866\/revisions\/1995"}],"wp:attachment":[{"href":"https:\/\/www.raichberg-realschule-stuttgart.de\/index.php?rest_route=%2Fwp%2Fv2%2Fmedia&parent=1866"}],"curies":[{"name":"wp","href":"https:\/\/api.w.org\/{rel}","templated":true}]}}