{"id":2038,"date":"2023-07-20T22:54:18","date_gmt":"2023-07-20T20:54:18","guid":{"rendered":"https:\/\/www.raichberg-realschule-stuttgart.de\/?page_id=2038"},"modified":"2023-07-27T16:23:46","modified_gmt":"2023-07-27T14:23:46","slug":"patenprojekt","status":"publish","type":"page","link":"https:\/\/www.raichberg-realschule-stuttgart.de\/?page_id=2038","title":{"rendered":"Patenprojekt"},"content":{"rendered":"\n<p><strong>Das Patenprojekt an der Raichberg-Realschule Stuttgart<\/strong><\/p>\n\n\n\n<p><strong>VERANTWORTUNG \u00dcBERNEHMEN<br>MITEINANDER IN DER SCHULE LEBEN<br>F\u00dcRS LEBEN LERNEN<\/strong><\/p>\n\n\n\n<p>Beim Patenprojekt werden Sch\u00fcler*innen aus der 9. Klassenstufe zu Patinnen und Paten ausgebildet. Als Patinnen und Paten k\u00fcmmern sie sich um die j\u00fcngeren Sch\u00fcler*innen aus den 5. Klassen. Die \u00c4lteren unterst\u00fctzen also J\u00fcngeren, auch als 10.-Kl\u00e4ssler*innen k\u00fcmmern sie sich noch um die 6.-Kl\u00e4ssler*innen.<\/p>\n\n\n\n<p>Die Patinnen und Paten begleiten die neu an der Schule angekommenen Sch\u00fcler*innen w\u00e4hrend der ersten Schulwoche, sie begleiten sie auf dem Schulweg, auf Schulausfl\u00fcgen und besuchen sie in den Klassenlehrerstunden. Au\u00dferdem planen sie verschiedene Aktionen und Projekte an freien Nachmittagen, wie zum Beispiel gemeinsames Kochen\/Backen, Spielnachmittage oder Ausfl\u00fcge. Auch w\u00e4hrend der Pausen sind die Patinnen und Paten pr\u00e4sent und als Ansprechpartner f\u00fcr die Kinder erreichbar. Sie f\u00fchren die Kinder durch den Schulalltag, helfen ihnen, beraten und unterst\u00fctzen sie bei verschiedenen Problemen und Konflikten.<\/p>\n\n\n\n<p>Die Ausbildung zur Patin\/zum Pate beginnt schon in der 8. Klasse und dauert bis zur 10. Klasse an. W\u00e4hrend dieser Ausbildung erwerben die Jugendlichen p\u00e4dagogisches Grundwissen in Theorie und Praxis. Die Ausbildung besteht aus 5 Modulen: Kontakt, N\u00e4he und Distanz, Konflikte erkennen und l\u00f6sen, Teambildung, Reflexion. Es finden regelm\u00e4\u00dfig Fortbildungsnachmittage in der Schule sowie Fortbildungstage au\u00dferhalb der Schule statt. Hier lernen die Jugendlichen verschiedene Inhalte, zum Beispiel wie man mit Gruppendynamiken umgeht, wie man Spiele anleitet oder wie man Konflikte wahrnehmen und l\u00f6sen kann. Sie werden f\u00fcr ihre Aufgabe als Patin\/Pate und die damit verbundene Verantwortung sensibilisiert. Au\u00dferdem steht die Reflexion des eigenen p\u00e4dagogischen Handelns und die individuelle Pers\u00f6nlichkeitsentwicklung immer wieder im Mittelpunkt der Ausbildung.<\/p>\n\n\n\n<p>Die betreuenden Lehrkr\u00e4fte des Patenprojekts an der Raichberg-Realschule Stuttgart sind Aneta Letunica und Daniel Schr\u00f6der.<\/p>\n\n\n\n<figure class=\"wp-block-image size-large is-resized\"><a href=\"https:\/\/www.raichberg-realschule-stuttgart.de\/wp-content\/uploads\/2023\/07\/Patenfortbildung-20.07.2023-scaled.jpg\"><img loading=\"lazy\" decoding=\"async\" src=\"https:\/\/www.raichberg-realschule-stuttgart.de\/wp-content\/uploads\/2023\/07\/Patenfortbildung-20.07.2023-1024x768.jpg\" alt=\"\" class=\"wp-image-2059\" width=\"1034\" height=\"776\" srcset=\"https:\/\/www.raichberg-realschule-stuttgart.de\/wp-content\/uploads\/2023\/07\/Patenfortbildung-20.07.2023-1024x768.jpg 1024w, https:\/\/www.raichberg-realschule-stuttgart.de\/wp-content\/uploads\/2023\/07\/Patenfortbildung-20.07.2023-300x225.jpg 300w, https:\/\/www.raichberg-realschule-stuttgart.de\/wp-content\/uploads\/2023\/07\/Patenfortbildung-20.07.2023-768x576.jpg 768w, https:\/\/www.raichberg-realschule-stuttgart.de\/wp-content\/uploads\/2023\/07\/Patenfortbildung-20.07.2023-1536x1152.jpg 1536w, https:\/\/www.raichberg-realschule-stuttgart.de\/wp-content\/uploads\/2023\/07\/Patenfortbildung-20.07.2023-2048x1536.jpg 2048w\" sizes=\"auto, (max-width: 1034px) 100vw, 1034px\" \/><\/a><\/figure>\n\n\n\n<p>Bild von der ersten Patenfortbildung der 8.-Kl\u00e4ssler*innen am 20.07.2023. Bereits hier beginnt die Ausbildung und Vorbereitung der Sch\u00fcler*innen zu Patinnen und Paten in der 9. Klasse. Im Mittelpunkt dieser Arbeit steht das (Selbst-)Erkennen von eigenen St\u00e4rken, Talenten und Kompetenzen. <\/p>\n\n\n\n<p>Weitere Informationen zum Patenamt finden Sie in der folgenden Pr\u00e4sentation: <\/p>\n\n\n\n<div data-wp-interactive=\"core\/file\" class=\"wp-block-file\"><object data-wp-bind--hidden=\"!state.hasPdfPreview\" hidden class=\"wp-block-file__embed\" data=\"https:\/\/www.raichberg-realschule-stuttgart.de\/wp-content\/uploads\/2023\/07\/Das-Patenamt.pdf\" type=\"application\/pdf\" style=\"width:100%;height:600px\" aria-label=\"Einbettung von Das-Patenamt.\"><\/object><a id=\"wp-block-file--media-86190abd-dccb-47ac-8883-892bfaf3f782\" href=\"https:\/\/www.raichberg-realschule-stuttgart.de\/wp-content\/uploads\/2023\/07\/Das-Patenamt.pdf\">Das-Patenamt<\/a><a href=\"https:\/\/www.raichberg-realschule-stuttgart.de\/wp-content\/uploads\/2023\/07\/Das-Patenamt.pdf\" class=\"wp-block-file__button wp-element-button\" download aria-describedby=\"wp-block-file--media-86190abd-dccb-47ac-8883-892bfaf3f782\">Herunterladen<\/a><\/div>\n","protected":false},"excerpt":{"rendered":"<p>Das Patenprojekt an der Raichberg-Realschule Stuttgart VERANTWORTUNG \u00dcBERNEHMENMITEINANDER IN DER SCHULE LEBENF\u00dcRS LEBEN LERNEN Beim Patenprojekt werden Sch\u00fcler*innen aus der 9. Klassenstufe zu Patinnen und Paten ausgebildet. Als Patinnen und Paten k\u00fcmmern sie sich um die j\u00fcngeren Sch\u00fcler*innen aus den 5. Klassen. Die \u00c4lteren unterst\u00fctzen also J\u00fcngeren, auch als 10.-Kl\u00e4ssler*innen k\u00fcmmern sie sich noch um [&hellip;]<\/p>\n","protected":false},"author":6,"featured_media":0,"parent":0,"menu_order":0,"comment_status":"closed","ping_status":"closed","template":"","meta":{"footnotes":""},"class_list":["post-2038","page","type-page","status-publish"],"_links":{"self":[{"href":"https:\/\/www.raichberg-realschule-stuttgart.de\/index.php?rest_route=\/wp\/v2\/pages\/2038","targetHints":{"allow":["GET"]}}],"collection":[{"href":"https:\/\/www.raichberg-realschule-stuttgart.de\/index.php?rest_route=\/wp\/v2\/pages"}],"about":[{"href":"https:\/\/www.raichberg-realschule-stuttgart.de\/index.php?rest_route=\/wp\/v2\/types\/page"}],"author":[{"embeddable":true,"href":"https:\/\/www.raichberg-realschule-stuttgart.de\/index.php?rest_route=\/wp\/v2\/users\/6"}],"replies":[{"embeddable":true,"href":"https:\/\/www.raichberg-realschule-stuttgart.de\/index.php?rest_route=%2Fwp%2Fv2%2Fcomments&post=2038"}],"version-history":[{"count":3,"href":"https:\/\/www.raichberg-realschule-stuttgart.de\/index.php?rest_route=\/wp\/v2\/pages\/2038\/revisions"}],"predecessor-version":[{"id":2061,"href":"https:\/\/www.raichberg-realschule-stuttgart.de\/index.php?rest_route=\/wp\/v2\/pages\/2038\/revisions\/2061"}],"wp:attachment":[{"href":"https:\/\/www.raichberg-realschule-stuttgart.de\/index.php?rest_route=%2Fwp%2Fv2%2Fmedia&parent=2038"}],"curies":[{"name":"wp","href":"https:\/\/api.w.org\/{rel}","templated":true}]}}