{"id":2176,"date":"2024-01-28T09:54:11","date_gmt":"2024-01-28T08:54:11","guid":{"rendered":"https:\/\/www.raichberg-realschule-stuttgart.de\/?page_id=2176"},"modified":"2025-02-11T12:19:39","modified_gmt":"2025-02-11T11:19:39","slug":"elternsprechtag-2024","status":"publish","type":"page","link":"https:\/\/www.raichberg-realschule-stuttgart.de\/?page_id=2176","title":{"rendered":"Elternsprechtag 2025"},"content":{"rendered":"\n<p>Am Mittwoch, <strong>19.02.2025<\/strong> findet\u00a0<strong>von 16:00 bis 20:00 Uhr<\/strong>\u00a0unser\u00a0<strong>Elternsprechtag<\/strong> statt.<\/p>\n\n\n\n<p>Mehr Informationen hierzu sowie die M\u00f6glichkeit f\u00fcr Anmeldungen folgen in K\u00fcrze. <\/p>\n\n\n\n<figure class=\"wp-block-image size-large\"><a href=\"https:\/\/www.raichberg-realschule-stuttgart.de\/wp-content\/uploads\/2025\/02\/Red-Modern-Parent-Meeting-Facebook-Post-1.png\"><img loading=\"lazy\" decoding=\"async\" width=\"1024\" height=\"1024\" src=\"https:\/\/www.raichberg-realschule-stuttgart.de\/wp-content\/uploads\/2025\/02\/Red-Modern-Parent-Meeting-Facebook-Post-1-1024x1024.png\" alt=\"\" class=\"wp-image-2343\" srcset=\"https:\/\/www.raichberg-realschule-stuttgart.de\/wp-content\/uploads\/2025\/02\/Red-Modern-Parent-Meeting-Facebook-Post-1-1024x1024.png 1024w, https:\/\/www.raichberg-realschule-stuttgart.de\/wp-content\/uploads\/2025\/02\/Red-Modern-Parent-Meeting-Facebook-Post-1-300x300.png 300w, https:\/\/www.raichberg-realschule-stuttgart.de\/wp-content\/uploads\/2025\/02\/Red-Modern-Parent-Meeting-Facebook-Post-1-150x150.png 150w, https:\/\/www.raichberg-realschule-stuttgart.de\/wp-content\/uploads\/2025\/02\/Red-Modern-Parent-Meeting-Facebook-Post-1-768x768.png 768w, https:\/\/www.raichberg-realschule-stuttgart.de\/wp-content\/uploads\/2025\/02\/Red-Modern-Parent-Meeting-Facebook-Post-1.png 1080w\" sizes=\"auto, (max-width: 1024px) 100vw, 1024px\" \/><\/a><\/figure>\n","protected":false},"excerpt":{"rendered":"<p>Am Mittwoch, 19.02.2025 findet\u00a0von 16:00 bis 20:00 Uhr\u00a0unser\u00a0Elternsprechtag statt. Mehr Informationen hierzu sowie die M\u00f6glichkeit f\u00fcr Anmeldungen folgen in K\u00fcrze.<\/p>\n","protected":false},"author":6,"featured_media":0,"parent":0,"menu_order":0,"comment_status":"closed","ping_status":"closed","template":"","meta":{"footnotes":""},"class_list":["post-2176","page","type-page","status-publish"],"_links":{"self":[{"href":"https:\/\/www.raichberg-realschule-stuttgart.de\/index.php?rest_route=\/wp\/v2\/pages\/2176","targetHints":{"allow":["GET"]}}],"collection":[{"href":"https:\/\/www.raichberg-realschule-stuttgart.de\/index.php?rest_route=\/wp\/v2\/pages"}],"about":[{"href":"https:\/\/www.raichberg-realschule-stuttgart.de\/index.php?rest_route=\/wp\/v2\/types\/page"}],"author":[{"embeddable":true,"href":"https:\/\/www.raichberg-realschule-stuttgart.de\/index.php?rest_route=\/wp\/v2\/users\/6"}],"replies":[{"embeddable":true,"href":"https:\/\/www.raichberg-realschule-stuttgart.de\/index.php?rest_route=%2Fwp%2Fv2%2Fcomments&post=2176"}],"version-history":[{"count":2,"href":"https:\/\/www.raichberg-realschule-stuttgart.de\/index.php?rest_route=\/wp\/v2\/pages\/2176\/revisions"}],"predecessor-version":[{"id":2345,"href":"https:\/\/www.raichberg-realschule-stuttgart.de\/index.php?rest_route=\/wp\/v2\/pages\/2176\/revisions\/2345"}],"wp:attachment":[{"href":"https:\/\/www.raichberg-realschule-stuttgart.de\/index.php?rest_route=%2Fwp%2Fv2%2Fmedia&parent=2176"}],"curies":[{"name":"wp","href":"https:\/\/api.w.org\/{rel}","templated":true}]}}