{"id":2276,"date":"2024-11-17T16:04:20","date_gmt":"2024-11-17T15:04:20","guid":{"rendered":"https:\/\/www.raichberg-realschule-stuttgart.de\/?page_id=2276"},"modified":"2024-11-18T20:48:44","modified_gmt":"2024-11-18T19:48:44","slug":"klassenprojekt-miteinander-fuereinander","status":"publish","type":"page","link":"https:\/\/www.raichberg-realschule-stuttgart.de\/?page_id=2276","title":{"rendered":"Klassenprojekt \u201eMiteinander-F\u00fcreinander\u201c"},"content":{"rendered":"\n<p class=\"has-text-align-left\"><strong>PROJEKT: Miteinander-F\u00fcreinander<\/strong><\/p>\n\n\n\n<p class=\"has-text-align-left\"><br>Das Projekt Miteinander-F\u00fcreinander der Raichberg-Realschule Stuttgart ist ein<br>Herzensprojekt, das mit unserer Klasse 6a begann und nun von der 7a<br>fortgef\u00fchrt wird. Es geht darum, generationen\u00fcbergreifende Begegnungen und<br>gemeinsames Lernen zu f\u00f6rdern. Gemeinsam werden Spiele gespielt, es wird<br>gesungen, gelacht und geredet. Es ergeben sich Begegnungen, die Herz und<br>Geist bereichern und generations\u00fcbergreifende Verbindungen schaffen.<br>Durch die regelm\u00e4\u00dfigen Besuche im Altenheim \u00fcbernehmen die Sch\u00fcler der 7a soziale<br>Verantwortung und vertiefen ihr Einf\u00fchlungsverm\u00f6gen. Das Miteinander f\u00f6rdert<br>das Verst\u00e4ndnis f\u00fcr den Wert menschlicher N\u00e4he und zwischenmenschlicher<br>Beziehungen, die in unserer schnelllebigen Zeit oft verloren gehen. Es ist eine<br>Gelegenheit, Br\u00fccken zwischen den Generationen zu bauen und einander<br>besser zu verstehen.<br>In einer Gesellschaft, die immer \u00e4lter wird, zeigt das Projekt, wie wertvoll solche<br>Verbindungen f\u00fcr ein besseres Miteinander und gegenseitige Wertsch\u00e4tzung<br>sein k\u00f6nnen.<br>Ein besonderer Dank gilt Frau Salata aus dem Karl-Olga-Altenheim, der wir<br>dieses Projekt vor allem zu verdanken haben. Ihr Engagement und ihre<br>Unterst\u00fctzung erm\u00f6glichen es, dass die Begegnungen mit den Sch\u00fclern in<br>dieser wertvollen Form stattfinden k\u00f6nnen.<br>Miteinander-F\u00fcreinander ist mehr als nur ein Projekt.<br>Es ist eine Erfahrung, die pr\u00e4gt, Freude bringt und langfristig nachwirkt.<br>Klasse 7a und S. K\u00fclen<\/p>\n\n\n\n<figure class=\"wp-block-image size-large is-resized\"><a href=\"https:\/\/www.raichberg-realschule-stuttgart.de\/wp-content\/uploads\/2024\/11\/203200F8-6D21-49F9-A147-D6FED3DBA4A4.jpeg\"><img loading=\"lazy\" decoding=\"async\" width=\"1024\" height=\"631\" src=\"https:\/\/www.raichberg-realschule-stuttgart.de\/wp-content\/uploads\/2024\/11\/203200F8-6D21-49F9-A147-D6FED3DBA4A4-1024x631.jpeg\" alt=\"\" class=\"wp-image-2277\" style=\"width:1016px;height:auto\" srcset=\"https:\/\/www.raichberg-realschule-stuttgart.de\/wp-content\/uploads\/2024\/11\/203200F8-6D21-49F9-A147-D6FED3DBA4A4-1024x631.jpeg 1024w, https:\/\/www.raichberg-realschule-stuttgart.de\/wp-content\/uploads\/2024\/11\/203200F8-6D21-49F9-A147-D6FED3DBA4A4-300x185.jpeg 300w, https:\/\/www.raichberg-realschule-stuttgart.de\/wp-content\/uploads\/2024\/11\/203200F8-6D21-49F9-A147-D6FED3DBA4A4-768x473.jpeg 768w, https:\/\/www.raichberg-realschule-stuttgart.de\/wp-content\/uploads\/2024\/11\/203200F8-6D21-49F9-A147-D6FED3DBA4A4-1536x947.jpeg 1536w, https:\/\/www.raichberg-realschule-stuttgart.de\/wp-content\/uploads\/2024\/11\/203200F8-6D21-49F9-A147-D6FED3DBA4A4-570x350.jpeg 570w, https:\/\/www.raichberg-realschule-stuttgart.de\/wp-content\/uploads\/2024\/11\/203200F8-6D21-49F9-A147-D6FED3DBA4A4.jpeg 2017w\" sizes=\"auto, (max-width: 1024px) 100vw, 1024px\" \/><\/a><\/figure>\n\n\n\n<figure class=\"wp-block-image size-large is-resized\"><a href=\"https:\/\/www.raichberg-realschule-stuttgart.de\/wp-content\/uploads\/2024\/11\/PHOTO-2024-04-16-10-08-15.jpg\"><img loading=\"lazy\" decoding=\"async\" width=\"1024\" height=\"597\" src=\"https:\/\/www.raichberg-realschule-stuttgart.de\/wp-content\/uploads\/2024\/11\/PHOTO-2024-04-16-10-08-15-1024x597.jpg\" alt=\"\" class=\"wp-image-2283\" style=\"width:1016px;height:auto\" srcset=\"https:\/\/www.raichberg-realschule-stuttgart.de\/wp-content\/uploads\/2024\/11\/PHOTO-2024-04-16-10-08-15-1024x597.jpg 1024w, https:\/\/www.raichberg-realschule-stuttgart.de\/wp-content\/uploads\/2024\/11\/PHOTO-2024-04-16-10-08-15-300x175.jpg 300w, https:\/\/www.raichberg-realschule-stuttgart.de\/wp-content\/uploads\/2024\/11\/PHOTO-2024-04-16-10-08-15-768x448.jpg 768w, https:\/\/www.raichberg-realschule-stuttgart.de\/wp-content\/uploads\/2024\/11\/PHOTO-2024-04-16-10-08-15-1536x896.jpg 1536w, https:\/\/www.raichberg-realschule-stuttgart.de\/wp-content\/uploads\/2024\/11\/PHOTO-2024-04-16-10-08-15.jpg 1649w\" sizes=\"auto, (max-width: 1024px) 100vw, 1024px\" \/><\/a><\/figure>\n\n\n\n<figure class=\"wp-block-image size-large is-resized\"><a href=\"https:\/\/www.raichberg-realschule-stuttgart.de\/wp-content\/uploads\/2024\/11\/FA234FDB-ED28-4AA6-923D-A8F03DACE96D.jpeg\"><img loading=\"lazy\" decoding=\"async\" width=\"861\" height=\"1024\" src=\"https:\/\/www.raichberg-realschule-stuttgart.de\/wp-content\/uploads\/2024\/11\/FA234FDB-ED28-4AA6-923D-A8F03DACE96D-861x1024.jpeg\" alt=\"\" class=\"wp-image-2279\" style=\"width:1016px;height:auto\" srcset=\"https:\/\/www.raichberg-realschule-stuttgart.de\/wp-content\/uploads\/2024\/11\/FA234FDB-ED28-4AA6-923D-A8F03DACE96D-861x1024.jpeg 861w, https:\/\/www.raichberg-realschule-stuttgart.de\/wp-content\/uploads\/2024\/11\/FA234FDB-ED28-4AA6-923D-A8F03DACE96D-252x300.jpeg 252w, https:\/\/www.raichberg-realschule-stuttgart.de\/wp-content\/uploads\/2024\/11\/FA234FDB-ED28-4AA6-923D-A8F03DACE96D-768x914.jpeg 768w, https:\/\/www.raichberg-realschule-stuttgart.de\/wp-content\/uploads\/2024\/11\/FA234FDB-ED28-4AA6-923D-A8F03DACE96D-1291x1536.jpeg 1291w, https:\/\/www.raichberg-realschule-stuttgart.de\/wp-content\/uploads\/2024\/11\/FA234FDB-ED28-4AA6-923D-A8F03DACE96D-1721x2048.jpeg 1721w, https:\/\/www.raichberg-realschule-stuttgart.de\/wp-content\/uploads\/2024\/11\/FA234FDB-ED28-4AA6-923D-A8F03DACE96D.jpeg 1729w\" sizes=\"auto, (max-width: 861px) 100vw, 861px\" \/><\/a><\/figure>\n","protected":false},"excerpt":{"rendered":"<p>PROJEKT: Miteinander-F\u00fcreinander Das Projekt Miteinander-F\u00fcreinander der Raichberg-Realschule Stuttgart ist einHerzensprojekt, das mit unserer Klasse 6a begann und nun von der 7afortgef\u00fchrt wird. Es geht darum, generationen\u00fcbergreifende Begegnungen undgemeinsames Lernen zu f\u00f6rdern. Gemeinsam werden Spiele gespielt, es wirdgesungen, gelacht und geredet. Es ergeben sich Begegnungen, die Herz undGeist bereichern und generations\u00fcbergreifende Verbindungen schaffen.Durch die regelm\u00e4\u00dfigen Besuche [&hellip;]<\/p>\n","protected":false},"author":6,"featured_media":0,"parent":0,"menu_order":0,"comment_status":"closed","ping_status":"closed","template":"","meta":{"footnotes":""},"class_list":["post-2276","page","type-page","status-publish"],"_links":{"self":[{"href":"https:\/\/www.raichberg-realschule-stuttgart.de\/index.php?rest_route=\/wp\/v2\/pages\/2276","targetHints":{"allow":["GET"]}}],"collection":[{"href":"https:\/\/www.raichberg-realschule-stuttgart.de\/index.php?rest_route=\/wp\/v2\/pages"}],"about":[{"href":"https:\/\/www.raichberg-realschule-stuttgart.de\/index.php?rest_route=\/wp\/v2\/types\/page"}],"author":[{"embeddable":true,"href":"https:\/\/www.raichberg-realschule-stuttgart.de\/index.php?rest_route=\/wp\/v2\/users\/6"}],"replies":[{"embeddable":true,"href":"https:\/\/www.raichberg-realschule-stuttgart.de\/index.php?rest_route=%2Fwp%2Fv2%2Fcomments&post=2276"}],"version-history":[{"count":3,"href":"https:\/\/www.raichberg-realschule-stuttgart.de\/index.php?rest_route=\/wp\/v2\/pages\/2276\/revisions"}],"predecessor-version":[{"id":2284,"href":"https:\/\/www.raichberg-realschule-stuttgart.de\/index.php?rest_route=\/wp\/v2\/pages\/2276\/revisions\/2284"}],"wp:attachment":[{"href":"https:\/\/www.raichberg-realschule-stuttgart.de\/index.php?rest_route=%2Fwp%2Fv2%2Fmedia&parent=2276"}],"curies":[{"name":"wp","href":"https:\/\/api.w.org\/{rel}","templated":true}]}}