{"id":2312,"date":"2025-01-16T15:00:09","date_gmt":"2025-01-16T14:00:09","guid":{"rendered":"https:\/\/www.raichberg-realschule-stuttgart.de\/?page_id=2312"},"modified":"2026-03-19T13:47:18","modified_gmt":"2026-03-19T12:47:18","slug":"e-mail-adressen-der-lehrkraefte","status":"publish","type":"page","link":"https:\/\/www.raichberg-realschule-stuttgart.de\/?page_id=2312","title":{"rendered":"E-Mail-Adressen der Lehrer"},"content":{"rendered":"\n<figure class=\"wp-block-table\"><table><tbody><tr><td>Herr Bl\u00e4se<\/td><td class=\"has-text-align-center\" data-align=\"center\">marc.blaese@bw.schule<\/td><\/tr><tr><td>Frau Bublitz <\/td><td class=\"has-text-align-center\" data-align=\"center\">hanni.bublitz@bw.schule<\/td><\/tr><tr><td>Herr Decaro<\/td><td class=\"has-text-align-center\" data-align=\"center\">fabian.decaro@bw.schule<\/td><\/tr><tr><td>Herr Dei\u00dfler<\/td><td class=\"has-text-align-center\" data-align=\"center\">benjamin.deissler@bw.schule<\/td><\/tr><tr><td>Frau Dutt<\/td><td class=\"has-text-align-center\" data-align=\"center\">anjali.dutt@bw.schule<\/td><\/tr><tr><td>Frau Ferchichi<\/td><td class=\"has-text-align-center\" data-align=\"center\">anja.ferchichi@bw.schule<\/td><\/tr><tr><td><\/td><td class=\"has-text-align-center\" data-align=\"center\"><\/td><\/tr><tr><td>Frau Gr\u00fc\u00dfer<\/td><td class=\"has-text-align-center\" data-align=\"center\">franziska.gruesser@bw.schule<\/td><\/tr><tr><td><\/td><td class=\"has-text-align-center\" data-align=\"center\"><\/td><\/tr><tr><td>Herr Hiemer<\/td><td class=\"has-text-align-center\" data-align=\"center\">andre.hiemer@bw.schule<\/td><\/tr><tr><td>Frau Karoly<\/td><td class=\"has-text-align-center\" data-align=\"center\">nadine.karoly@bw.schule<\/td><\/tr><tr><td>Frau Kuhn<\/td><td class=\"has-text-align-center\" data-align=\"center\">kathrin.kuhn@bw.schule<\/td><\/tr><tr><td>Frau K\u00fclen<\/td><td class=\"has-text-align-center\" data-align=\"center\">sara.kuelen@bw.schule<\/td><\/tr><tr><td><\/td><td class=\"has-text-align-center\" data-align=\"center\"><\/td><\/tr><tr><td>Frau Letunica<\/td><td class=\"has-text-align-center\" data-align=\"center\">aneta.letunica@bw.schule<\/td><\/tr><tr><td>Frau Miskovic<\/td><td class=\"has-text-align-center\" data-align=\"center\">ana_viktoria.miskovic@bw.schule<\/td><\/tr><tr><td>Frau Mitterer<\/td><td class=\"has-text-align-center\" data-align=\"center\">tina.mitterer@bw.schule<\/td><\/tr><tr><td>Herr Neumann<\/td><td class=\"has-text-align-center\" data-align=\"center\">michael.neumann@bw.schule<\/td><\/tr><tr><td>Herr Rauchfu\u00df<\/td><td class=\"has-text-align-center\" data-align=\"center\">tim.rauchfuss@bw.schule<\/td><\/tr><tr><td>Frau Seidler<\/td><td class=\"has-text-align-center\" data-align=\"center\">corinna.seidler@bw.schule<\/td><\/tr><tr><td>Frau Sakar<\/td><td class=\"has-text-align-center\" data-align=\"center\">sebil.sakar@bw.schule<\/td><\/tr><tr><td>Herr Schr\u00f6der<\/td><td class=\"has-text-align-center\" data-align=\"center\">daniel.schroeder@bw.schule<\/td><\/tr><tr><td>Frau Schw\u00e4gele<\/td><td class=\"has-text-align-center\" data-align=\"center\">sarah.schwaegele@bw.schule<\/td><\/tr><tr><td>Herr Splietker<\/td><td class=\"has-text-align-center\" data-align=\"center\">peter.splietker@bw.schule<\/td><\/tr><tr><td>Frau Schell<\/td><td class=\"has-text-align-center\" data-align=\"center\">daniela.schell@bw.schule<\/td><\/tr><tr><td>Frau Staiger<\/td><td class=\"has-text-align-center\" data-align=\"center\">baerbel.staiger@bw.schule<\/td><\/tr><tr><td>Frau Tunc<\/td><td class=\"has-text-align-center\" data-align=\"center\">buesra.tunc@bw.schule<\/td><\/tr><tr><td>Herr Ulutas<\/td><td class=\"has-text-align-center\" data-align=\"center\">timo.ulutas@bw.schule<\/td><\/tr><tr><td>Frau V\u00f6hringer <\/td><td class=\"has-text-align-center\" data-align=\"center\">beate.voehringer@bw.schule<\/td><\/tr><tr><td>Herr Vo\u00df<\/td><td class=\"has-text-align-center\" data-align=\"center\">joshua.voss@bw.schule<\/td><\/tr><tr><td>Frau de Vries<\/td><td class=\"has-text-align-center\" data-align=\"center\">irina.vries@bw.schule<\/td><\/tr><tr><td>Frau Winter<\/td><td class=\"has-text-align-center\" data-align=\"center\">alexandra.winter@bw.schule<\/td><\/tr><tr><td>Schulsozialarbeit<\/td><td class=\"has-text-align-center\" data-align=\"center\">raichberg_ssa@awo-stuttgart.de<\/td><\/tr><\/tbody><\/table><\/figure>\n","protected":false},"excerpt":{"rendered":"<p>Herr Bl\u00e4se marc.blaese@bw.schule Frau Bublitz hanni.bublitz@bw.schule Herr Decaro fabian.decaro@bw.schule Herr Dei\u00dfler benjamin.deissler@bw.schule Frau Dutt anjali.dutt@bw.schule Frau Ferchichi anja.ferchichi@bw.schule Frau Gr\u00fc\u00dfer franziska.gruesser@bw.schule Herr Hiemer andre.hiemer@bw.schule Frau Karoly nadine.karoly@bw.schule Frau Kuhn kathrin.kuhn@bw.schule Frau K\u00fclen sara.kuelen@bw.schule Frau Letunica aneta.letunica@bw.schule Frau Miskovic ana_viktoria.miskovic@bw.schule Frau Mitterer tina.mitterer@bw.schule Herr Neumann michael.neumann@bw.schule Herr Rauchfu\u00df tim.rauchfuss@bw.schule Frau Seidler corinna.seidler@bw.schule Frau Sakar sebil.sakar@bw.schule Herr [&hellip;]<\/p>\n","protected":false},"author":6,"featured_media":0,"parent":0,"menu_order":0,"comment_status":"closed","ping_status":"closed","template":"","meta":{"footnotes":""},"class_list":["post-2312","page","type-page","status-publish"],"_links":{"self":[{"href":"https:\/\/www.raichberg-realschule-stuttgart.de\/index.php?rest_route=\/wp\/v2\/pages\/2312","targetHints":{"allow":["GET"]}}],"collection":[{"href":"https:\/\/www.raichberg-realschule-stuttgart.de\/index.php?rest_route=\/wp\/v2\/pages"}],"about":[{"href":"https:\/\/www.raichberg-realschule-stuttgart.de\/index.php?rest_route=\/wp\/v2\/types\/page"}],"author":[{"embeddable":true,"href":"https:\/\/www.raichberg-realschule-stuttgart.de\/index.php?rest_route=\/wp\/v2\/users\/6"}],"replies":[{"embeddable":true,"href":"https:\/\/www.raichberg-realschule-stuttgart.de\/index.php?rest_route=%2Fwp%2Fv2%2Fcomments&post=2312"}],"version-history":[{"count":9,"href":"https:\/\/www.raichberg-realschule-stuttgart.de\/index.php?rest_route=\/wp\/v2\/pages\/2312\/revisions"}],"predecessor-version":[{"id":2701,"href":"https:\/\/www.raichberg-realschule-stuttgart.de\/index.php?rest_route=\/wp\/v2\/pages\/2312\/revisions\/2701"}],"wp:attachment":[{"href":"https:\/\/www.raichberg-realschule-stuttgart.de\/index.php?rest_route=%2Fwp%2Fv2%2Fmedia&parent=2312"}],"curies":[{"name":"wp","href":"https:\/\/api.w.org\/{rel}","templated":true}]}}