{"id":2501,"date":"2025-09-08T12:59:09","date_gmt":"2025-09-08T10:59:09","guid":{"rendered":"https:\/\/www.raichberg-realschule-stuttgart.de\/?page_id=2501"},"modified":"2026-02-18T11:55:49","modified_gmt":"2026-02-18T10:55:49","slug":"lesefoerderkonzept","status":"publish","type":"page","link":"https:\/\/www.raichberg-realschule-stuttgart.de\/?page_id=2501","title":{"rendered":"Lesef\u00f6rderkonzept"},"content":{"rendered":"\n<p><strong>Lesef\u00f6rderkonzept der Raichberg-Realschule Stuttgart<\/strong><\/p>\n\n\n\n<p>Lesen ist eine grundlegende Schl\u00fcsselkompetenz. Sie er\u00f6ffnet den Zugang zu allen F\u00e4chern, erweitert den Wortschatz und bildet die Grundlage f\u00fcr erfolgreiches Lernen. Darum ist es uns besonders wichtig, die Lesekompetenz unserer Sch\u00fclerinnen und Sch\u00fcler systematisch und nachhaltig zu f\u00f6rdern. Unsere Deutsch-Fachschaft hat daf\u00fcr ein umfassendes Konzept erarbeitet, das im Folgenden vorgestellt wird. Der Fokus liegt hierbei auf den Klassen 5 und 6.<\/p>\n\n\n\n<figure class=\"wp-block-table\"><table class=\"has-fixed-layout\"><tbody><tr><td>&nbsp;<strong>5. und 6. Klassen<\/strong>&nbsp;<br>&#8211; Starke Basis: Textprofis<br>&#8211; quop&nbsp;<br>&#8211; Leseband<br>&#8211; Lesemethoden- und strategien<br>&#8211; Bibliotheksbesuch<br>&#8211; ZidS<br>&#8211; Lesewettbewerb<br>&#8211; Lesepaten<\/td><\/tr><\/tbody><\/table><\/figure>\n\n\n\n<p><strong><u>Starke Basis: Textprofis<\/u><\/strong><\/p>\n\n\n\n<p>In den Klassen 5 und 6 arbeiten wir mehrmals in der Woche mit den Textprofis. Insgesamt gibt es vier B\u00e4nde der Textprofis. Mit diesen Arbeitsheften arbeiten die Sch\u00fclerinnen und Sch\u00fcler selbstst\u00e4ndig in Einzel- oder Partnerarbeit. Band 1 trainiert das fl\u00fcssige Lesen, Band 2 das fl\u00fcssige Schreiben. Diese Arbeitshefte kommen in den 5. Klassen zum Einsatz. In Band 3 geht es um das Textverstehen und in Band 4 um das Schreiben von Texten. Diese Ausgaben kommen in der 6. Klasse zum Einsatz.&nbsp;<\/p>\n\n\n\n<p>Weiterf\u00fchrende Informationen:&nbsp;<a href=\"https:\/\/zsl-bw.de\/,Lde\/startseite\/im-fokus\/starke-basis\">https:\/\/zsl-bw.de\/,Lde\/startseite\/im-fokus\/starke-basis<\/a><\/p>\n\n\n\n<figure class=\"wp-block-image size-large\"><a href=\"https:\/\/www.raichberg-realschule-stuttgart.de\/wp-content\/uploads\/2025\/09\/IMG_1641.png\"><img loading=\"lazy\" decoding=\"async\" width=\"1024\" height=\"723\" src=\"https:\/\/www.raichberg-realschule-stuttgart.de\/wp-content\/uploads\/2025\/09\/IMG_1641-1024x723.png\" alt=\"\" class=\"wp-image-2502\" srcset=\"https:\/\/www.raichberg-realschule-stuttgart.de\/wp-content\/uploads\/2025\/09\/IMG_1641-1024x723.png 1024w, https:\/\/www.raichberg-realschule-stuttgart.de\/wp-content\/uploads\/2025\/09\/IMG_1641-300x212.png 300w, https:\/\/www.raichberg-realschule-stuttgart.de\/wp-content\/uploads\/2025\/09\/IMG_1641-768x542.png 768w, https:\/\/www.raichberg-realschule-stuttgart.de\/wp-content\/uploads\/2025\/09\/IMG_1641-1536x1084.png 1536w, https:\/\/www.raichberg-realschule-stuttgart.de\/wp-content\/uploads\/2025\/09\/IMG_1641.png 1859w\" sizes=\"auto, (max-width: 1024px) 100vw, 1024px\" \/><\/a><\/figure>\n\n\n\n<p><strong><u>quop&nbsp;<\/u><\/strong><\/p>\n\n\n\n<p><strong>\u201equop\u201c<\/strong>&nbsp;ist ein wissenschaftlich entwickeltes Diagnose- und F\u00f6rderinstrument, mit dem die Lernentwicklung von Sch\u00fclerinnen und Sch\u00fclern im Lesen erfasst und dokumentiert wird.&nbsp;<br>An unserer Schule wird es in den Klassen 5 und 6&nbsp;<strong>zehnmal im Schuljahr<\/strong>&nbsp;eingesetzt \u2013 wir nennen das bei uns dann \u201equoppen\u201c. Jeder Sch\u00fcler und jede Sch\u00fclerin hat einen eigenen Zugang zur quop-Homepage. Der quop-Test wird digital durchgef\u00fchrt und misst sowohl die Lesezeit als auch die Lesegenauigkeit. Im Folgenden sehen Sie einen beispielhaften Auszug aus einem quop-Test. Die Sch\u00fcler\/innen lesen einen Satz und m\u00fcssen anschlie\u00dfend entscheiden, ob die Aussage richtig oder falsch ist. &nbsp;<\/p>\n\n\n\n<figure class=\"wp-block-image size-large is-resized\"><a href=\"https:\/\/www.raichberg-realschule-stuttgart.de\/wp-content\/uploads\/2025\/09\/IMG_1671.jpg\"><img loading=\"lazy\" decoding=\"async\" width=\"1024\" height=\"570\" src=\"https:\/\/www.raichberg-realschule-stuttgart.de\/wp-content\/uploads\/2025\/09\/IMG_1671-1024x570.jpg\" alt=\"\" class=\"wp-image-2504\" style=\"width:774px;height:auto\" srcset=\"https:\/\/www.raichberg-realschule-stuttgart.de\/wp-content\/uploads\/2025\/09\/IMG_1671-1024x570.jpg 1024w, https:\/\/www.raichberg-realschule-stuttgart.de\/wp-content\/uploads\/2025\/09\/IMG_1671-300x167.jpg 300w, https:\/\/www.raichberg-realschule-stuttgart.de\/wp-content\/uploads\/2025\/09\/IMG_1671-768x428.jpg 768w, https:\/\/www.raichberg-realschule-stuttgart.de\/wp-content\/uploads\/2025\/09\/IMG_1671.jpg 1336w\" sizes=\"auto, (max-width: 1024px) 100vw, 1024px\" \/><\/a><\/figure>\n\n\n\n<p>Weiterf\u00fchrende Informationen:&nbsp;<a href=\"https:\/\/www.quop.de\/de\/start\/\">https:\/\/www.quop.de\/de\/start\/<\/a><\/p>\n\n\n\n<figure class=\"wp-block-image size-large is-resized\"><a href=\"https:\/\/www.raichberg-realschule-stuttgart.de\/wp-content\/uploads\/2025\/09\/IMG_1782-1.jpg\"><img loading=\"lazy\" decoding=\"async\" width=\"1024\" height=\"442\" src=\"https:\/\/www.raichberg-realschule-stuttgart.de\/wp-content\/uploads\/2025\/09\/IMG_1782-1-1024x442.jpg\" alt=\"\" class=\"wp-image-2505\" style=\"width:550px;height:auto\" srcset=\"https:\/\/www.raichberg-realschule-stuttgart.de\/wp-content\/uploads\/2025\/09\/IMG_1782-1-1024x442.jpg 1024w, https:\/\/www.raichberg-realschule-stuttgart.de\/wp-content\/uploads\/2025\/09\/IMG_1782-1-300x130.jpg 300w, https:\/\/www.raichberg-realschule-stuttgart.de\/wp-content\/uploads\/2025\/09\/IMG_1782-1-768x332.jpg 768w, https:\/\/www.raichberg-realschule-stuttgart.de\/wp-content\/uploads\/2025\/09\/IMG_1782-1-1536x664.jpg 1536w, https:\/\/www.raichberg-realschule-stuttgart.de\/wp-content\/uploads\/2025\/09\/IMG_1782-1.jpg 1745w\" sizes=\"auto, (max-width: 1024px) 100vw, 1024px\" \/><\/a><\/figure>\n\n\n\n<p><strong><u>Leseband<\/u><\/strong><\/p>\n\n\n\n<p>Fest im Stundenplan verankert findet bei uns das Leseband statt. Es soll m\u00f6glichst jeden Tag stattfinden und mindestens 20 Minuten umfassen. W\u00e4hrend dieser Zeit wird im Klassenzimmer ausschlie\u00dflich gelesen, entweder lesen die Kinder in eigenen B\u00fcchern weiter oder die Lehrkraft liest ihnen etwas vor.<\/p>\n\n\n\n<p>Weiterf\u00fchrende Informationen:&nbsp;<a href=\"https:\/\/www.das-leseband.de\/das-leseband\/\">https:\/\/www.das-leseband.de\/das-leseband\/<\/a><\/p>\n\n\n\n<p><strong><u>Lesemethoden- und strategien<\/u><\/strong><\/p>\n\n\n\n<p>Bereits in den 5. und 6. Klassen findet ein auf das Lesen bezogenes Methodentraining mit unseren Sch\u00fclerinnen und Sch\u00fclern statt. Hierbei erlernen sie verschiedene \u201eWerkzeuge\u201c f\u00fcr das Lesen. Zu diesen Lesestrategien geh\u00f6ren beispielsweise das \u00dcberfliegen von Texten, das Unterstreichen bzw. Markieren von wichtigen W\u00f6rtern (Schl\u00fcsselw\u00f6rter), das Stellen von W-Fragen an den Text oder das Zusammenfassen von Textabschnitten.<\/p>\n\n\n\n<p>Ebenso kommen in unseren Klassen kooperative Lesemethoden zum Einsatz, zum Beispiel das reziproke Lesen in Gruppen oder Lesetandems in Partnerarbeit.&nbsp;<\/p>\n\n\n\n<p><strong><u>Bibliotheksbesuch<\/u><\/strong><\/p>\n\n\n\n<p>Einmal j\u00e4hrlich besuchen unsere Klassen die Stadtteilbibliothek Stuttgart-Ost. Dabei lernen die Kinder die Bibliothek kennen und k\u00f6nnen sich auf Wunsch einen eigenen Ausweis ausstellen lassen.<\/p>\n\n\n\n<figure class=\"wp-block-image size-large\"><a href=\"https:\/\/www.raichberg-realschule-stuttgart.de\/wp-content\/uploads\/2026\/02\/20251024_100955-scaled.jpg\"><img loading=\"lazy\" decoding=\"async\" width=\"1024\" height=\"576\" src=\"https:\/\/www.raichberg-realschule-stuttgart.de\/wp-content\/uploads\/2026\/02\/20251024_100955-1024x576.jpg\" alt=\"\" class=\"wp-image-2647\" srcset=\"https:\/\/www.raichberg-realschule-stuttgart.de\/wp-content\/uploads\/2026\/02\/20251024_100955-1024x576.jpg 1024w, https:\/\/www.raichberg-realschule-stuttgart.de\/wp-content\/uploads\/2026\/02\/20251024_100955-300x169.jpg 300w, https:\/\/www.raichberg-realschule-stuttgart.de\/wp-content\/uploads\/2026\/02\/20251024_100955-768x432.jpg 768w, https:\/\/www.raichberg-realschule-stuttgart.de\/wp-content\/uploads\/2026\/02\/20251024_100955-1536x864.jpg 1536w, https:\/\/www.raichberg-realschule-stuttgart.de\/wp-content\/uploads\/2026\/02\/20251024_100955-2048x1152.jpg 2048w\" sizes=\"auto, (max-width: 1024px) 100vw, 1024px\" \/><\/a><\/figure>\n\n\n\n<figure class=\"wp-block-image size-large\"><a href=\"https:\/\/www.raichberg-realschule-stuttgart.de\/wp-content\/uploads\/2026\/02\/20251024_100924-scaled.jpg\"><img loading=\"lazy\" decoding=\"async\" width=\"1024\" height=\"576\" src=\"https:\/\/www.raichberg-realschule-stuttgart.de\/wp-content\/uploads\/2026\/02\/20251024_100924-1024x576.jpg\" alt=\"\" class=\"wp-image-2648\" srcset=\"https:\/\/www.raichberg-realschule-stuttgart.de\/wp-content\/uploads\/2026\/02\/20251024_100924-1024x576.jpg 1024w, https:\/\/www.raichberg-realschule-stuttgart.de\/wp-content\/uploads\/2026\/02\/20251024_100924-300x169.jpg 300w, https:\/\/www.raichberg-realschule-stuttgart.de\/wp-content\/uploads\/2026\/02\/20251024_100924-768x432.jpg 768w, https:\/\/www.raichberg-realschule-stuttgart.de\/wp-content\/uploads\/2026\/02\/20251024_100924-1536x864.jpg 1536w, https:\/\/www.raichberg-realschule-stuttgart.de\/wp-content\/uploads\/2026\/02\/20251024_100924-2048x1152.jpg 2048w\" sizes=\"auto, (max-width: 1024px) 100vw, 1024px\" \/><\/a><\/figure>\n\n\n\n<p><strong><u>ZidS<\/u><\/strong><\/p>\n\n\n\n<p>Unsere Klassen nehmen jedes Fr\u00fchjahr am Projekt \u201eZidS &#8211; Zeitschriften in die Schulen\u201c der Stiftung Lesen teil. Dabei erhalten die Kinder aktuelle Magazine und lernen so unterschiedliche Textsorten kennen.<\/p>\n\n\n\n<figure class=\"wp-block-image size-large\"><a href=\"https:\/\/www.raichberg-realschule-stuttgart.de\/wp-content\/uploads\/2025\/09\/threema-20250703-093153251.jpg\"><img loading=\"lazy\" decoding=\"async\" width=\"1024\" height=\"577\" src=\"https:\/\/www.raichberg-realschule-stuttgart.de\/wp-content\/uploads\/2025\/09\/threema-20250703-093153251-1024x577.jpg\" alt=\"\" class=\"wp-image-2506\" srcset=\"https:\/\/www.raichberg-realschule-stuttgart.de\/wp-content\/uploads\/2025\/09\/threema-20250703-093153251-1024x577.jpg 1024w, https:\/\/www.raichberg-realschule-stuttgart.de\/wp-content\/uploads\/2025\/09\/threema-20250703-093153251-300x169.jpg 300w, https:\/\/www.raichberg-realschule-stuttgart.de\/wp-content\/uploads\/2025\/09\/threema-20250703-093153251-768x432.jpg 768w, https:\/\/www.raichberg-realschule-stuttgart.de\/wp-content\/uploads\/2025\/09\/threema-20250703-093153251-1536x865.jpg 1536w, https:\/\/www.raichberg-realschule-stuttgart.de\/wp-content\/uploads\/2025\/09\/threema-20250703-093153251.jpg 1600w\" sizes=\"auto, (max-width: 1024px) 100vw, 1024px\" \/><\/a><\/figure>\n\n\n\n<p>Weiterf\u00fchrende Informationen:&nbsp;<a href=\"https:\/\/www.stiftunglesen.de\/schulportal\/sekundarstufe\/zeitschriften\">https:\/\/www.stiftunglesen.de\/schulportal\/sekundarstufe\/zeitschriften<\/a><\/p>\n\n\n\n<p><strong><u>Lesewettbewerb<\/u><\/strong><\/p>\n\n\n\n<p>Einmal im Schuljahr findet f\u00fcr die Klassen 5 und 6 der Vorlesewettbewerb statt. Hier k\u00f6nnen die Sch\u00fclerinnen und Sch\u00fcler ihre Lesefertigkeiten pr\u00e4sentieren und erleben Lesen als gemeinschaftliches Ereignis.<\/p>\n\n\n\n<p><strong><u>Lesepaten<\/u><\/strong><\/p>\n\n\n\n<p>Nicht nur Lehrkr\u00e4fte lesen unseren Kindern vor, sondern auch Paten der h\u00f6heren Klassen. Beispielsweise gibt es \u00fcber das Patenprojekt die Gelegenheit, dass eine Sch\u00fclerin aus der 9. Klassen einer Kleingruppe von Sch\u00fclern der 5. Klasse ein kleines Buch oder eine kurze Geschichte vorliest. Sch\u00fclerinnen und Sch\u00fcler h\u00f6herer Klassen \u00fcbernehmen also Lesepatenschaften f\u00fcr die J\u00fcngeren. Sie lesen in kleinen Gruppen vor und schaffen so Vorbilder f\u00fcr Lesefreude und Lesekultur.<\/p>\n\n\n\n<p><strong><u>Lesemethoden in allen F\u00e4chern<\/u><\/strong><\/p>\n\n\n\n<p>Die mit unseren Sch\u00fclerinnen und Sch\u00fclern einge\u00fcbten Lesemethoden und -strategien (siehe oben) finden \u00fcber die 5. und 6. Klassenstufe hinaus Anwendung. Die einge\u00fcbten Lesestrategien werden auch in h\u00f6heren Klassenstufen in allen F\u00e4chern angewendet und weiter vertieft.<\/p>\n\n\n\n<p><strong><u>F\u00f6rderung von Wortschatz<\/u><\/strong><\/p>\n\n\n\n<p>Viele unserer Sch\u00fclerinnen und Sch\u00fcler wachsen mehrsprachig auf. Dies sehen wir als Chance und Ressource. Durch gezielte Wortschatzarbeit und Sprachbewusstsein f\u00f6rdern wir die Verbindung zwischen den Sprachen und unterst\u00fctzen so das Verst\u00e4ndnis von Texten.<\/p>\n\n\n\n<p><strong><u>Lesef\u00f6rderung von Jungen<\/u><\/strong><\/p>\n\n\n\n<p>Wir wissen, dass insbesondere Jungen h\u00e4ufig weniger motiviert lesen. Mit speziellen Angeboten und Projekten (zum Beispiel Auswahl passender Texte, sportbezogene Lesef\u00f6rderung) versuchen wir hier gezielt gegenzusteuern.<\/p>\n\n\n\n<figure class=\"wp-block-image size-large\"><a href=\"https:\/\/www.raichberg-realschule-stuttgart.de\/wp-content\/uploads\/2025\/09\/IMG_1715.png\"><img loading=\"lazy\" decoding=\"async\" width=\"1024\" height=\"683\" src=\"https:\/\/www.raichberg-realschule-stuttgart.de\/wp-content\/uploads\/2025\/09\/IMG_1715-1024x683.png\" alt=\"\" class=\"wp-image-2507\" srcset=\"https:\/\/www.raichberg-realschule-stuttgart.de\/wp-content\/uploads\/2025\/09\/IMG_1715-1024x683.png 1024w, https:\/\/www.raichberg-realschule-stuttgart.de\/wp-content\/uploads\/2025\/09\/IMG_1715-300x200.png 300w, https:\/\/www.raichberg-realschule-stuttgart.de\/wp-content\/uploads\/2025\/09\/IMG_1715-768x512.png 768w, https:\/\/www.raichberg-realschule-stuttgart.de\/wp-content\/uploads\/2025\/09\/IMG_1715.png 1536w\" sizes=\"auto, (max-width: 1024px) 100vw, 1024px\" \/><\/a><\/figure>\n","protected":false},"excerpt":{"rendered":"<p>Lesef\u00f6rderkonzept der Raichberg-Realschule Stuttgart Lesen ist eine grundlegende Schl\u00fcsselkompetenz. Sie er\u00f6ffnet den Zugang zu allen F\u00e4chern, erweitert den Wortschatz und bildet die Grundlage f\u00fcr erfolgreiches Lernen. Darum ist es uns besonders wichtig, die Lesekompetenz unserer Sch\u00fclerinnen und Sch\u00fcler systematisch und nachhaltig zu f\u00f6rdern. Unsere Deutsch-Fachschaft hat daf\u00fcr ein umfassendes Konzept erarbeitet, das im Folgenden vorgestellt [&hellip;]<\/p>\n","protected":false},"author":6,"featured_media":0,"parent":0,"menu_order":0,"comment_status":"closed","ping_status":"closed","template":"","meta":{"footnotes":""},"class_list":["post-2501","page","type-page","status-publish"],"_links":{"self":[{"href":"https:\/\/www.raichberg-realschule-stuttgart.de\/index.php?rest_route=\/wp\/v2\/pages\/2501","targetHints":{"allow":["GET"]}}],"collection":[{"href":"https:\/\/www.raichberg-realschule-stuttgart.de\/index.php?rest_route=\/wp\/v2\/pages"}],"about":[{"href":"https:\/\/www.raichberg-realschule-stuttgart.de\/index.php?rest_route=\/wp\/v2\/types\/page"}],"author":[{"embeddable":true,"href":"https:\/\/www.raichberg-realschule-stuttgart.de\/index.php?rest_route=\/wp\/v2\/users\/6"}],"replies":[{"embeddable":true,"href":"https:\/\/www.raichberg-realschule-stuttgart.de\/index.php?rest_route=%2Fwp%2Fv2%2Fcomments&post=2501"}],"version-history":[{"count":2,"href":"https:\/\/www.raichberg-realschule-stuttgart.de\/index.php?rest_route=\/wp\/v2\/pages\/2501\/revisions"}],"predecessor-version":[{"id":2650,"href":"https:\/\/www.raichberg-realschule-stuttgart.de\/index.php?rest_route=\/wp\/v2\/pages\/2501\/revisions\/2650"}],"wp:attachment":[{"href":"https:\/\/www.raichberg-realschule-stuttgart.de\/index.php?rest_route=%2Fwp%2Fv2%2Fmedia&parent=2501"}],"curies":[{"name":"wp","href":"https:\/\/api.w.org\/{rel}","templated":true}]}}