{"id":2523,"date":"2025-09-13T20:26:43","date_gmt":"2025-09-13T18:26:43","guid":{"rendered":"https:\/\/www.raichberg-realschule-stuttgart.de\/?page_id=2523"},"modified":"2026-02-18T12:32:29","modified_gmt":"2026-02-18T11:32:29","slug":"unsere-sponsoren","status":"publish","type":"page","link":"https:\/\/www.raichberg-realschule-stuttgart.de\/?page_id=2523","title":{"rendered":"Sponsoren"},"content":{"rendered":"\n<p>Unsere Sponsoren unterst\u00fctzen die Raichberg-Realschule Stuttgart dabei, unseren Sch\u00fclerinnen und Sch\u00fclern besondere Erlebnisse und Anerkennungen zu erm\u00f6glichen. Ob Sachspenden, Gutscheine, S\u00fc\u00dfigkeiten oder Getr\u00e4nke \u2013 jeder Beitrag hilft, unsere Projekte und Aktionen lebendig zu gestalten.<\/p>\n\n\n\n<p>Ein herzliches Dankesch\u00f6n an alle Unternehmen und Privatpersonen, die uns bereits unterst\u00fctzen!<\/p>\n\n\n\n<figure class=\"wp-block-image size-full is-resized\"><a href=\"https:\/\/www.raichberg-realschule-stuttgart.de\/wp-content\/uploads\/2025\/09\/ostend_logo_50mm_pan300_-_fuer_buchwochen.jpg\"><img loading=\"lazy\" decoding=\"async\" width=\"743\" height=\"645\" src=\"https:\/\/www.raichberg-realschule-stuttgart.de\/wp-content\/uploads\/2025\/09\/ostend_logo_50mm_pan300_-_fuer_buchwochen.jpg\" alt=\"\" class=\"wp-image-2526\" style=\"width:737px;height:auto\" srcset=\"https:\/\/www.raichberg-realschule-stuttgart.de\/wp-content\/uploads\/2025\/09\/ostend_logo_50mm_pan300_-_fuer_buchwochen.jpg 743w, https:\/\/www.raichberg-realschule-stuttgart.de\/wp-content\/uploads\/2025\/09\/ostend_logo_50mm_pan300_-_fuer_buchwochen-300x260.jpg 300w\" sizes=\"auto, (max-width: 743px) 100vw, 743px\" \/><\/a><\/figure>\n\n\n\n<p><a href=\"https:\/\/www.ostendbuch.de\">https:\/\/www.ostendbuch.de<\/a><\/p>\n\n\n\n<h3 class=\"wp-block-heading\">Sie m\u00f6chten uns sponsern?<\/h3>\n\n\n\n<p>Wir freuen uns \u00fcber jede Form der Unterst\u00fctzung \u2013 ob einmalig oder dauerhaft. Als Sponsor profitieren Sie von einer positiven \u00f6ffentlichen Wahrnehmung:<\/p>\n\n\n\n<ul class=\"wp-block-list\">\n<li>Vorstellung Ihres Unternehmens auf unserer Schulhomepage<\/li>\n\n\n\n<li>Logo-Platzierung in Elternbriefen, bei Schulveranstaltungen oder im Schulkalender (Auflage: 420 St\u00fcck)<\/li>\n\n\n\n<li>Sichtbarkeit in der Region Stuttgart<\/li>\n<\/ul>\n\n\n\n<p>Wenn Sie Interesse haben, uns zu unterst\u00fctzen, kontaktieren Sie bitte unser Sekretariat oder unser Lehrkr\u00e4fteteam. Gemeinsam finden wir eine passende M\u00f6glichkeit.<\/p>\n\n\n\n<figure class=\"wp-block-image size-full\"><a href=\"https:\/\/www.raichberg-realschule-stuttgart.de\/wp-content\/uploads\/2025\/09\/ChatGPT-Image-13.-Sept.-2025-21_07_43.png\"><img loading=\"lazy\" decoding=\"async\" width=\"1024\" height=\"1024\" src=\"https:\/\/www.raichberg-realschule-stuttgart.de\/wp-content\/uploads\/2025\/09\/ChatGPT-Image-13.-Sept.-2025-21_07_43.png\" alt=\"\" class=\"wp-image-2530\" srcset=\"https:\/\/www.raichberg-realschule-stuttgart.de\/wp-content\/uploads\/2025\/09\/ChatGPT-Image-13.-Sept.-2025-21_07_43.png 1024w, https:\/\/www.raichberg-realschule-stuttgart.de\/wp-content\/uploads\/2025\/09\/ChatGPT-Image-13.-Sept.-2025-21_07_43-300x300.png 300w, https:\/\/www.raichberg-realschule-stuttgart.de\/wp-content\/uploads\/2025\/09\/ChatGPT-Image-13.-Sept.-2025-21_07_43-150x150.png 150w, https:\/\/www.raichberg-realschule-stuttgart.de\/wp-content\/uploads\/2025\/09\/ChatGPT-Image-13.-Sept.-2025-21_07_43-768x768.png 768w\" sizes=\"auto, (max-width: 1024px) 100vw, 1024px\" \/><\/a><\/figure>\n","protected":false},"excerpt":{"rendered":"<p>Unsere Sponsoren unterst\u00fctzen die Raichberg-Realschule Stuttgart dabei, unseren Sch\u00fclerinnen und Sch\u00fclern besondere Erlebnisse und Anerkennungen zu erm\u00f6glichen. Ob Sachspenden, Gutscheine, S\u00fc\u00dfigkeiten oder Getr\u00e4nke \u2013 jeder Beitrag hilft, unsere Projekte und Aktionen lebendig zu gestalten. Ein herzliches Dankesch\u00f6n an alle Unternehmen und Privatpersonen, die uns bereits unterst\u00fctzen! https:\/\/www.ostendbuch.de Sie m\u00f6chten uns sponsern? Wir freuen uns \u00fcber [&hellip;]<\/p>\n","protected":false},"author":6,"featured_media":0,"parent":0,"menu_order":0,"comment_status":"closed","ping_status":"closed","template":"","meta":{"footnotes":""},"class_list":["post-2523","page","type-page","status-publish"],"_links":{"self":[{"href":"https:\/\/www.raichberg-realschule-stuttgart.de\/index.php?rest_route=\/wp\/v2\/pages\/2523","targetHints":{"allow":["GET"]}}],"collection":[{"href":"https:\/\/www.raichberg-realschule-stuttgart.de\/index.php?rest_route=\/wp\/v2\/pages"}],"about":[{"href":"https:\/\/www.raichberg-realschule-stuttgart.de\/index.php?rest_route=\/wp\/v2\/types\/page"}],"author":[{"embeddable":true,"href":"https:\/\/www.raichberg-realschule-stuttgart.de\/index.php?rest_route=\/wp\/v2\/users\/6"}],"replies":[{"embeddable":true,"href":"https:\/\/www.raichberg-realschule-stuttgart.de\/index.php?rest_route=%2Fwp%2Fv2%2Fcomments&post=2523"}],"version-history":[{"count":4,"href":"https:\/\/www.raichberg-realschule-stuttgart.de\/index.php?rest_route=\/wp\/v2\/pages\/2523\/revisions"}],"predecessor-version":[{"id":2687,"href":"https:\/\/www.raichberg-realschule-stuttgart.de\/index.php?rest_route=\/wp\/v2\/pages\/2523\/revisions\/2687"}],"wp:attachment":[{"href":"https:\/\/www.raichberg-realschule-stuttgart.de\/index.php?rest_route=%2Fwp%2Fv2%2Fmedia&parent=2523"}],"curies":[{"name":"wp","href":"https:\/\/api.w.org\/{rel}","templated":true}]}}