{"id":2608,"date":"2026-01-13T18:10:22","date_gmt":"2026-01-13T17:10:22","guid":{"rendered":"https:\/\/www.raichberg-realschule-stuttgart.de\/?page_id=2608"},"modified":"2026-01-13T18:10:23","modified_gmt":"2026-01-13T17:10:23","slug":"kunst","status":"publish","type":"page","link":"https:\/\/www.raichberg-realschule-stuttgart.de\/?page_id=2608","title":{"rendered":"Kunst"},"content":{"rendered":"\n<p><strong>Collagen: Ausdruck, Vielfalt, Pers\u00f6nlichkeit<\/strong><\/p>\n\n\n\n<p>Im Kunstunterricht der&nbsp;<strong>Klassenstufe 10<\/strong>, unter anderem in der&nbsp;<strong>Klasse 10b<\/strong>, sind eindrucksvolle Collagen entstanden, die die Vielfalt jugendlicher Perspektiven sichtbar machen. Mit Bildern, Fragmenten und Kontrasten setzen sich die Sch\u00fclerinnen und Sch\u00fcler im Alter von 16 und 17 Jahren kreativ mit sich selbst, ihrer Umwelt und ihren Gedanken auseinander.<\/p>\n\n\n\n<p>Collagen bieten Raum f\u00fcr Experimente: f\u00fcr Br\u00fcche und Verbindungen, f\u00fcr Zufall und Entscheidung, f\u00fcr Ordnung und Chaos. Gerade in diesem Alter wird Kunst zu einem Ort, an dem eigene Sichtweisen erprobt, Fragen gestellt und Gef\u00fchle in Bilder \u00fcbersetzt werden k\u00f6nnen. Die entstandenen Arbeiten zeigen Mut zur Individualit\u00e4t, Sinn f\u00fcr \u00c4sthetik und einen bemerkenswerten k\u00fcnstlerischen Ausdruck.<\/p>\n\n\n\n<p>Begleitet wurden die Sch\u00fclerinnen und Sch\u00fcler von unserer neuen Kunstlehrerin&nbsp;<strong>Nadine Karoly<\/strong>, die mit Offenheit, Fachlichkeit und Begeisterung kreative Prozesse angesto\u00dfen und den Blick f\u00fcr Gestaltung gesch\u00e4rft hat. Die Collagen zeugen von gro\u00dfer Vielfalt, pers\u00f6nlicher Handschrift und beeindruckender Kreativit\u00e4t.<\/p>\n\n\n\n<figure class=\"wp-block-image size-large\"><a href=\"https:\/\/www.raichberg-realschule-stuttgart.de\/wp-content\/uploads\/2026\/01\/threema-20251205-114304234.jpg\"><img loading=\"lazy\" decoding=\"async\" width=\"1024\" height=\"1007\" src=\"https:\/\/www.raichberg-realschule-stuttgart.de\/wp-content\/uploads\/2026\/01\/threema-20251205-114304234-1024x1007.jpg\" alt=\"\" class=\"wp-image-2609\" srcset=\"https:\/\/www.raichberg-realschule-stuttgart.de\/wp-content\/uploads\/2026\/01\/threema-20251205-114304234-1024x1007.jpg 1024w, https:\/\/www.raichberg-realschule-stuttgart.de\/wp-content\/uploads\/2026\/01\/threema-20251205-114304234-300x295.jpg 300w, https:\/\/www.raichberg-realschule-stuttgart.de\/wp-content\/uploads\/2026\/01\/threema-20251205-114304234-768x755.jpg 768w, https:\/\/www.raichberg-realschule-stuttgart.de\/wp-content\/uploads\/2026\/01\/threema-20251205-114304234-1536x1510.jpg 1536w, https:\/\/www.raichberg-realschule-stuttgart.de\/wp-content\/uploads\/2026\/01\/threema-20251205-114304234.jpg 1600w\" sizes=\"auto, (max-width: 1024px) 100vw, 1024px\" \/><\/a><\/figure>\n\n\n\n<figure class=\"wp-block-image size-large\"><a href=\"https:\/\/www.raichberg-realschule-stuttgart.de\/wp-content\/uploads\/2026\/01\/threema-20251205-114304466.jpg\"><img loading=\"lazy\" decoding=\"async\" width=\"1024\" height=\"1017\" src=\"https:\/\/www.raichberg-realschule-stuttgart.de\/wp-content\/uploads\/2026\/01\/threema-20251205-114304466-1024x1017.jpg\" alt=\"\" class=\"wp-image-2610\" srcset=\"https:\/\/www.raichberg-realschule-stuttgart.de\/wp-content\/uploads\/2026\/01\/threema-20251205-114304466-1024x1017.jpg 1024w, https:\/\/www.raichberg-realschule-stuttgart.de\/wp-content\/uploads\/2026\/01\/threema-20251205-114304466-300x298.jpg 300w, https:\/\/www.raichberg-realschule-stuttgart.de\/wp-content\/uploads\/2026\/01\/threema-20251205-114304466-150x150.jpg 150w, https:\/\/www.raichberg-realschule-stuttgart.de\/wp-content\/uploads\/2026\/01\/threema-20251205-114304466-768x763.jpg 768w, https:\/\/www.raichberg-realschule-stuttgart.de\/wp-content\/uploads\/2026\/01\/threema-20251205-114304466-1536x1525.jpg 1536w, https:\/\/www.raichberg-realschule-stuttgart.de\/wp-content\/uploads\/2026\/01\/threema-20251205-114304466.jpg 1600w\" sizes=\"auto, (max-width: 1024px) 100vw, 1024px\" \/><\/a><\/figure>\n\n\n\n<figure class=\"wp-block-image size-large\"><a href=\"https:\/\/www.raichberg-realschule-stuttgart.de\/wp-content\/uploads\/2026\/01\/threema-20251205-114304723.jpg\"><img loading=\"lazy\" decoding=\"async\" width=\"1024\" height=\"1020\" src=\"https:\/\/www.raichberg-realschule-stuttgart.de\/wp-content\/uploads\/2026\/01\/threema-20251205-114304723-1024x1020.jpg\" alt=\"\" class=\"wp-image-2611\" srcset=\"https:\/\/www.raichberg-realschule-stuttgart.de\/wp-content\/uploads\/2026\/01\/threema-20251205-114304723-1024x1020.jpg 1024w, https:\/\/www.raichberg-realschule-stuttgart.de\/wp-content\/uploads\/2026\/01\/threema-20251205-114304723-300x300.jpg 300w, https:\/\/www.raichberg-realschule-stuttgart.de\/wp-content\/uploads\/2026\/01\/threema-20251205-114304723-150x150.jpg 150w, https:\/\/www.raichberg-realschule-stuttgart.de\/wp-content\/uploads\/2026\/01\/threema-20251205-114304723-768x765.jpg 768w, https:\/\/www.raichberg-realschule-stuttgart.de\/wp-content\/uploads\/2026\/01\/threema-20251205-114304723-1536x1530.jpg 1536w, https:\/\/www.raichberg-realschule-stuttgart.de\/wp-content\/uploads\/2026\/01\/threema-20251205-114304723.jpg 1600w\" sizes=\"auto, (max-width: 1024px) 100vw, 1024px\" \/><\/a><\/figure>\n\n\n\n<figure class=\"wp-block-image size-large\"><a href=\"https:\/\/www.raichberg-realschule-stuttgart.de\/wp-content\/uploads\/2026\/01\/threema-20251205-114304979.jpg\"><img loading=\"lazy\" decoding=\"async\" width=\"1024\" height=\"1002\" src=\"https:\/\/www.raichberg-realschule-stuttgart.de\/wp-content\/uploads\/2026\/01\/threema-20251205-114304979-1024x1002.jpg\" alt=\"\" class=\"wp-image-2612\" srcset=\"https:\/\/www.raichberg-realschule-stuttgart.de\/wp-content\/uploads\/2026\/01\/threema-20251205-114304979-1024x1002.jpg 1024w, https:\/\/www.raichberg-realschule-stuttgart.de\/wp-content\/uploads\/2026\/01\/threema-20251205-114304979-300x294.jpg 300w, https:\/\/www.raichberg-realschule-stuttgart.de\/wp-content\/uploads\/2026\/01\/threema-20251205-114304979-768x752.jpg 768w, https:\/\/www.raichberg-realschule-stuttgart.de\/wp-content\/uploads\/2026\/01\/threema-20251205-114304979-1536x1503.jpg 1536w, https:\/\/www.raichberg-realschule-stuttgart.de\/wp-content\/uploads\/2026\/01\/threema-20251205-114304979.jpg 1600w\" sizes=\"auto, (max-width: 1024px) 100vw, 1024px\" \/><\/a><\/figure>\n\n\n\n<figure class=\"wp-block-image size-large\"><a href=\"https:\/\/www.raichberg-realschule-stuttgart.de\/wp-content\/uploads\/2026\/01\/threema-20251205-114305212.jpg\"><img loading=\"lazy\" decoding=\"async\" width=\"1024\" height=\"1019\" src=\"https:\/\/www.raichberg-realschule-stuttgart.de\/wp-content\/uploads\/2026\/01\/threema-20251205-114305212-1024x1019.jpg\" alt=\"\" class=\"wp-image-2613\" srcset=\"https:\/\/www.raichberg-realschule-stuttgart.de\/wp-content\/uploads\/2026\/01\/threema-20251205-114305212-1024x1019.jpg 1024w, https:\/\/www.raichberg-realschule-stuttgart.de\/wp-content\/uploads\/2026\/01\/threema-20251205-114305212-300x300.jpg 300w, https:\/\/www.raichberg-realschule-stuttgart.de\/wp-content\/uploads\/2026\/01\/threema-20251205-114305212-150x150.jpg 150w, https:\/\/www.raichberg-realschule-stuttgart.de\/wp-content\/uploads\/2026\/01\/threema-20251205-114305212-768x764.jpg 768w, https:\/\/www.raichberg-realschule-stuttgart.de\/wp-content\/uploads\/2026\/01\/threema-20251205-114305212-1536x1528.jpg 1536w, https:\/\/www.raichberg-realschule-stuttgart.de\/wp-content\/uploads\/2026\/01\/threema-20251205-114305212.jpg 1600w\" sizes=\"auto, (max-width: 1024px) 100vw, 1024px\" \/><\/a><\/figure>\n","protected":false},"excerpt":{"rendered":"<p>Collagen: Ausdruck, Vielfalt, Pers\u00f6nlichkeit Im Kunstunterricht der&nbsp;Klassenstufe 10, unter anderem in der&nbsp;Klasse 10b, sind eindrucksvolle Collagen entstanden, die die Vielfalt jugendlicher Perspektiven sichtbar machen. Mit Bildern, Fragmenten und Kontrasten setzen sich die Sch\u00fclerinnen und Sch\u00fcler im Alter von 16 und 17 Jahren kreativ mit sich selbst, ihrer Umwelt und ihren Gedanken auseinander. Collagen bieten Raum [&hellip;]<\/p>\n","protected":false},"author":6,"featured_media":0,"parent":0,"menu_order":0,"comment_status":"closed","ping_status":"closed","template":"","meta":{"footnotes":""},"class_list":["post-2608","page","type-page","status-publish"],"_links":{"self":[{"href":"https:\/\/www.raichberg-realschule-stuttgart.de\/index.php?rest_route=\/wp\/v2\/pages\/2608","targetHints":{"allow":["GET"]}}],"collection":[{"href":"https:\/\/www.raichberg-realschule-stuttgart.de\/index.php?rest_route=\/wp\/v2\/pages"}],"about":[{"href":"https:\/\/www.raichberg-realschule-stuttgart.de\/index.php?rest_route=\/wp\/v2\/types\/page"}],"author":[{"embeddable":true,"href":"https:\/\/www.raichberg-realschule-stuttgart.de\/index.php?rest_route=\/wp\/v2\/users\/6"}],"replies":[{"embeddable":true,"href":"https:\/\/www.raichberg-realschule-stuttgart.de\/index.php?rest_route=%2Fwp%2Fv2%2Fcomments&post=2608"}],"version-history":[{"count":1,"href":"https:\/\/www.raichberg-realschule-stuttgart.de\/index.php?rest_route=\/wp\/v2\/pages\/2608\/revisions"}],"predecessor-version":[{"id":2614,"href":"https:\/\/www.raichberg-realschule-stuttgart.de\/index.php?rest_route=\/wp\/v2\/pages\/2608\/revisions\/2614"}],"wp:attachment":[{"href":"https:\/\/www.raichberg-realschule-stuttgart.de\/index.php?rest_route=%2Fwp%2Fv2%2Fmedia&parent=2608"}],"curies":[{"name":"wp","href":"https:\/\/api.w.org\/{rel}","templated":true}]}}