{"id":48,"date":"2015-11-24T21:41:35","date_gmt":"2015-11-24T20:41:35","guid":{"rendered":"http:\/\/www.raichberg-realschule-stuttgart.de\/v4\/?page_id=48"},"modified":"2023-03-23T20:39:47","modified_gmt":"2023-03-23T19:39:47","slug":"unser-schulprofil","status":"publish","type":"page","link":"https:\/\/www.raichberg-realschule-stuttgart.de\/?page_id=48","title":{"rendered":"Unser Schulprofil"},"content":{"rendered":"<p><a href=\"https:\/\/www.raichberg-realschule-stuttgart.de\/wp-content\/uploads\/2023\/03\/20230322_084407.jpg\"><img loading=\"lazy\" decoding=\"async\" class=\"alignnone  wp-image-1935\" src=\"https:\/\/www.raichberg-realschule-stuttgart.de\/wp-content\/uploads\/2023\/03\/20230322_084407-300x225.jpg\" alt=\"\" width=\"935\" height=\"701\" srcset=\"https:\/\/www.raichberg-realschule-stuttgart.de\/wp-content\/uploads\/2023\/03\/20230322_084407-300x225.jpg 300w, https:\/\/www.raichberg-realschule-stuttgart.de\/wp-content\/uploads\/2023\/03\/20230322_084407-1024x768.jpg 1024w, https:\/\/www.raichberg-realschule-stuttgart.de\/wp-content\/uploads\/2023\/03\/20230322_084407-768x576.jpg 768w, https:\/\/www.raichberg-realschule-stuttgart.de\/wp-content\/uploads\/2023\/03\/20230322_084407-1536x1152.jpg 1536w, https:\/\/www.raichberg-realschule-stuttgart.de\/wp-content\/uploads\/2023\/03\/20230322_084407-2048x1536.jpg 2048w\" sizes=\"auto, (max-width: 935px) 100vw, 935px\" \/><\/a><\/p>\n<p class=\"td-postheader\">Die Raichberg-Realschule liegt im Stuttgarter Osten. An ihr lernen etwa 400 Sch\u00fcler*innen, die von 30 Lehrkr\u00e4ften unterrichtet und p\u00e4dagogisch begleitet werden. Sie zeichnet sich durch ihr sozial-musisches Profil aus, das sich insbesondere im RAIKO-Angebot ( = RAIchberger KOnzept) widerspiegelt.<\/p>\n<div class=\"td-postcontent\">\n<div class=\"td-article\">\n<h1>Das Leitbild der Raichberg-Realschule<\/h1>\n<p><strong>Im Mittelpunkt steht die F\u00f6rderung der Pers\u00f6nlichkeit junger Menschen.<br \/>\n<\/strong>Wir als Lehrerinnen und Lehrer greifen vorhandene St\u00e4rken unserer Sch\u00fcler*innen auf und f\u00f6rdern sie. Wir sind bestrebt, individuelle Schw\u00e4chen zu erkennen und Hilfestellungen zu bieten, um eigene Wege zu finden.\u00a0Unsere Sch\u00fcler*innen sollen zu selbstbewussten und eigenverantwortlichen Menschen heranwachsen.<\/p>\n<p><strong>Wir begegnen uns mit Respekt und Wertsch\u00e4tzung<br \/>\n<\/strong>Wir wissen, dass alles, was wir sagen und tun, Folgen hat. Deshalb l\u00f6sen wir unsere Streitigkeiten gewaltfrei, erkennen kulturelle Unterschiede und verschiedene Meinungen an. Kritik \u00e4u\u00dfern wir h\u00f6flich und beleidigen niemanden.\u00a0Ein gutes Miteinander erfordert Regeln, an die wir uns alle halten m\u00fcssen.<\/p>\n<p><strong>Wir fordern Lern- und Leistungsbereitschaft<br \/>\n<\/strong>Es ist Ziel unserer Schule, den Sch\u00fcler*innen eine erweiterte allgemeine Bildung und ein vertieftes Grundwissen zu vermitteln. Damit schaffen wir eine Grundlage f\u00fcr praktisch orientierte Berufe mit erh\u00f6hten theoretischen Anforderungen. Die Wissensaneignung an unserer Schule ist verbunden mit der Vermittlung von Methoden und Arbeitstechniken, die Vorraussetzung f\u00fcr ein lebenslanges Lernen sind. Auch das Lernen au\u00dferhalb des traditionellen Unterrichts ist ein wichtiger Bestandteil unseres Schullebens.<\/p>\n<p><strong>Wir begreifen die Schule als Lebensraum<br \/>\n<\/strong>Damit sich alle wohl f\u00fchlen, gestalten wir unser Schulgel\u00e4nde und -geb\u00e4ude ansprechend. Mit Materialien und Einrichtungsgegenst\u00e4nden gehen wir sorgf\u00e4ltig und verantwortlich um.<\/p>\n<p><em>Wir verstehen unser Leitbild als Teil eines Schulentwicklungsprozesses. Aus diesem Grund muss es von allen am Schulleben Beteiligten stets auf seine G\u00fcltigkeit hin \u00fcberpr\u00fcft und weiterentwickelt werden.<\/em><\/p>\n<hr \/>\n<h1>Feste Bestandteile unserer p\u00e4dagogischen Arbeit pr\u00e4gen unser Schulprofil.<\/h1>\n<p>Was macht unsere Schule besonders? Unser Schulleben bietet in jeder Klassenstufe zahlreiche feste Bestandteile wie Klassenfahrten und Projekte, die unsere p\u00e4dagogische Arbeit erg\u00e4nzen und bereichern:<\/p>\n<table border=\"0\">\n<tbody>\n<tr>\n<td>\n<h3>Klassen\u00fcbergreifend<\/h3>\n<ul>\n<li>Kooperatives Lernen als Unterrichtsprinzip in allen Klassen<\/li>\n<li>Durchg\u00e4ngiges Methoden-, Sozial- und Mediencurriculum<\/li>\n<li>Lernfensterwochen zu den Leitperspektiven des Bildungsplans<\/li>\n<li>Lernzeitbetreuung f\u00fcr die Unterstufe Mo \u2013 Do 14.00 \u2013 16.00 Uhr<\/li>\n<li>Paten-Projekt<\/li>\n<li>Zirkus-AG<\/li>\n<li>Theater-AG<\/li>\n<li>Kreativ-AG<\/li>\n<li>Yoga-AG<\/li>\n<li>Schulband und Schulchor<\/li>\n<li>Tanzgruppen<\/li>\n<li>Besondere Aktionen: Wintersporttag, Bundesjugendspiele, Exkursionen<\/li>\n<li>Schulfest und Herbstmarkt<\/li>\n<li>Aktionen der Schulsozialarbeit<\/li>\n<\/ul>\n<\/td>\n<td>\n<h3>Sonstiges<\/h3>\n<ul>\n<li>Inklusion von Sch\u00fcler*innen mit geistigem F\u00f6rdeberdarf in Kooperation mit der Helene-Sch\u00f6ttle-Schule.<\/li>\n<li>Inklusion von Sch\u00fcler*innen mit emotional-sozialem F\u00f6rderbedarf in Kooperation mit der Albert-Schweitzer-Schule<\/li>\n<li>Schulsozialarbeit<\/li>\n<li>Kooperationspartner: Bahn-AG, EnBW, ARGE, Jugendhaus Ost<\/li>\n<li>Infoveranstaltung zur <a href=\"http:\/\/www.spardasurfsafe.de\/\" target=\"_blank\" rel=\"noopener noreferrer\">Sicherheit im Internet<\/a><\/li>\n<li>F\u00f6rderverein<\/li>\n<\/ul>\n<\/td>\n<\/tr>\n<tr>\n<td>\n<h3>Klasse 5<\/h3>\n<ul>\n<li>Schwimmunterricht<\/li>\n<li>Lernzeit<\/li>\n<li>Freie Lesezeit<\/li>\n<li>Patenprojekt<\/li>\n<li>Grundkurs Medienbildung<\/li>\n<li>Theater-AG<\/li>\n<li>Zirkus-AG<\/li>\n<\/ul>\n<\/td>\n<td>\n<h3>Klasse 6<\/h3>\n<ul>\n<li>Schullandheim<\/li>\n<li>Lernzeit<\/li>\n<li>Schwimmunterricht<\/li>\n<li>Freie Lesezeit<\/li>\n<li>Theater-AG<\/li>\n<li>Zirkus-AG<\/li>\n<\/ul>\n<\/td>\n<\/tr>\n<tr>\n<td>\n<h3>Klasse 7<\/h3>\n<ul>\n<li>Freie Lesezeit<\/li>\n<li>Informatik als Wahlfach<\/li>\n<\/ul>\n<\/td>\n<td>\n<h3>Klasse 8<\/h3>\n<ul>\n<li>Berufsorientierung: eine Woche Praktikum<\/li>\n<li>Schullandheim<\/li>\n<li>Profil AC<\/li>\n<li>Projektorientiertes Arbeiten in den Nebenf\u00e4chern<\/li>\n<\/ul>\n<\/td>\n<\/tr>\n<tr>\n<td>\n<h3>Klasse 9<\/h3>\n<ul>\n<li>Berufsorientierung f\u00fcr das M-Niveau: z.B. Planspiel, Bewerbertraining, zus\u00e4tzliche Praktika<\/li>\n<li>Patenprojekt (P\u00e4dagogisch-erzieherische Ausbildung f\u00fcr \u00e4ltere Sch\u00fcler*innen)<\/li>\n<\/ul>\n<\/td>\n<td>\n<h3>Klasse 10<\/h3>\n<ul>\n<li>Lerngang KZ-Gedenkst\u00e4tte Dachau<\/li>\n<li>Studienfahrt Berlin<\/li>\n<li>Pr\u00fcfungsvorbereitungswoche<\/li>\n<\/ul>\n<\/td>\n<\/tr>\n<\/tbody>\n<\/table>\n<\/div>\n<hr \/>\n<h1>Das sozial-musische Profil der Raichberg-Realschule (RAIKO = RAIchberger KOnzept)<\/h1>\n<div class=\"td-article\">\n<p>Die Schule muss sich zunehmend der Herausforderung stellen, soziale Sensibilit\u00e4t als auch konkretes Verhalten im menschlichen Umgang miteinander und soziales Engagement von Jugendlichen im schulischen und au\u00dferschulischen Bereich zu f\u00f6rdern. Daher gibt es seit 1995 an der Raichberg-Realschule die RAIKO-Konzeption f\u00fcr soziales Lernen, die immer wieder an personale Gegebenheiten angepasst wird. Das Ziel dieses Konzeptes ist, soziales Lernen im Schulkonzept zu verankern.<\/p>\n<p>Wir wollen unsere Sch\u00fcler*innen dabei unterst\u00fctzen<\/p>\n<ul>\n<li>herauszufinden, wo ihre besonderen F\u00e4higkeiten liegen,<\/li>\n<li>sich f\u00fcr einen Interessenschwerpunkt zu entscheiden,<\/li>\n<li>eigene L\u00f6sungswege zu finden,<\/li>\n<li>Erfolge und Misserfolge zu erleben und auszuhalten,<\/li>\n<li>Verantwortungsbewusstsein zu entwickeln,<\/li>\n<li>mit anderen zusammenarbeiten und leben zu k\u00f6nnen.<\/li>\n<\/ul>\n<p>Mit unserer Konzeption verfolgen wir zwei Ziele:<\/p>\n<ul>\n<li>die Entfaltung und St\u00e4rkung der Person.<\/li>\n<li>die Erfahrung, dass jeder Einzelne zum Gelingen einer Gemeinschaft beitr\u00e4gt.<\/li>\n<\/ul>\n<p>Darum bieten wir allen unseren Sch\u00fcler*innen folgende Schwerpunkte an:<\/p>\n<ul>\n<li>Musik (Chor, Band, Tanz)<\/li>\n<li>Zirkus<\/li>\n<li>Theater<\/li>\n<li>Sport (Yoga-AG)<\/li>\n<li>Kreativ-AG<\/li>\n<li>Soziale Projektarbeit (Paten)<\/li>\n<\/ul>\n<\/div>\n<\/div>\n<div class=\"td-postcontent\">\n<div class=\"td-article\">\n<hr \/>\n<h1>Berufsorientierung<\/h1>\n<div class=\"td-postcontent\">\n<div class=\"td-article\">\n<p>Als Aufgabe der Realschule werden ab Klasse 5 Kompetenzen f\u00fcr eine zuk\u00fcnftige Berufst\u00e4tigkeit gef\u00f6rdert. In Klasse 8 und 9 finden jeweils ein einw\u00f6chiges Berufspraktikum statt. Darauf werden unsere Sch\u00fcler*innen bestens vorbereitet durch<\/p>\n<ul>\n<li>Erstellen einer Bewerbungsmappe (Lebenslauf)<\/li>\n<li>Bewerbungstraining in Schrift- und Onlineverfahren<\/li>\n<li>Betriebsbesichtigungen<\/li>\n<li>Besuch von Ausbildungsmessen und \u2013b\u00f6rsen.<\/li>\n<\/ul>\n<h2>Unterst\u00fctzung f\u00fcr unsere Sch\u00fclerinnen und Sch\u00fcler der Klassen 8-10<\/h2>\n<p>Frau Br\u00fcmmer unterst\u00fctzt und ber\u00e4t unsere Sch\u00fcler*innen bei der Suche nach einem geeigneten Ausbildungsplatz. Frau Br\u00fcmmer ist Berufsberaterin bei der Arbeitsagentur und ber\u00e4t unsere oberen Jahrg\u00e4nge dabei, sich \u00fcber ihre F\u00e4higkeiten und Kompetenzen klar zu werden. Dabei erstreckt sich ihre Beratung von Tipps f\u00fcr Bewerbungen bis hin zu konkreten Vorschl\u00e4gen \u00fcber Firmen oder weiterf\u00fchrenden Schulen, bei denen sich die Sch\u00fcler*innen bewerben k\u00f6nnen.<\/p>\n<p><a href=\"https:\/\/www.raichberg-realschule-stuttgart.de\/wp-content\/uploads\/2015\/12\/Anmeldebogen-Berufsberatung-PDF.pdf\" target=\"_blank\" rel=\"noopener noreferrer\">Anmeldebogen Berufsberatung PDF herunterladen<\/a><\/p>\n<p>Berufsberaterin Frau\u00a0Yvonne Br\u00fcmmer<\/p>\n<p>Nordbahnhofstr. 30 &#8211; 34<br \/>\n70191 Stuttgart<br \/>\nTel.: 0800 4 5555 00<br \/>\nEmail: <a href=\"mailto:Stuttgart.151-U25@arbeitsagentur.de\">Stuttgart.151-U25@arbeitsagentur.de<br \/>\n<\/a><a href=\"https:\/\/www.arbeitsagentur.de\" target=\"_blank\" rel=\"noopener noreferrer\">https:\/\/www.arbeitsagentur.de<\/a><\/p>\n<hr \/>\n<h4 class=\"title style-scope ytd-video-primary-info-renderer\"><span style=\"color: #000000;\">Infofilm des Kultusministeriums Baden-W\u00fcrttemberg: <\/span><\/h4>\n<h5 class=\"title style-scope ytd-video-primary-info-renderer\"><span style=\"color: #000000;\">Die Realschule. Eine leistungsstarke Schulart.<\/span><\/h5>\n<p><a href=\"https:\/\/www.youtube.com\/watch?v=S9GGA5NucsE\">https:\/\/www.youtube.com\/watch?v=S9GGA5NucsE<\/a><\/p>\n<p>Weiter Informationen zur Realschule:<\/p>\n<p><a href=\"https:\/\/km-bw.de\/,Lde\/startseite\/Schule\/Realschule\">https:\/\/km-bw.de\/,Lde\/startseite\/Schule\/Realschule<\/a><\/p>\n<hr \/>\n<h2>Unsere Kooperationspartner<\/h2>\n<p><strong>Ausbildungsbotschafter<\/strong> der IHK Stuttgart bieten den Sch\u00fcler*innen einen konkreten, praxisnahen Einblick in die Ausbildungszeit. Dadurch werden Kontakte gekn\u00fcpft, Informationen ausgetauscht und Berufsm\u00f6glichkeiten er\u00f6ffnet.<br \/>\n<a href=\"https:\/\/www.stuttgart.ihk24.de\/aus_und_weiterbildung\/Wirtschaft_und_Schule\/Ausbildungsbotschafter2\/Ausbildungsbotschafter\/662658\" target=\"_blank\" rel=\"noopener noreferrer\">https:\/\/www.stuttgart.ihk24.de\/aus_und_weiterbildung\/Wirtschaft_und_Schule\/Ausbildungsbotschafter2\/Ausbildungsbotschafter\/662658<\/a><\/p>\n<p>Als externer Partner ist die <strong>Mobile Jugendarbeit Stuttgart<\/strong> direkter Ansprechpartner f\u00fcr das Onlinebewerbungstraining und das Planspiel im Jugendhaus.<br \/>\n<a href=\"http:\/\/www.mobile-jugendarbeit-stuttgart.de\/\" target=\"_blank\" rel=\"noopener noreferrer\">http:\/\/www.mobile-jugendarbeit-stuttgart.de\/<\/a><\/p>\n<p>Die <strong>Barmer GEK<\/strong> unterst\u00fctzt die Sch\u00fcler*innen bei Fragen rund um das Bewerbungsverfahren und f\u00fchrt erste Rollenspiele zum Vorstellunggespr\u00e4ch durch.<br \/>\n<a href=\"https:\/\/www.barmer-gek.de\/\" target=\"_blank\" rel=\"noopener noreferrer\">https:\/\/www.barmer-gek.de\/<\/a><\/p>\n<p>Seit Beginn des Schuljahres 2010\/2011 ist unsere Schule mit der <strong>DB Netze AG<\/strong> eine neue Ausbildungspartnerschaft eingegangen.<br \/>\nDie Deutsche Bahn bietet interessante Ausbildungsstellen f\u00fcr junge Menschen an, arbeitet mit unserer Schule zusammen und erm\u00f6glicht auch den Zugang zu einem Praktikum.<br \/>\n<a href=\"http:\/\/fahrweg.dbnetze.com\/fahrweg-de\/start\/\" target=\"_blank\" rel=\"noopener noreferrer\">http:\/\/fahrweg.dbnetze.com\/fahrweg-de\/start\/<\/a><\/p>\n<p>Seit dem Schuljahr 2013 besteht eine Partnerschaft mit der <strong>EnBW<\/strong>. Unter dem folgenden Link befinden sich weitere Informationen:<br \/>\n<a href=\"http:\/\/www.enbw.com\/ausbildung\" target=\"_blank\" rel=\"noopener noreferrer\">http:\/\/www.enbw.com\/ausbildung<\/a><\/p>\n<\/div>\n<\/div>\n<\/div>\n<\/div>\n","protected":false},"excerpt":{"rendered":"<p>Die Raichberg-Realschule liegt im Stuttgarter Osten. An ihr lernen etwa 400 Sch\u00fcler*innen, die von 30 Lehrkr\u00e4ften unterrichtet und p\u00e4dagogisch begleitet werden. Sie zeichnet sich durch ihr sozial-musisches Profil aus, das sich insbesondere im RAIKO-Angebot ( = RAIchberger KOnzept) widerspiegelt. Das Leitbild der Raichberg-Realschule Im Mittelpunkt steht die F\u00f6rderung der Pers\u00f6nlichkeit junger Menschen. Wir als Lehrerinnen [&hellip;]<\/p>\n","protected":false},"author":4,"featured_media":0,"parent":0,"menu_order":0,"comment_status":"closed","ping_status":"closed","template":"","meta":{"footnotes":""},"class_list":["post-48","page","type-page","status-publish"],"_links":{"self":[{"href":"https:\/\/www.raichberg-realschule-stuttgart.de\/index.php?rest_route=\/wp\/v2\/pages\/48","targetHints":{"allow":["GET"]}}],"collection":[{"href":"https:\/\/www.raichberg-realschule-stuttgart.de\/index.php?rest_route=\/wp\/v2\/pages"}],"about":[{"href":"https:\/\/www.raichberg-realschule-stuttgart.de\/index.php?rest_route=\/wp\/v2\/types\/page"}],"author":[{"embeddable":true,"href":"https:\/\/www.raichberg-realschule-stuttgart.de\/index.php?rest_route=\/wp\/v2\/users\/4"}],"replies":[{"embeddable":true,"href":"https:\/\/www.raichberg-realschule-stuttgart.de\/index.php?rest_route=%2Fwp%2Fv2%2Fcomments&post=48"}],"version-history":[{"count":37,"href":"https:\/\/www.raichberg-realschule-stuttgart.de\/index.php?rest_route=\/wp\/v2\/pages\/48\/revisions"}],"predecessor-version":[{"id":1939,"href":"https:\/\/www.raichberg-realschule-stuttgart.de\/index.php?rest_route=\/wp\/v2\/pages\/48\/revisions\/1939"}],"wp:attachment":[{"href":"https:\/\/www.raichberg-realschule-stuttgart.de\/index.php?rest_route=%2Fwp%2Fv2%2Fmedia&parent=48"}],"curies":[{"name":"wp","href":"https:\/\/api.w.org\/{rel}","templated":true}]}}