{"id":53,"date":"2015-11-24T21:46:07","date_gmt":"2015-11-24T20:46:07","guid":{"rendered":"http:\/\/www.raichberg-realschule-stuttgart.de\/v4\/?page_id=53"},"modified":"2026-01-13T17:56:40","modified_gmt":"2026-01-13T16:56:40","slug":"eltern","status":"publish","type":"page","link":"https:\/\/www.raichberg-realschule-stuttgart.de\/?page_id=53","title":{"rendered":"Eltern"},"content":{"rendered":"<h2><strong>Nutzung des Dienstes WebUntis f\u00fcr Eltern<\/strong><\/h2>\n<p>Seit einigen Monaten schon nutzen wir als Schule das Programm WebUntis, um den aktuellen Stundenplan einsehen zu k\u00f6nnen. Nun haben wir auch eine Nutzung des Dienstes f\u00fcr Eltern eingerichtet.<\/p>\n<p><strong>Anleitung: Elternbenutzer in WebUntis<\/strong><\/p>\n<p>Als Erziehungsberechtigter k\u00f6nnen Sie sich bei unserem Stundenplanprogramm WebUntis selbst registrieren, um auf den Stundenplan Ihres Kindes zuzugreifen.<\/p>\n<p>Folgen Sie zur Registrierung bitte der folgenden Anleitung:<\/p>\n<div class=\"wp-block-file\"><a href=\"https:\/\/www.raichberg-realschule-stuttgart.de\/wp-content\/uploads\/2022\/10\/Anleitung-Selbstregistrierung.pdf\">Anleitung-Selbstregistrierung<\/a><a class=\"wp-block-file__button\" href=\"https:\/\/www.raichberg-realschule-stuttgart.de\/wp-content\/uploads\/2022\/10\/Anleitung-Selbstregistrierung.pdf\" download=\"\">Herunterladen<\/a><\/div>\n<p>Link zu WebUnits:<\/p>\n<p><a href=\"https:\/\/kephiso.webuntis.com\/\" target=\"_blank\" rel=\"noopener noreferrer\">https:\/\/kephiso.webuntis.com\/<\/a><\/p>\n<h2><strong>Formulare und Infos<\/strong> zum Herunterladen:<\/h2>\n<ul>\n<li style=\"list-style-type: none;\">\n<ul>\n<li><a href=\"https:\/\/www.raichberg-realschule-stuttgart.de\/wp-content\/uploads\/2015\/11\/Anmeldung-Lernzeit.pdf\" target=\"_blank\" rel=\"noopener noreferrer\">Anmeldung Lernzeit<\/a><\/li>\n<li><a href=\"https:\/\/www.raichberg-realschule-stuttgart.de\/wp-content\/uploads\/2026\/01\/Anmeldeformular-Kl.-5-SJ-2026-27.pdf\">Anmeldeformular Klasse 5 SJ 2026-27<\/a><\/li>\n<li><a href=\"https:\/\/www.raichberg-realschule-stuttgart.de\/wp-content\/uploads\/2026\/01\/Anmeldeformular-Kl.-6-10-2025-26.pdf\">Anmeldeformular Klasse 6 &#8211; 10 2025-26<\/a><\/li>\n<\/ul>\n<\/li>\n<\/ul>\n<p><strong>Bitte melden Sie sich f\u00fcr ein pers\u00f6nliches Anmeldegespr\u00e4ch vorher telefonisch oder per E-Mail an. Kommen Sie auf keinen Fall &#8222;einfach vorbei&#8220;. Sie m\u00fcssen vorher einen Termin mit der Schulleitung vereinbart haben.<\/strong><\/p>\n<h3>F\u00fcr die Schulanmeldung Ihres Kindes ben\u00f6tigen Sie folgende Unterlagen:<\/h3>\n<ul class=\"rich-text block-editor-rich-text__editable\" role=\"textbox\" contenteditable=\"true\" aria-multiline=\"true\" aria-label=\"Schreibe eine Liste\u2026\">\n<li><strong data-rich-text-format-boundary=\"true\">Geburtsurkunde Ihres Kindes oder einen g\u00fcltigen Pass.<\/strong><\/li>\n<li><strong>Grundschulempfehlung (Blatt 3 und 4) f\u00fcr die weiterf\u00fchrende Schule (nur im Original g\u00fcltig).<\/strong><\/li>\n<li><strong>Vollst\u00e4ndig ausgef\u00fclltes Anmeldeformular.<\/strong><\/li>\n<li><strong>Falls Sie in Besitz einer BonusCard sind , eine Kopie.<\/strong><\/li>\n<li><strong>Sofern Sie als ein Elternteil die Anmeldung alleine vornehmen m\u00f6chten, eine Vollmacht bzw. Unterschrift \u00a0des zweiten Elternteils auf dem Anmeldeformular.<\/strong><\/li>\n<li><strong>Nachweis zur Masernimpfung oder \u00e4rztliches Attest.<\/strong><\/li>\n<\/ul>\n<h2>Nachmittagsangebot: Lernzeit<\/h2>\n<div class=\"td-postcontent\">\n<div class=\"td-article\">Die Sch\u00fcler der Unterstufe k\u00f6nnen nachmittags freiwillig an der &#8222;Lernzeit&#8220; teilzunehmen. Die Lernzeitfindet von Montag bis Donnerstag von 14.00 bis 16.00 Uhr statt. Sie wird von angestellten Mitarbeiterinnen und Sch\u00fcler\/innen betreut.<br \/>\nDie freiwilligen Angebote m\u00fcssen von den Eltern zu einem einheitlichen Satz von 0,83 \u20ac pro Stunde bezahlt werden (wird zum 01.09.2016 auf 0,93 \u20ac erh\u00f6ht). Erm\u00e4\u00dfigungen werden nach Anzahl der im Haushalt lebenden KInder unter 18 Jahre, Besitz einer Familiencard oder Bonuscard \u00a0gew\u00e4hrt. Die Anmeldung erfolgt am Anfang des Schuljahres \u00fcber ein entsprechendes Anmeldeformular.<br \/>\nNach der Anmeldung ist der Besuch der Lernzeit verpflichtend.<\/div>\n<div>Das Anmeldeformular f\u00fcr die Lernzeit finden Sie oben.<\/div>\n<h2>Wo finde ich Hilfe bei Schwierigkeiten?<\/h2>\n<p>Sch\u00fcler\/innen jeden Alters haben sowohl in der Schule als auch zuhause h\u00e4ufig mit einigen Schwierigkeiten zu k\u00e4mpfen.\u00a0Unter dem untenstehenden Link finden Sie eine \u00dcbersicht \u00fcber verschiedene Beratungsstellen, die sich mit den Themen Mobbing, Lernschwierigkeiten, Erziehung und Familie sowie finanziellen Sorgen befassen. Dort haben Sie und Ihre Kinder die M\u00f6glichkeit, sich von professionellen Beratern unterst\u00fctzen zu lassen.<\/p>\n<p><a href=\"https:\/\/www.studienkreis.de\/infothek\/bundeslandinfos\/schulberatung\/stuttgart\/\">Schulberatungsstellen in Stuttgart<\/a><\/p>\n<\/div>\n<h2>Wie entschuldige ich mein Kind?<\/h2>\n<p>Bitte denken Sie daran, dass bei jeder Fehlzeit Unterricht verpasst wird! Dieser muss selbstst\u00e4ndig nachgeholt werden.<\/p>\n<ul>\n<li>Bitte rufen Sie im Sekretariat an, wenn Ihr Kind nicht in die Schule kommen kann.<\/li>\n<li>Fehltage und Fehlstunden m\u00fcssen sp\u00e4testens am 3. Tag schriftlich entschuldigt werden, ansonsten wird die Fehlzeit nicht entschuldigt. Der Unterrichtsstoff muss selbstst\u00e4ndig nachgeholt werden.<br \/>\nBeispiel: Montag krank \u2192 Die Entschuldigung muss sp\u00e4testens am Mittwoch schriftlich angekommen sein.<\/li>\n<li>Bei einer Erkrankung w\u00e4hrend des Unterrichts erh\u00e4lt ihr Kind ein Formblatt (Laufzettel), das es ausgef\u00fcllt und unterschrieben an die Klassenlehrer zur\u00fcckgeben muss. Der vers\u00e4umte Unterrichtsstoff muss in jedem Fall selbstst\u00e4ndig nachgeholt werden.<\/li>\n<li>Arzttermine sind grunds\u00e4tzlich in die schulfreie Zeit (nachmittags) zu legen. F\u00e4llt ein Arztbesuch aus einem wichtigen Grund auf die Schulzeit, so muss diese Fehlzeit rechtzeitig vorher vom Klassenlehrer genehmigt werden.<\/li>\n<li>Atteste vom Arzt sind nur g\u00fcltig, wenn sie diese auf der R\u00fcckseite unterschrieben haben. Ein Attest kann au\u00dferdem nur ein Arzt ausstellen. Eine Arztbesuchsbescheinung ist kein Attest!<\/li>\n<li>Fehlt ihr Kind an einer Klassenarbeit unentschuldigt, kann die Klassenarbeit mit der Note 6 bewertet werden!<\/li>\n<li>Unp\u00fcnktlichkeit (vor allem in der 1. Stunde) wird generell nur ausnahmsweise entschuldigt (das hei\u00dft es kommt sonst nicht vor).<\/li>\n<li>H\u00e4uft sich entschuldigtes Fehlen, kann im Rahmen einer Klassenkonferenz eine \u00e4rztliche Attestpflicht verh\u00e4ngt werden.<\/li>\n<\/ul>\n<p>H\u00e4ufiges unentschuldigtes Fehlen kann beim Ordnungsamt als Verletzung der Schulbesuchspflicht anzeigt werden. Darauf folgt in der Regel ein Bu\u00dfgeld.Diese Handlungsweise empfiehlt auch das \u201eB\u00fcndnis f\u00fcr Erziehung\u201c zwischen den Schulen, der Stadt und der Polizei.<\/p>\n","protected":false},"excerpt":{"rendered":"<p>Nutzung des Dienstes WebUntis f\u00fcr Eltern Seit einigen Monaten schon nutzen wir als Schule das Programm WebUntis, um den aktuellen Stundenplan einsehen zu k\u00f6nnen. Nun haben wir auch eine Nutzung des Dienstes f\u00fcr Eltern eingerichtet. Anleitung: Elternbenutzer in WebUntis Als Erziehungsberechtigter k\u00f6nnen Sie sich bei unserem Stundenplanprogramm WebUntis selbst registrieren, um auf den Stundenplan Ihres [&hellip;]<\/p>\n","protected":false},"author":4,"featured_media":0,"parent":0,"menu_order":0,"comment_status":"closed","ping_status":"closed","template":"","meta":{"footnotes":""},"class_list":["post-53","page","type-page","status-publish"],"_links":{"self":[{"href":"https:\/\/www.raichberg-realschule-stuttgart.de\/index.php?rest_route=\/wp\/v2\/pages\/53","targetHints":{"allow":["GET"]}}],"collection":[{"href":"https:\/\/www.raichberg-realschule-stuttgart.de\/index.php?rest_route=\/wp\/v2\/pages"}],"about":[{"href":"https:\/\/www.raichberg-realschule-stuttgart.de\/index.php?rest_route=\/wp\/v2\/types\/page"}],"author":[{"embeddable":true,"href":"https:\/\/www.raichberg-realschule-stuttgart.de\/index.php?rest_route=\/wp\/v2\/users\/4"}],"replies":[{"embeddable":true,"href":"https:\/\/www.raichberg-realschule-stuttgart.de\/index.php?rest_route=%2Fwp%2Fv2%2Fcomments&post=53"}],"version-history":[{"count":65,"href":"https:\/\/www.raichberg-realschule-stuttgart.de\/index.php?rest_route=\/wp\/v2\/pages\/53\/revisions"}],"predecessor-version":[{"id":2599,"href":"https:\/\/www.raichberg-realschule-stuttgart.de\/index.php?rest_route=\/wp\/v2\/pages\/53\/revisions\/2599"}],"wp:attachment":[{"href":"https:\/\/www.raichberg-realschule-stuttgart.de\/index.php?rest_route=%2Fwp%2Fv2%2Fmedia&parent=53"}],"curies":[{"name":"wp","href":"https:\/\/api.w.org\/{rel}","templated":true}]}}