{"id":57,"date":"2015-11-24T21:56:05","date_gmt":"2015-11-24T20:56:05","guid":{"rendered":"http:\/\/www.raichberg-realschule-stuttgart.de\/v4\/?page_id=57"},"modified":"2025-07-14T13:26:24","modified_gmt":"2025-07-14T11:26:24","slug":"impressum","status":"publish","type":"page","link":"https:\/\/www.raichberg-realschule-stuttgart.de\/?page_id=57","title":{"rendered":"Impressum"},"content":{"rendered":"<div class=\"td-postcontent\">\n<div class=\"td-article\">\n<p>Raichberg-Realschule Stuttgart<br \/>\nSch\u00f6nb\u00fchlstr. 90<br \/>\n70188 Stuttgart<\/p>\n<p>Telefon: 0711\/21633550<br \/>\nFax: 0711\/21633551<\/p>\n<p><strong>Schulleitung:<\/strong> Frau Beate V\u00f6hringer, Herr Benjamin Dei\u00dfler<\/p>\n<p><strong>Diensteanbieter<\/strong> der Schulhomepage: Stadt Stuttgart<\/p>\n<\/div>\n<p>Datenschutz:<\/p>\n<p><strong>Datenschutzerkl\u00e4rung<\/strong><\/p>\n<p style=\"font-weight: 400;\"><strong><u>Verantwortlicher und Datenschutzbeauftragter<\/u><\/strong><\/p>\n<p style=\"font-weight: 400;\">Verantwortlicher gem. Art. 4 Abs. 7 EU-Datenschutz-Grundverordnung (EU-DSGVO) ist Frau Beate V\u00f6hringer, Schulleitung an der Raichberg-Realschule Stuttgart, Sch\u00f6nb\u00fchlstra\u00dfe 90, 70188 Stuttgart.<\/p>\n<p>Unseren Datenschutzbeauftragten erreichen Sie unter der E-Mail: datenschutz@ssa-s.kv.bwl.de<\/p>\n<p>Anschrift: Beh\u00f6rdlicher Datenschutzbeauftragter, Staatliches Schulamt Stuttgart, Bebelstra\u00dfe 48, 70193 Stuttgart<\/p>\n<p style=\"font-weight: 400;\"><strong><u>Informationen \u00fcber die Erhebung personenbezogener Daten, Speicherdauer<\/u><\/strong><\/p>\n<p style=\"font-weight: 400;\">Im Folgenden informieren wir \u00fcber die Erhebung personenbezogener Daten bei Nutzung unserer Website. Personenbezogene Daten sind alle Daten, die auf Sie pers\u00f6nlich beziehbar sind, z. B. Name, Adresse, E-Mail-Adressen, Nutzerverhalten.<\/p>\n<p style=\"font-weight: 400;\">Bei Ihrer Kontaktaufnahme mit uns per E-Mail oder \u00fcber ein Kontaktformular werden die von Ihnen mitgeteilten Daten (Ihre E-Mail-Adresse, ggf. Ihr Name und Ihre Telefonnummer) von uns gespeichert, um Ihre Fragen zu beantworten. Die in diesem Zusammenhang anfallenden Daten l\u00f6schen wir, nachdem die Speicherung nicht mehr erforderlich ist, oder schr\u00e4nken die Verarbeitung ein, falls gesetzliche Aufbewahrungspflichten bestehen.<\/p>\n<p style=\"font-weight: 400;\">Falls wir f\u00fcr einzelne Funktionen unseres Angebots auf beauftragte Dienstleister zur\u00fcckgreifen oder Ihre Daten f\u00fcr werbliche Zwecke nutzen m\u00f6chten, werden wir Sie untenstehend im Detail \u00fcber die jeweiligen Vorg\u00e4nge informieren. Dabei nennen wir auch die festgelegten Kriterien der Speicherdauer.<\/p>\n<p style=\"font-weight: 400;\"><strong><u>Ihre Rechte<\/u><\/strong><\/p>\n<p style=\"font-weight: 400;\">Sie haben gegen\u00fcber uns folgende Rechte hinsichtlich der Sie betreffenden personenbezogenen Daten:<\/p>\n<ul style=\"font-weight: 400;\">\n<li>Recht auf Auskunft,<\/li>\n<li>Recht auf Berichtigung oder L\u00f6schung,<\/li>\n<li>Recht auf Einschr\u00e4nkung der Verarbeitung,<\/li>\n<li>Recht auf Widerspruch gegen die Verarbeitung,<\/li>\n<li>Recht auf Daten\u00fcbertragbarkeit.<\/li>\n<\/ul>\n<p style=\"font-weight: 400;\">Sie haben zudem das Recht, sich bei einer Datenschutz-Aufsichtsbeh\u00f6rde \u00fcber die Verarbeitung Ihrer personenbezogenen Daten durch uns zu beschweren. Die Datenschutzaufsichtsbeh\u00f6rde ist der Landesbeauftragte f\u00fcr den Datenschutz und die Informationsfreiheit (LfDI), Lautenschlagerstra\u00dfe 20, 70173 Stuttgart.<\/p>\n<p style=\"font-weight: 400;\">Werden personenbezogene Daten an ein Drittland oder an eine internationale Organisation \u00fcbermittelt, so haben Sie das Recht, \u00fcber die geeigneten Garantien gem\u00e4\u00df Art. 46 EU-DSGVO im Zusammenhang mit der \u00dcbermittlung unterrichtet zu werden.<\/p>\n<p style=\"font-weight: 400;\"><strong><u>Erhebung und Zweck personenbezogener Daten bei Besuch unserer Website<\/u><\/strong><\/p>\n<p style=\"font-weight: 400;\">Bei der blo\u00df informatorischen Nutzung der Website, also wenn Sie sich nicht registrieren oder uns anderweitig Informationen \u00fcbermitteln, erheben wir nur die personenbezogenen Daten, die Ihr Browser an unseren Server \u00fcbermittelt. Wenn Sie unsere Website betrachten m\u00f6chten, erheben wir die folgenden Daten, die f\u00fcr uns technisch erforderlich sind, um Ihnen unsere Website anzuzeigen und die Stabilit\u00e4t und Sicherheit zu gew\u00e4hrleisten (Rechtsgrundlage ist Art. 6 Abs. 1 S. 1 lit. f EU-DSGVO):<\/p>\n<ul style=\"font-weight: 400;\">\n<li>IP-Adresse<\/li>\n<li>Datum und Uhrzeit der Anfrage<\/li>\n<li>Zeitzonendifferenz zur Greenwich Mean Time (GMT)<\/li>\n<li>Inhalt der Anforderung (konkrete Seite)<\/li>\n<li>Zugriffsstatus\/HTTP-Statuscode<\/li>\n<li>jeweils \u00fcbertragene Datenmenge<\/li>\n<li>Website, von der die Anforderung kommt<\/li>\n<li>Browser<\/li>\n<li>Betriebssystem und dessen Oberfl\u00e4che<\/li>\n<li>Sprache und Version der Browsersoftware<\/li>\n<\/ul>\n<p style=\"font-weight: 400;\">Zus\u00e4tzlich zu den zuvor genannten Daten k\u00f6nnen auf unseren Websites ggf. weitere Daten erhoben werden, die Sie selbst freiwillig in Formulare eingeben.<\/p>\n<ol>\n<li>Mitteilungen \u00fcber Kontakt- oder Bestellformulare auf der Website werden nicht verschl\u00fcsselt. Ohne Verschl\u00fcsselung ist die Kenntnisnahme durch Dritte nicht ausgeschlossen. Diese Formulare eignen sich daher nicht f\u00fcr die \u00dcbermittlung schutzbed\u00fcrftiger personenbezogener Angaben.<\/li>\n<li>Bei Erfassungen \u00fcber das Online-Formulare-Tool der Kultusverwaltung (Umfragen, Anmeldungen zu Veranstaltungen, etc.) werden Ihre Daten verschl\u00fcsselt \u00fcbertragen und nur zum vorgesehenen Zweck erfasst, gespeichert und verarbeitet. \u00a0Nach Erf\u00fcllung des vorgesehenen Zwecks werden die Daten gel\u00f6scht.<\/li>\n<\/ol>\n<p style=\"font-weight: 400;\"><strong><u>Einsatz von Cookies<\/u><\/strong><\/p>\n<p style=\"font-weight: 400;\">Zus\u00e4tzlich zu den zuvor genannten Daten werden bei Ihrer Nutzung unserer Website Cookies auf Ihrem Rechner gespeichert. Bei Cookies handelt es sich um kleine Textdateien, die auf Ihrer Festplatte dem von Ihnen verwendeten Browser zugeordnet gespeichert werden und durch welche der Stelle, die den Cookie setzt (hier durch uns), bestimmte Informationen zuflie\u00dfen. Cookies k\u00f6nnen keine Programme ausf\u00fchren oder Viren auf Ihren Computer \u00fcbertragen. Sie dienen dazu, das Internetangebot insgesamt nutzerfreundlicher und effektiver zu machen.<\/p>\n<p style=\"font-weight: 400;\">Diese Website nutzt folgende Arten von Cookies, deren Umfang und Funktionsweise im Folgenden erl\u00e4utert werden:<\/p>\n<ul style=\"font-weight: 400;\">\n<li>Transiente Cookies (dazu a)<\/li>\n<li>Persistente Cookies (dazu b).<\/li>\n<\/ul>\n<ol>\n<li>Transiente Cookies werden automatisiert gel\u00f6scht, wenn Sie den Browser schlie\u00dfen. Dazu z\u00e4hlen insbesondere die Session-Cookies. Diese speichern eine sogenannte Session-ID, mit welcher sich verschiedene Anfragen Ihres Browsers der gemeinsamen Sitzung zuordnen lassen. Dadurch kann Ihr Rechner wiedererkannt werden, wenn Sie auf unsere Website zur\u00fcckkehren. Die Session-Cookies werden gel\u00f6scht, wenn Sie sich ausloggen oder den Browser schlie\u00dfen.<\/li>\n<li>Persistente Cookies werden automatisiert nach einer vorgegebenen Dauer gel\u00f6scht, die sich je nach Cookie unterscheiden kann. Sie k\u00f6nnen die Cookies in den Sicherheitseinstellungen Ihres Browsers jederzeit l\u00f6schen.<\/li>\n<\/ol>\n<p style=\"font-weight: 400;\">Sie k\u00f6nnen Ihre Browser-Einstellung entsprechend Ihren W\u00fcnschen konfigurieren und z. B. die Annahme von Third-Party-Cookies oder allen Cookies ablehnen. Wir weisen Sie darauf hin, dass Sie eventuell nicht alle Funktionen dieser Website nutzen k\u00f6nnen.<\/p>\n<p style=\"font-weight: 400;\"><strong><u>Webtracking<\/u><\/strong><\/p>\n<p style=\"font-weight: 400;\">Zur statistischen Auswertung nutzen wir &#8222;Matomo&#8220;. Das ist ein Open-Source-Tool zur Web-Analyse. Matomo wird ausschlie\u00dflich im Rechenzentrum der BITBW, der Landesoberbeh\u00f6rde IT Baden-W\u00fcrttemberg betrieben. Die Auswertungsoberfl\u00e4che sowie die Daten-API ist nur innerhalb des Landesnetzes erreichbar. Es werden keine Daten in ein Drittland \u00fcbermittelt.<\/p>\n<p style=\"font-weight: 400;\"><strong><u>Verwendung von Cookies<\/u><\/strong><u><\/u><\/p>\n<p style=\"font-weight: 400;\">Die verwendete Matomo-Version speichert keine Cookies oder anderweitige Dateien auf Ihrer Endeinrichtung und ruft keine Daten oder Informationen von Ihrer Endeinrichtung ab.<\/p>\n<p style=\"font-weight: 400;\"><strong><u>Anonymisierung<\/u><\/strong><u><\/u><\/p>\n<p style=\"font-weight: 400;\">Eine Anonymisierung ist aktiv. Hierbei werden die letzten beiden Bytes der IP-Adresse anonymisiert. Dar\u00fcber hinaus ist es nicht m\u00f6glich, einzelne Nutzerinnen und Nutzer \u00fcber mehrere Sites und l\u00e4ngere Zeit zu verfolgen (sog. Device-Fingerprinting). Es werden zwar einzelne Nutzerinnen und Nutzer erkannt bzw. unterschieden, jedoch ist dabei kein R\u00fcckschluss auf eine tats\u00e4chliche Person m\u00f6glich.<\/p>\n<p style=\"font-weight: 400;\">Durch die Anonymisierung der IP-Adresse wird dem Interesse der Nutzerinnen und Nutzer am Schutz ihrer personenbezogenen Daten hinreichend Rechnung getragen. Es erfolgt keine Zusammenf\u00fchrung von Nutzungsdaten (z. B. \u00fcber Anbieter- oder Ger\u00e4tegrenzen hinweg).<\/p>\n<p style=\"font-weight: 400;\">Nachfolgende Daten werden von Matomo erfasst:<\/p>\n<ul style=\"font-weight: 400;\">\n<li>die anonymisierte IP-Adresse (IP-Adressen werden immer anonymisiert erfasst, sodass eine Zuordnung zu einzelnen Besuchern nicht m\u00f6glich ist.)<\/li>\n<li>die besuchte Seite<\/li>\n<li>die Besuchszeit<\/li>\n<li>die Verweildauer<\/li>\n<li>der Statuscode des Aufrufs<\/li>\n<li>die Dateigr\u00f6\u00dfe des Abrufs<\/li>\n<li>der Useragent, z. B. der eingesetzte Browser<\/li>\n<\/ul>\n<p style=\"font-weight: 400;\"><strong><u>Zweck der Datenverarbeitung<\/u><\/strong><\/p>\n<p style=\"font-weight: 400;\">Die Verarbeitung der personenbezogenen Daten erm\u00f6glicht eine Analyse des Surfverhaltens unserer Nutzerinnen und Nutzer. Wir sind durch die Auswertung der gewonnenen Daten in der Lage, Informationen \u00fcber die Nutzung der einzelnen Komponenten unserer Webseite zusammenzustellen. Dies hilft uns dabei, unsere Webseite und deren Nutzerfreundlichkeit stetig zu verbessern.<\/p>\n<p style=\"font-weight: 400;\">Rechtsgrundlage f\u00fcr die Verarbeitung ist Art. 6 Absatz 3 Buchstabe b DSGVO in Verbindung mit \u00a7 4 LDSG BW.<\/p>\n<p style=\"font-weight: 400;\"><strong><u>Dauer der Speicherung<\/u><\/strong><\/p>\n<p style=\"font-weight: 400;\">Aggregierte Einzeldatens\u00e4tze werden nach einem Monat gel\u00f6scht. Kumulierte Daten und Auswertungen werden gel\u00f6scht, sobald sie f\u00fcr unsere Aufzeichnungszwecke nicht mehr ben\u00f6tigt werden.<\/p>\n<p style=\"font-weight: 400;\"><strong><u>Weitere Informationen<\/u><\/strong><\/p>\n<p style=\"font-weight: 400;\">Eine ausf\u00fchrliche Beschreibung der Datenschutzeinstellungen in Matomo findet Sie unter:\u00a0<a href=\"https:\/\/matomo.org\/privacy\/\">https:\/\/matomo.org\/privacy\/<\/a>.<br \/>\nAuf Ihr Berichtigungs-, L\u00f6schungs- und Widerspruchsrecht nach Art. 16, 17 und 21 DSGVO wird hingewiesen.<\/p>\n<p style=\"font-weight: 400;\">_________________________________________________________________________________________<\/p>\n<div class=\"td-article\">\n<p><strong>Webmaster:\u00a0<\/strong>Herr D. Schr\u00f6der<\/p>\n<p><strong>Rechtliche Hinweise<\/strong><br \/>\nDas Layout der Homepage, die verwendeten Grafiken sowie Beitr\u00e4ge und Bilder sind urheberrechtlich gesch\u00fctzt. Die Seiten d\u00fcrfen ausschlie\u00dflich zum privaten Gebrauch ohne jegliche \u00c4nderung vervielf\u00e4ltigt werden. Eine Verbreitung von Kopien oder Ausz\u00fcgen ist nur mit schriftlicher Genehmigung zul\u00e4ssig.<\/p>\n<p><strong>Haftungsausschluss<\/strong><br \/>\nDie Informationen, die Sie auf diesem Internetauftritt vorfinden, wurden nach bestem Wissen und Gewissen sorgf\u00e4ltig zusammengestellt und gepr\u00fcft. Es wird jedoch keine Gew\u00e4hr &#8211; weder ausdr\u00fccklich noch stillschweigend &#8211; f\u00fcr die Vollst\u00e4ndigkeit, Richtigkeit, Aktualit\u00e4t oder Qualit\u00e4t und jederzeitige Verf\u00fcgbarkeit der bereit gestellten Informationen \u00fcbernommen. In keinem Fall wird f\u00fcr Sch\u00e4den, die sich aus der Verwendung der abgerufenen Informationen ergeben, eine Haftung \u00fcbernommen.<\/p>\n<p><strong>Internetseiten dritter Anbieter \/ Links<\/strong><br \/>\nDiese Internetseite enth\u00e4lt auch Links oder Verweise auf Internetauftritte Dritter. Diese Links zu den Internetauftritten Dritter stellen keine Zustimmung zu deren Inhalten durch den Herausgeber dar. Es wird keine Verantwortung f\u00fcr die Verf\u00fcgbarkeit oder den Inhalt solcher Internetauftritte \u00fcbernommen und keine Haftung f\u00fcr Sch\u00e4den oder Verletzungen, die aus der Nutzung &#8211; gleich welcher Art &#8211; solcher Inhalte entstehen. Mit den Links zu anderen Internetauftritten wird den Nutzern lediglich der Zugang zur Nutzung der Inhalte vermittelt. F\u00fcr illegale, fehlerhafte oder unvollst\u00e4ndige Inhalte und f\u00fcr Sch\u00e4den, die aus der Nutzung entstehen, haftet allein der Anbieter der Seite, auf welche verwiesen wurde.<\/p>\n<\/div>\n<\/div>\n","protected":false},"excerpt":{"rendered":"<p>Raichberg-Realschule Stuttgart Sch\u00f6nb\u00fchlstr. 90 70188 Stuttgart Telefon: 0711\/21633550 Fax: 0711\/21633551 Schulleitung: Frau Beate V\u00f6hringer, Herr Benjamin Dei\u00dfler Diensteanbieter der Schulhomepage: Stadt Stuttgart Datenschutz: Datenschutzerkl\u00e4rung Verantwortlicher und Datenschutzbeauftragter Verantwortlicher gem. Art. 4 Abs. 7 EU-Datenschutz-Grundverordnung (EU-DSGVO) ist Frau Beate V\u00f6hringer, Schulleitung an der Raichberg-Realschule Stuttgart, Sch\u00f6nb\u00fchlstra\u00dfe 90, 70188 Stuttgart. Unseren Datenschutzbeauftragten erreichen Sie unter der E-Mail: [&hellip;]<\/p>\n","protected":false},"author":4,"featured_media":0,"parent":0,"menu_order":0,"comment_status":"closed","ping_status":"closed","template":"","meta":{"footnotes":""},"class_list":["post-57","page","type-page","status-publish"],"_links":{"self":[{"href":"https:\/\/www.raichberg-realschule-stuttgart.de\/index.php?rest_route=\/wp\/v2\/pages\/57","targetHints":{"allow":["GET"]}}],"collection":[{"href":"https:\/\/www.raichberg-realschule-stuttgart.de\/index.php?rest_route=\/wp\/v2\/pages"}],"about":[{"href":"https:\/\/www.raichberg-realschule-stuttgart.de\/index.php?rest_route=\/wp\/v2\/types\/page"}],"author":[{"embeddable":true,"href":"https:\/\/www.raichberg-realschule-stuttgart.de\/index.php?rest_route=\/wp\/v2\/users\/4"}],"replies":[{"embeddable":true,"href":"https:\/\/www.raichberg-realschule-stuttgart.de\/index.php?rest_route=%2Fwp%2Fv2%2Fcomments&post=57"}],"version-history":[{"count":9,"href":"https:\/\/www.raichberg-realschule-stuttgart.de\/index.php?rest_route=\/wp\/v2\/pages\/57\/revisions"}],"predecessor-version":[{"id":2366,"href":"https:\/\/www.raichberg-realschule-stuttgart.de\/index.php?rest_route=\/wp\/v2\/pages\/57\/revisions\/2366"}],"wp:attachment":[{"href":"https:\/\/www.raichberg-realschule-stuttgart.de\/index.php?rest_route=%2Fwp%2Fv2%2Fmedia&parent=57"}],"curies":[{"name":"wp","href":"https:\/\/api.w.org\/{rel}","templated":true}]}}