{"id":62,"date":"2015-11-24T21:58:52","date_gmt":"2015-11-24T20:58:52","guid":{"rendered":"http:\/\/www.raichberg-realschule-stuttgart.de\/v4\/?page_id=62"},"modified":"2023-03-21T21:05:08","modified_gmt":"2023-03-21T20:05:08","slug":"lehrer","status":"publish","type":"page","link":"https:\/\/www.raichberg-realschule-stuttgart.de\/?page_id=62","title":{"rendered":"Unterricht"},"content":{"rendered":"\n<p>Auf dieser Seite m\u00f6chten wir zeigen, wie das Lehren und Lernen an der Raichberg-Realschule Stuttgart abl\u00e4uft. Wir sind eine moderne Schule, an der ein Einsatz von digitalen Medien im Unterricht zum Alltag geh\u00f6rt. <\/p>\n\n\n\n<figure class=\"wp-block-image size-large is-resized\"><a href=\"https:\/\/www.raichberg-realschule-stuttgart.de\/wp-content\/uploads\/2023\/03\/6fbd95836bcb016d05b1e8639fbc182e.jpg-1.webp\"><img loading=\"lazy\" decoding=\"async\" src=\"https:\/\/www.raichberg-realschule-stuttgart.de\/wp-content\/uploads\/2023\/03\/6fbd95836bcb016d05b1e8639fbc182e.jpg-1-1024x768.webp\" alt=\"\" class=\"wp-image-1889\" width=\"992\" height=\"744\" srcset=\"https:\/\/www.raichberg-realschule-stuttgart.de\/wp-content\/uploads\/2023\/03\/6fbd95836bcb016d05b1e8639fbc182e.jpg-1-1024x768.webp 1024w, https:\/\/www.raichberg-realschule-stuttgart.de\/wp-content\/uploads\/2023\/03\/6fbd95836bcb016d05b1e8639fbc182e.jpg-1-300x225.webp 300w, https:\/\/www.raichberg-realschule-stuttgart.de\/wp-content\/uploads\/2023\/03\/6fbd95836bcb016d05b1e8639fbc182e.jpg-1-768x576.webp 768w, https:\/\/www.raichberg-realschule-stuttgart.de\/wp-content\/uploads\/2023\/03\/6fbd95836bcb016d05b1e8639fbc182e.jpg-1-1536x1152.webp 1536w, https:\/\/www.raichberg-realschule-stuttgart.de\/wp-content\/uploads\/2023\/03\/6fbd95836bcb016d05b1e8639fbc182e.jpg-1.webp 1920w\" sizes=\"auto, (max-width: 992px) 100vw, 992px\" \/><\/a><\/figure>\n","protected":false},"excerpt":{"rendered":"<p>Auf dieser Seite m\u00f6chten wir zeigen, wie das Lehren und Lernen an der Raichberg-Realschule Stuttgart abl\u00e4uft. Wir sind eine moderne Schule, an der ein Einsatz von digitalen Medien im Unterricht zum Alltag geh\u00f6rt.<\/p>\n","protected":false},"author":6,"featured_media":0,"parent":0,"menu_order":0,"comment_status":"closed","ping_status":"closed","template":"","meta":{"footnotes":""},"class_list":["post-62","page","type-page","status-publish"],"_links":{"self":[{"href":"https:\/\/www.raichberg-realschule-stuttgart.de\/index.php?rest_route=\/wp\/v2\/pages\/62","targetHints":{"allow":["GET"]}}],"collection":[{"href":"https:\/\/www.raichberg-realschule-stuttgart.de\/index.php?rest_route=\/wp\/v2\/pages"}],"about":[{"href":"https:\/\/www.raichberg-realschule-stuttgart.de\/index.php?rest_route=\/wp\/v2\/types\/page"}],"author":[{"embeddable":true,"href":"https:\/\/www.raichberg-realschule-stuttgart.de\/index.php?rest_route=\/wp\/v2\/users\/6"}],"replies":[{"embeddable":true,"href":"https:\/\/www.raichberg-realschule-stuttgart.de\/index.php?rest_route=%2Fwp%2Fv2%2Fcomments&post=62"}],"version-history":[{"count":78,"href":"https:\/\/www.raichberg-realschule-stuttgart.de\/index.php?rest_route=\/wp\/v2\/pages\/62\/revisions"}],"predecessor-version":[{"id":1890,"href":"https:\/\/www.raichberg-realschule-stuttgart.de\/index.php?rest_route=\/wp\/v2\/pages\/62\/revisions\/1890"}],"wp:attachment":[{"href":"https:\/\/www.raichberg-realschule-stuttgart.de\/index.php?rest_route=%2Fwp%2Fv2%2Fmedia&parent=62"}],"curies":[{"name":"wp","href":"https:\/\/api.w.org\/{rel}","templated":true}]}}