{"id":67,"date":"2015-11-25T21:31:38","date_gmt":"2015-11-25T20:31:38","guid":{"rendered":"http:\/\/www.raichberg-realschule-stuttgart.de\/v4\/?page_id=67"},"modified":"2026-02-18T12:02:43","modified_gmt":"2026-02-18T11:02:43","slug":"67-2","status":"publish","type":"page","link":"https:\/\/www.raichberg-realschule-stuttgart.de\/?page_id=67","title":{"rendered":"SMV"},"content":{"rendered":"<p>Die Klassensprecher*innen und ihre Stellvertreter*innen bilden die SMV (= Sch\u00fclerMitVerantwortung).<br \/>\nDie SMV pr\u00e4gt das Schulleben durch verschiedenen Aktionen, wie zum Beispiel:<\/p>\n<ul>\n<li>Nikolaus- und Valentinstag-Aktionen<\/li>\n<li>Getr\u00e4nke- und Kuchenverkauf<\/li>\n<li>Motto-Tage<\/li>\n<li>Schulfeste<\/li>\n<li>Schuldisco<\/li>\n<li>Sportturniere.<\/li>\n<\/ul>\n<p>Der Sch\u00fclersprecher ist der Vorsitzende der SMV. Er vertritt die Interessen der ganzen Schule.<br \/>\nAli K. (9a) und Ela \u00d6. (8a) sind die neuen Sch\u00fclersprecher unserer Schule.<\/p>\n<div><a href=\"https:\/\/www.raichberg-realschule-stuttgart.de\/wp-content\/uploads\/2025\/11\/IMG_0691-scaled.jpeg\"><img loading=\"lazy\" decoding=\"async\" class=\"aligncenter size-large wp-image-2567\" src=\"https:\/\/www.raichberg-realschule-stuttgart.de\/wp-content\/uploads\/2025\/11\/IMG_0691-768x1024.jpeg\" alt=\"\" width=\"768\" height=\"1024\" srcset=\"https:\/\/www.raichberg-realschule-stuttgart.de\/wp-content\/uploads\/2025\/11\/IMG_0691-768x1024.jpeg 768w, https:\/\/www.raichberg-realschule-stuttgart.de\/wp-content\/uploads\/2025\/11\/IMG_0691-225x300.jpeg 225w, https:\/\/www.raichberg-realschule-stuttgart.de\/wp-content\/uploads\/2025\/11\/IMG_0691-1152x1536.jpeg 1152w, https:\/\/www.raichberg-realschule-stuttgart.de\/wp-content\/uploads\/2025\/11\/IMG_0691-1536x2048.jpeg 1536w, https:\/\/www.raichberg-realschule-stuttgart.de\/wp-content\/uploads\/2025\/11\/IMG_0691-scaled.jpeg 1920w\" sizes=\"auto, (max-width: 768px) 100vw, 768px\" \/><\/a><\/div>\n<div><\/div>\n<div>Wir gratulieren herzlich Ela \u00d6. (Klasse 8a) und Ali K. (Klasse 9a) zur Wahl als neue Sch\u00fclersprecher f\u00fcr das Schuljahr 2025\/2026.<\/div>\n<div>Beide \u00fcberzeugten durch ihre ausgepr\u00e4gte sprachliche Kompetenz und ihr selbstsicheres Auftreten. Ela und Ali gelten als sehr vision\u00e4r und bringen ein hohes Ma\u00df an Engagement f\u00fcr die Schulgemeinschaft mit.<\/div>\n<div>Wir freuen uns auf eine konstruktive Zusammenarbeit und auf viele neue Impulse, die sie im kommenden Schuljahr setzen werden.<\/div>\n<div><\/div>\n<div>SMV<\/div>\n<p>Als Verbindungslehrkr\u00e4fte sind in diesem Schuljahr Frau K\u00fclen und Herr Splietker f\u00fcr die SMV im Einsatz.<\/p>\n<h2>Sch\u00fclervollversammlung<\/h2>\n<p>Zweimal im Schuljahr findet f\u00fcr jede Klassenstufe eine Sch\u00fclervollversammlung statt, in der anstehende Themen und Probleme besprochen werden.<\/p>\n<h1><strong>Aktuelle SMV-Aktionen<\/strong><\/h1>\n<h1 class=\"subject\">SMV-Valentinstagsaktion 2026<\/h1>\n<div>Auch dieses Schuljahr veranstaltete die SMV an unserer Schule eine Valentinstagsaktion. Sch\u00fclerinnen und Sch\u00fcler aller Jahrgangsstufen hatten die M\u00f6glichkeit, individuelle Armb\u00e4nder zu kn\u00fcpfen. Diese konnten anschlie\u00dfend verschenkt werden, zum Beispiel an eine Person, die man besonders mag oder f\u00fcr sich selbst behalten werden.<\/div>\n<div>Viele nutzten die Gelegenheit, kreativ zu werden und eine kleine pers\u00f6nliche Aufmerksamkeit zu gestalten.<\/div>\n<div><\/div>\n<div>Der Valentinstag geht auf den heiligen Valentin zur\u00fcck, der der \u00dcberlieferung nach Paare trotz Verbots getraut haben soll. Heute steht der 14. Februar weltweit f\u00fcr Freundschaft, Zuneigung und kleine Gesten der Wertsch\u00e4tzung.<\/div>\n<div class=\"default-style\">Genau das spiegelte auch unsere SMV-Aktion wider.<\/div>\n<div><\/div>\n<div>\n\n\t\t<style type=\"text\/css\">\n\t\t\t#gallery-1 {\n\t\t\t\tmargin: auto;\n\t\t\t}\n\t\t\t#gallery-1 .gallery-item {\n\t\t\t\tfloat: left;\n\t\t\t\tmargin-top: 10px;\n\t\t\t\ttext-align: center;\n\t\t\t\twidth: 33%;\n\t\t\t}\n\t\t\t#gallery-1 img {\n\t\t\t\tborder: 2px solid #cfcfcf;\n\t\t\t}\n\t\t\t#gallery-1 .gallery-caption {\n\t\t\t\tmargin-left: 0;\n\t\t\t}\n\t\t\t\/* see gallery_shortcode() in wp-includes\/media.php *\/\n\t\t<\/style>\n\t\t<div id='gallery-1' class='gallery galleryid-67 gallery-columns-3 gallery-size-thumbnail'><dl class='gallery-item'>\n\t\t\t<dt class='gallery-icon landscape'>\n\t\t\t\t<a href='https:\/\/www.raichberg-realschule-stuttgart.de\/?attachment_id=2666'><img loading=\"lazy\" decoding=\"async\" width=\"150\" height=\"150\" src=\"https:\/\/www.raichberg-realschule-stuttgart.de\/wp-content\/uploads\/2026\/02\/IMG_4967-150x150.jpeg\" class=\"attachment-thumbnail size-thumbnail no-lazy\" alt=\"\" \/><\/a>\n\t\t\t<\/dt><\/dl><dl class='gallery-item'>\n\t\t\t<dt class='gallery-icon landscape'>\n\t\t\t\t<a href='https:\/\/www.raichberg-realschule-stuttgart.de\/?attachment_id=2657'><img loading=\"lazy\" decoding=\"async\" width=\"150\" height=\"150\" src=\"https:\/\/www.raichberg-realschule-stuttgart.de\/wp-content\/uploads\/2026\/02\/IMG_2579-150x150.jpeg\" class=\"attachment-thumbnail size-thumbnail no-lazy\" alt=\"\" \/><\/a>\n\t\t\t<\/dt><\/dl><dl class='gallery-item'>\n\t\t\t<dt class='gallery-icon portrait'>\n\t\t\t\t<a href='https:\/\/www.raichberg-realschule-stuttgart.de\/?attachment_id=2659'><img loading=\"lazy\" decoding=\"async\" width=\"150\" height=\"150\" src=\"https:\/\/www.raichberg-realschule-stuttgart.de\/wp-content\/uploads\/2026\/02\/IMG_2581-150x150.jpeg\" class=\"attachment-thumbnail size-thumbnail no-lazy\" alt=\"\" \/><\/a>\n\t\t\t<\/dt><\/dl><br style=\"clear: both\" \/><dl class='gallery-item'>\n\t\t\t<dt class='gallery-icon landscape'>\n\t\t\t\t<a href='https:\/\/www.raichberg-realschule-stuttgart.de\/?attachment_id=2665'><img loading=\"lazy\" decoding=\"async\" width=\"150\" height=\"150\" src=\"https:\/\/www.raichberg-realschule-stuttgart.de\/wp-content\/uploads\/2026\/02\/IMG_4968-150x150.jpeg\" class=\"attachment-thumbnail size-thumbnail no-lazy\" alt=\"\" \/><\/a>\n\t\t\t<\/dt><\/dl><dl class='gallery-item'>\n\t\t\t<dt class='gallery-icon landscape'>\n\t\t\t\t<a href='https:\/\/www.raichberg-realschule-stuttgart.de\/?attachment_id=2662'><img loading=\"lazy\" decoding=\"async\" width=\"150\" height=\"150\" src=\"https:\/\/www.raichberg-realschule-stuttgart.de\/wp-content\/uploads\/2026\/02\/IMG_2633-150x150.jpeg\" class=\"attachment-thumbnail size-thumbnail no-lazy\" alt=\"\" \/><\/a>\n\t\t\t<\/dt><\/dl><dl class='gallery-item'>\n\t\t\t<dt class='gallery-icon portrait'>\n\t\t\t\t<a href='https:\/\/www.raichberg-realschule-stuttgart.de\/?attachment_id=2658'><img loading=\"lazy\" decoding=\"async\" width=\"150\" height=\"150\" src=\"https:\/\/www.raichberg-realschule-stuttgart.de\/wp-content\/uploads\/2026\/02\/IMG_2580-150x150.jpeg\" class=\"attachment-thumbnail size-thumbnail no-lazy\" alt=\"\" \/><\/a>\n\t\t\t<\/dt><\/dl><br style=\"clear: both\" \/><dl class='gallery-item'>\n\t\t\t<dt class='gallery-icon landscape'>\n\t\t\t\t<a href='https:\/\/www.raichberg-realschule-stuttgart.de\/?attachment_id=2655'><img loading=\"lazy\" decoding=\"async\" width=\"150\" height=\"150\" src=\"https:\/\/www.raichberg-realschule-stuttgart.de\/wp-content\/uploads\/2026\/02\/IMG_2578-150x150.jpeg\" class=\"attachment-thumbnail size-thumbnail no-lazy\" alt=\"\" \/><\/a>\n\t\t\t<\/dt><\/dl><dl class='gallery-item'>\n\t\t\t<dt class='gallery-icon landscape'>\n\t\t\t\t<a href='https:\/\/www.raichberg-realschule-stuttgart.de\/?attachment_id=2664'><img loading=\"lazy\" decoding=\"async\" width=\"150\" height=\"150\" src=\"https:\/\/www.raichberg-realschule-stuttgart.de\/wp-content\/uploads\/2026\/02\/IMG_4966-150x150.jpeg\" class=\"attachment-thumbnail size-thumbnail no-lazy\" alt=\"\" \/><\/a>\n\t\t\t<\/dt><\/dl><dl class='gallery-item'>\n\t\t\t<dt class='gallery-icon landscape'>\n\t\t\t\t<a href='https:\/\/www.raichberg-realschule-stuttgart.de\/?attachment_id=2663'><img loading=\"lazy\" decoding=\"async\" width=\"150\" height=\"150\" src=\"https:\/\/www.raichberg-realschule-stuttgart.de\/wp-content\/uploads\/2026\/02\/IMG_2631-150x150.jpeg\" class=\"attachment-thumbnail size-thumbnail no-lazy\" alt=\"\" \/><\/a>\n\t\t\t<\/dt><\/dl><br style=\"clear: both\" \/><dl class='gallery-item'>\n\t\t\t<dt class='gallery-icon landscape'>\n\t\t\t\t<a href='https:\/\/www.raichberg-realschule-stuttgart.de\/?attachment_id=2654'><img loading=\"lazy\" decoding=\"async\" width=\"150\" height=\"150\" src=\"https:\/\/www.raichberg-realschule-stuttgart.de\/wp-content\/uploads\/2026\/02\/IMG_2577-150x150.jpeg\" class=\"attachment-thumbnail size-thumbnail no-lazy\" alt=\"\" \/><\/a>\n\t\t\t<\/dt><\/dl><dl class='gallery-item'>\n\t\t\t<dt class='gallery-icon portrait'>\n\t\t\t\t<a href='https:\/\/www.raichberg-realschule-stuttgart.de\/?attachment_id=2653'><img loading=\"lazy\" decoding=\"async\" width=\"150\" height=\"150\" src=\"https:\/\/www.raichberg-realschule-stuttgart.de\/wp-content\/uploads\/2026\/02\/IMG_2584-150x150.jpeg\" class=\"attachment-thumbnail size-thumbnail no-lazy\" alt=\"\" \/><\/a>\n\t\t\t<\/dt><\/dl><dl class='gallery-item'>\n\t\t\t<dt class='gallery-icon landscape'>\n\t\t\t\t<a href='https:\/\/www.raichberg-realschule-stuttgart.de\/?attachment_id=2661'><img loading=\"lazy\" decoding=\"async\" width=\"150\" height=\"150\" src=\"https:\/\/www.raichberg-realschule-stuttgart.de\/wp-content\/uploads\/2026\/02\/IMG_2629-150x150.jpeg\" class=\"attachment-thumbnail size-thumbnail no-lazy\" alt=\"\" \/><\/a>\n\t\t\t<\/dt><\/dl><br style=\"clear: both\" \/><dl class='gallery-item'>\n\t\t\t<dt class='gallery-icon landscape'>\n\t\t\t\t<a href='https:\/\/www.raichberg-realschule-stuttgart.de\/?attachment_id=2660'><img loading=\"lazy\" decoding=\"async\" width=\"150\" height=\"150\" src=\"https:\/\/www.raichberg-realschule-stuttgart.de\/wp-content\/uploads\/2026\/02\/IMG_2630-150x150.jpeg\" class=\"attachment-thumbnail size-thumbnail no-lazy\" alt=\"\" \/><\/a>\n\t\t\t<\/dt><\/dl><dl class='gallery-item'>\n\t\t\t<dt class='gallery-icon landscape'>\n\t\t\t\t<a href='https:\/\/www.raichberg-realschule-stuttgart.de\/?attachment_id=2652'><img loading=\"lazy\" decoding=\"async\" width=\"150\" height=\"150\" src=\"https:\/\/www.raichberg-realschule-stuttgart.de\/wp-content\/uploads\/2026\/02\/IMG_2576-150x150.jpeg\" class=\"attachment-thumbnail size-thumbnail no-lazy\" alt=\"\" \/><\/a>\n\t\t\t<\/dt><\/dl><dl class='gallery-item'>\n\t\t\t<dt class='gallery-icon portrait'>\n\t\t\t\t<a href='https:\/\/www.raichberg-realschule-stuttgart.de\/?attachment_id=2656'><img loading=\"lazy\" decoding=\"async\" width=\"150\" height=\"150\" src=\"https:\/\/www.raichberg-realschule-stuttgart.de\/wp-content\/uploads\/2026\/02\/IMG_2585-150x150.jpeg\" class=\"attachment-thumbnail size-thumbnail no-lazy\" alt=\"\" \/><\/a>\n\t\t\t<\/dt><\/dl><br style=\"clear: both\" \/>\n\t\t<\/div>\n\n<\/div>\n<h1 class=\"subject\">SMV-Faschingsparty 2026<\/h1>\n<div>Ausgelassene Stimmung, gute Musik und viele kreative Kost\u00fcme pr\u00e4gten die Faschingsparty der 5. und 6. Klassen, die in diesem Jahr im Musiksaal stattfand.<\/div>\n<div><\/div>\n<div>Auf dem Programm standen ein Tanzwettbewerb, ein Kost\u00fcmwettbewerb sowie das Klassenspiel \u201eLuftballontreten\u201c. Dabei bewiesen die Klassen vollen Einsatz. Beim Luftballontreten setzte sich die Klasse 6b durch und durfte sich \u00fcber S\u00fc\u00dfigkeiten und leckere Getr\u00e4nke f\u00fcr die gesamte Klasse freuen.<\/div>\n<div><\/div>\n<div>Auch beim Kost\u00fcm- und Tanzwettbewerb gab es strahlende Gewinner: Das beste Kost\u00fcm pr\u00e4sentierte Adrian aus der 5b, das beste Tanzbein zeigte Shazad aus der 5b. Beide erhielten ein Geschenk als Anerkennung f\u00fcr ihre Leistung.<\/div>\n<div><\/div>\n<div>F\u00fcr die passende Stimmung sorgten eine Lichtanlage und eine abwechslungsreiche Playlist mit aktuellen Chart-Songs sowie kulturellen Musikbeitr\u00e4gen. Ein gro\u00dfes Lob geht an die beiden Sch\u00fclersprecher Ela (8a) und Ali (9a), die als DJs, Jury sowie Moderatoren souver\u00e4n durch das Programm f\u00fchrten. Ebenso bedankt sich die SMV herzlich bei den Paten, die mit viel Engagement zum Gelingen der Party beitrugen. Besonders hervorheben m\u00f6chten wir Hasan und Sami aus der 9c, die den J\u00fcngeren ein unvergessliches Faschingsfest erm\u00f6glichten.<\/div>\n<div><\/div>\n<div>\n\n\t\t<style type=\"text\/css\">\n\t\t\t#gallery-2 {\n\t\t\t\tmargin: auto;\n\t\t\t}\n\t\t\t#gallery-2 .gallery-item {\n\t\t\t\tfloat: left;\n\t\t\t\tmargin-top: 10px;\n\t\t\t\ttext-align: center;\n\t\t\t\twidth: 33%;\n\t\t\t}\n\t\t\t#gallery-2 img {\n\t\t\t\tborder: 2px solid #cfcfcf;\n\t\t\t}\n\t\t\t#gallery-2 .gallery-caption {\n\t\t\t\tmargin-left: 0;\n\t\t\t}\n\t\t\t\/* see gallery_shortcode() in wp-includes\/media.php *\/\n\t\t<\/style>\n\t\t<div id='gallery-2' class='gallery galleryid-67 gallery-columns-3 gallery-size-thumbnail'><dl class='gallery-item'>\n\t\t\t<dt class='gallery-icon landscape'>\n\t\t\t\t<a href='https:\/\/www.raichberg-realschule-stuttgart.de\/?attachment_id=2641'><img loading=\"lazy\" decoding=\"async\" width=\"150\" height=\"150\" src=\"https:\/\/www.raichberg-realschule-stuttgart.de\/wp-content\/uploads\/2026\/02\/IMG_9131-150x150.jpeg\" class=\"attachment-thumbnail size-thumbnail no-lazy\" alt=\"\" \/><\/a>\n\t\t\t<\/dt><\/dl><dl class='gallery-item'>\n\t\t\t<dt class='gallery-icon landscape'>\n\t\t\t\t<a href='https:\/\/www.raichberg-realschule-stuttgart.de\/?attachment_id=2642'><img loading=\"lazy\" decoding=\"async\" width=\"150\" height=\"150\" src=\"https:\/\/www.raichberg-realschule-stuttgart.de\/wp-content\/uploads\/2026\/02\/IMG_9132-150x150.jpeg\" class=\"attachment-thumbnail size-thumbnail no-lazy\" alt=\"\" \/><\/a>\n\t\t\t<\/dt><\/dl><dl class='gallery-item'>\n\t\t\t<dt class='gallery-icon landscape'>\n\t\t\t\t<a href='https:\/\/www.raichberg-realschule-stuttgart.de\/?attachment_id=2635'><img loading=\"lazy\" decoding=\"async\" width=\"150\" height=\"150\" src=\"https:\/\/www.raichberg-realschule-stuttgart.de\/wp-content\/uploads\/2026\/02\/IMG_9100-150x150.jpeg\" class=\"attachment-thumbnail size-thumbnail no-lazy\" alt=\"\" \/><\/a>\n\t\t\t<\/dt><\/dl><br style=\"clear: both\" \/><dl class='gallery-item'>\n\t\t\t<dt class='gallery-icon landscape'>\n\t\t\t\t<a href='https:\/\/www.raichberg-realschule-stuttgart.de\/?attachment_id=2643'><img loading=\"lazy\" decoding=\"async\" width=\"150\" height=\"150\" src=\"https:\/\/www.raichberg-realschule-stuttgart.de\/wp-content\/uploads\/2026\/02\/IMG_9146-150x150.jpeg\" class=\"attachment-thumbnail size-thumbnail no-lazy\" alt=\"\" \/><\/a>\n\t\t\t<\/dt><\/dl><dl class='gallery-item'>\n\t\t\t<dt class='gallery-icon landscape'>\n\t\t\t\t<a href='https:\/\/www.raichberg-realschule-stuttgart.de\/?attachment_id=2634'><img loading=\"lazy\" decoding=\"async\" width=\"150\" height=\"150\" src=\"https:\/\/www.raichberg-realschule-stuttgart.de\/wp-content\/uploads\/2026\/02\/IMG_9116-150x150.jpeg\" class=\"attachment-thumbnail size-thumbnail no-lazy\" alt=\"\" \/><\/a>\n\t\t\t<\/dt><\/dl><dl class='gallery-item'>\n\t\t\t<dt class='gallery-icon landscape'>\n\t\t\t\t<a href='https:\/\/www.raichberg-realschule-stuttgart.de\/?attachment_id=2640'><img loading=\"lazy\" decoding=\"async\" width=\"150\" height=\"150\" src=\"https:\/\/www.raichberg-realschule-stuttgart.de\/wp-content\/uploads\/2026\/02\/IMG_9130-150x150.jpeg\" class=\"attachment-thumbnail size-thumbnail no-lazy\" alt=\"\" \/><\/a>\n\t\t\t<\/dt><\/dl><br style=\"clear: both\" \/><dl class='gallery-item'>\n\t\t\t<dt class='gallery-icon landscape'>\n\t\t\t\t<a href='https:\/\/www.raichberg-realschule-stuttgart.de\/?attachment_id=2631'><img loading=\"lazy\" decoding=\"async\" width=\"150\" height=\"150\" src=\"https:\/\/www.raichberg-realschule-stuttgart.de\/wp-content\/uploads\/2026\/02\/IMG_9117-150x150.jpeg\" class=\"attachment-thumbnail size-thumbnail no-lazy\" alt=\"\" \/><\/a>\n\t\t\t<\/dt><\/dl><dl class='gallery-item'>\n\t\t\t<dt class='gallery-icon landscape'>\n\t\t\t\t<a href='https:\/\/www.raichberg-realschule-stuttgart.de\/?attachment_id=2633'><img loading=\"lazy\" decoding=\"async\" width=\"150\" height=\"150\" src=\"https:\/\/www.raichberg-realschule-stuttgart.de\/wp-content\/uploads\/2026\/02\/IMG_9108-150x150.jpeg\" class=\"attachment-thumbnail size-thumbnail no-lazy\" alt=\"\" \/><\/a>\n\t\t\t<\/dt><\/dl><dl class='gallery-item'>\n\t\t\t<dt class='gallery-icon landscape'>\n\t\t\t\t<a href='https:\/\/www.raichberg-realschule-stuttgart.de\/?attachment_id=2630'><img loading=\"lazy\" decoding=\"async\" width=\"150\" height=\"150\" src=\"https:\/\/www.raichberg-realschule-stuttgart.de\/wp-content\/uploads\/2026\/02\/IMG_9115-150x150.jpeg\" class=\"attachment-thumbnail size-thumbnail no-lazy\" alt=\"\" \/><\/a>\n\t\t\t<\/dt><\/dl><br style=\"clear: both\" \/><dl class='gallery-item'>\n\t\t\t<dt class='gallery-icon landscape'>\n\t\t\t\t<a href='https:\/\/www.raichberg-realschule-stuttgart.de\/?attachment_id=2639'><img loading=\"lazy\" decoding=\"async\" width=\"150\" height=\"150\" src=\"https:\/\/www.raichberg-realschule-stuttgart.de\/wp-content\/uploads\/2026\/02\/IMG_9128-150x150.jpeg\" class=\"attachment-thumbnail size-thumbnail no-lazy\" alt=\"\" \/><\/a>\n\t\t\t<\/dt><\/dl><dl class='gallery-item'>\n\t\t\t<dt class='gallery-icon landscape'>\n\t\t\t\t<a href='https:\/\/www.raichberg-realschule-stuttgart.de\/?attachment_id=2638'><img loading=\"lazy\" decoding=\"async\" width=\"150\" height=\"150\" src=\"https:\/\/www.raichberg-realschule-stuttgart.de\/wp-content\/uploads\/2026\/02\/IMG_9119-150x150.jpeg\" class=\"attachment-thumbnail size-thumbnail no-lazy\" alt=\"\" \/><\/a>\n\t\t\t<\/dt><\/dl><dl class='gallery-item'>\n\t\t\t<dt class='gallery-icon landscape'>\n\t\t\t\t<a href='https:\/\/www.raichberg-realschule-stuttgart.de\/?attachment_id=2632'><img loading=\"lazy\" decoding=\"async\" width=\"150\" height=\"150\" src=\"https:\/\/www.raichberg-realschule-stuttgart.de\/wp-content\/uploads\/2026\/02\/IMG_9101-150x150.jpeg\" class=\"attachment-thumbnail size-thumbnail no-lazy\" alt=\"\" \/><\/a>\n\t\t\t<\/dt><\/dl><br style=\"clear: both\" \/><dl class='gallery-item'>\n\t\t\t<dt class='gallery-icon landscape'>\n\t\t\t\t<a href='https:\/\/www.raichberg-realschule-stuttgart.de\/?attachment_id=2629'><img loading=\"lazy\" decoding=\"async\" width=\"150\" height=\"150\" src=\"https:\/\/www.raichberg-realschule-stuttgart.de\/wp-content\/uploads\/2026\/02\/IMG_9111-150x150.jpeg\" class=\"attachment-thumbnail size-thumbnail no-lazy\" alt=\"\" \/><\/a>\n\t\t\t<\/dt><\/dl><dl class='gallery-item'>\n\t\t\t<dt class='gallery-icon landscape'>\n\t\t\t\t<a href='https:\/\/www.raichberg-realschule-stuttgart.de\/?attachment_id=2637'><img loading=\"lazy\" decoding=\"async\" width=\"150\" height=\"150\" src=\"https:\/\/www.raichberg-realschule-stuttgart.de\/wp-content\/uploads\/2026\/02\/IMG_9118-150x150.jpeg\" class=\"attachment-thumbnail size-thumbnail no-lazy\" alt=\"\" \/><\/a>\n\t\t\t<\/dt><\/dl><dl class='gallery-item'>\n\t\t\t<dt class='gallery-icon landscape'>\n\t\t\t\t<a href='https:\/\/www.raichberg-realschule-stuttgart.de\/?attachment_id=2636'><img loading=\"lazy\" decoding=\"async\" width=\"150\" height=\"150\" src=\"https:\/\/www.raichberg-realschule-stuttgart.de\/wp-content\/uploads\/2026\/02\/IMG_9112-150x150.jpeg\" class=\"attachment-thumbnail size-thumbnail no-lazy\" alt=\"\" \/><\/a>\n\t\t\t<\/dt><\/dl><br style=\"clear: both\" \/>\n\t\t<\/div>\n\n<\/div>\n<h1><\/h1>\n<h1><strong>Am Nikolaustag \u00fcberraschte die SMV der Raichberg-Realschule fast 400 Sch\u00fclerinnen und Sch\u00fcler mit einer s\u00fc\u00dfen Geste.<br \/>\nGemeinsam mit einer Nikolausgehilfin verteilte der Nikolaus pers\u00f6nlich leckere S\u00fc\u00dfigkeiten an alle Klassen. Diese \u00dcberraschung sorgte f\u00fcr fr\u00f6hliche Gesichter und brachte ein wenig vorweihnachtliche Stimmung in die Schule.<br \/>\nDie Sch\u00fclersprecher Diellza Siler und Yasin Tariq sowie die gesamte SMV w\u00fcnschen allen eine besinnliche vorweihnachtliche Zeit!<\/strong><\/h1>\n<p><a href=\"https:\/\/www.raichberg-realschule-stuttgart.de\/wp-content\/uploads\/2024\/12\/IMG_2944-scaled.jpg\"><img loading=\"lazy\" decoding=\"async\" class=\"aligncenter size-large wp-image-2293\" src=\"https:\/\/www.raichberg-realschule-stuttgart.de\/wp-content\/uploads\/2024\/12\/IMG_2944-1024x710.jpg\" alt=\"\" width=\"1024\" height=\"710\" srcset=\"https:\/\/www.raichberg-realschule-stuttgart.de\/wp-content\/uploads\/2024\/12\/IMG_2944-1024x710.jpg 1024w, https:\/\/www.raichberg-realschule-stuttgart.de\/wp-content\/uploads\/2024\/12\/IMG_2944-300x208.jpg 300w, https:\/\/www.raichberg-realschule-stuttgart.de\/wp-content\/uploads\/2024\/12\/IMG_2944-768x533.jpg 768w, https:\/\/www.raichberg-realschule-stuttgart.de\/wp-content\/uploads\/2024\/12\/IMG_2944-1536x1065.jpg 1536w, https:\/\/www.raichberg-realschule-stuttgart.de\/wp-content\/uploads\/2024\/12\/IMG_2944-2048x1420.jpg 2048w\" sizes=\"auto, (max-width: 1024px) 100vw, 1024px\" \/><\/a><\/p>\n<h2>Faschingsparty der Klassen 5 bis 7 am 13.02.2023<\/h2>\n<p><a href=\"https:\/\/www.raichberg-realschule-stuttgart.de\/wp-content\/uploads\/2023\/03\/20230213_153128-scaled.jpg\"><img loading=\"lazy\" decoding=\"async\" class=\" wp-image-1812 aligncenter\" src=\"https:\/\/www.raichberg-realschule-stuttgart.de\/wp-content\/uploads\/2023\/03\/20230213_153128-300x225.jpg\" alt=\"\" width=\"800\" height=\"600\" srcset=\"https:\/\/www.raichberg-realschule-stuttgart.de\/wp-content\/uploads\/2023\/03\/20230213_153128-300x225.jpg 300w, https:\/\/www.raichberg-realschule-stuttgart.de\/wp-content\/uploads\/2023\/03\/20230213_153128-1024x768.jpg 1024w, https:\/\/www.raichberg-realschule-stuttgart.de\/wp-content\/uploads\/2023\/03\/20230213_153128-768x576.jpg 768w, https:\/\/www.raichberg-realschule-stuttgart.de\/wp-content\/uploads\/2023\/03\/20230213_153128-1536x1152.jpg 1536w, https:\/\/www.raichberg-realschule-stuttgart.de\/wp-content\/uploads\/2023\/03\/20230213_153128-2048x1536.jpg 2048w\" sizes=\"auto, (max-width: 800px) 100vw, 800px\" \/><\/a><\/p>\n<p><a href=\"https:\/\/www.raichberg-realschule-stuttgart.de\/wp-content\/uploads\/2023\/03\/20230213_144318-scaled.jpg\"><img loading=\"lazy\" decoding=\"async\" class=\" wp-image-1813 aligncenter\" src=\"https:\/\/www.raichberg-realschule-stuttgart.de\/wp-content\/uploads\/2023\/03\/20230213_144318-300x225.jpg\" alt=\"\" width=\"802\" height=\"602\" srcset=\"https:\/\/www.raichberg-realschule-stuttgart.de\/wp-content\/uploads\/2023\/03\/20230213_144318-300x225.jpg 300w, https:\/\/www.raichberg-realschule-stuttgart.de\/wp-content\/uploads\/2023\/03\/20230213_144318-1024x768.jpg 1024w, https:\/\/www.raichberg-realschule-stuttgart.de\/wp-content\/uploads\/2023\/03\/20230213_144318-768x576.jpg 768w, https:\/\/www.raichberg-realschule-stuttgart.de\/wp-content\/uploads\/2023\/03\/20230213_144318-1536x1152.jpg 1536w, https:\/\/www.raichberg-realschule-stuttgart.de\/wp-content\/uploads\/2023\/03\/20230213_144318-2048x1536.jpg 2048w\" sizes=\"auto, (max-width: 802px) 100vw, 802px\" \/><\/a><\/p>\n<p><a href=\"https:\/\/www.raichberg-realschule-stuttgart.de\/wp-content\/uploads\/2023\/03\/20230213_153123-scaled.jpg\"><img loading=\"lazy\" decoding=\"async\" class=\" wp-image-1815 aligncenter\" src=\"https:\/\/www.raichberg-realschule-stuttgart.de\/wp-content\/uploads\/2023\/03\/20230213_153123-300x225.jpg\" alt=\"\" width=\"805\" height=\"604\" srcset=\"https:\/\/www.raichberg-realschule-stuttgart.de\/wp-content\/uploads\/2023\/03\/20230213_153123-300x225.jpg 300w, https:\/\/www.raichberg-realschule-stuttgart.de\/wp-content\/uploads\/2023\/03\/20230213_153123-1024x768.jpg 1024w, https:\/\/www.raichberg-realschule-stuttgart.de\/wp-content\/uploads\/2023\/03\/20230213_153123-768x576.jpg 768w, https:\/\/www.raichberg-realschule-stuttgart.de\/wp-content\/uploads\/2023\/03\/20230213_153123-1536x1152.jpg 1536w, https:\/\/www.raichberg-realschule-stuttgart.de\/wp-content\/uploads\/2023\/03\/20230213_153123-2048x1536.jpg 2048w\" sizes=\"auto, (max-width: 805px) 100vw, 805px\" \/><\/a><\/p>\n<p>&nbsp;<\/p>\n","protected":false},"excerpt":{"rendered":"<p>Die Klassensprecher*innen und ihre Stellvertreter*innen bilden die SMV (= Sch\u00fclerMitVerantwortung). Die SMV pr\u00e4gt das Schulleben durch verschiedenen Aktionen, wie zum Beispiel: Nikolaus- und Valentinstag-Aktionen Getr\u00e4nke- und Kuchenverkauf Motto-Tage Schulfeste Schuldisco Sportturniere. Der Sch\u00fclersprecher ist der Vorsitzende der SMV. Er vertritt die Interessen der ganzen Schule. Ali K. (9a) und Ela \u00d6. (8a) sind die neuen [&hellip;]<\/p>\n","protected":false},"author":4,"featured_media":0,"parent":48,"menu_order":0,"comment_status":"closed","ping_status":"closed","template":"","meta":{"footnotes":""},"class_list":["post-67","page","type-page","status-publish"],"_links":{"self":[{"href":"https:\/\/www.raichberg-realschule-stuttgart.de\/index.php?rest_route=\/wp\/v2\/pages\/67","targetHints":{"allow":["GET"]}}],"collection":[{"href":"https:\/\/www.raichberg-realschule-stuttgart.de\/index.php?rest_route=\/wp\/v2\/pages"}],"about":[{"href":"https:\/\/www.raichberg-realschule-stuttgart.de\/index.php?rest_route=\/wp\/v2\/types\/page"}],"author":[{"embeddable":true,"href":"https:\/\/www.raichberg-realschule-stuttgart.de\/index.php?rest_route=\/wp\/v2\/users\/4"}],"replies":[{"embeddable":true,"href":"https:\/\/www.raichberg-realschule-stuttgart.de\/index.php?rest_route=%2Fwp%2Fv2%2Fcomments&post=67"}],"version-history":[{"count":23,"href":"https:\/\/www.raichberg-realschule-stuttgart.de\/index.php?rest_route=\/wp\/v2\/pages\/67\/revisions"}],"predecessor-version":[{"id":2668,"href":"https:\/\/www.raichberg-realschule-stuttgart.de\/index.php?rest_route=\/wp\/v2\/pages\/67\/revisions\/2668"}],"up":[{"embeddable":true,"href":"https:\/\/www.raichberg-realschule-stuttgart.de\/index.php?rest_route=\/wp\/v2\/pages\/48"}],"wp:attachment":[{"href":"https:\/\/www.raichberg-realschule-stuttgart.de\/index.php?rest_route=%2Fwp%2Fv2%2Fmedia&parent=67"}],"curies":[{"name":"wp","href":"https:\/\/api.w.org\/{rel}","templated":true}]}}