{"id":69,"date":"2015-11-25T21:33:31","date_gmt":"2015-11-25T20:33:31","guid":{"rendered":"http:\/\/www.raichberg-realschule-stuttgart.de\/v4\/?page_id=69"},"modified":"2025-09-14T14:47:12","modified_gmt":"2025-09-14T12:47:12","slug":"schulsozialarbeit","status":"publish","type":"page","link":"https:\/\/www.raichberg-realschule-stuttgart.de\/?page_id=69","title":{"rendered":"Schulsozialarbeit"},"content":{"rendered":"\n<figure class=\"wp-block-image size-large\"><a href=\"https:\/\/www.raichberg-realschule-stuttgart.de\/wp-content\/uploads\/2025\/09\/Bildschirmfoto-2025-09-14-um-14.45.45.png\"><img loading=\"lazy\" decoding=\"async\" width=\"717\" height=\"1024\" src=\"https:\/\/www.raichberg-realschule-stuttgart.de\/wp-content\/uploads\/2025\/09\/Bildschirmfoto-2025-09-14-um-14.45.45-717x1024.png\" alt=\"\" class=\"wp-image-2536\" srcset=\"https:\/\/www.raichberg-realschule-stuttgart.de\/wp-content\/uploads\/2025\/09\/Bildschirmfoto-2025-09-14-um-14.45.45-717x1024.png 717w, https:\/\/www.raichberg-realschule-stuttgart.de\/wp-content\/uploads\/2025\/09\/Bildschirmfoto-2025-09-14-um-14.45.45-210x300.png 210w, https:\/\/www.raichberg-realschule-stuttgart.de\/wp-content\/uploads\/2025\/09\/Bildschirmfoto-2025-09-14-um-14.45.45-768x1097.png 768w, https:\/\/www.raichberg-realschule-stuttgart.de\/wp-content\/uploads\/2025\/09\/Bildschirmfoto-2025-09-14-um-14.45.45-1075x1536.png 1075w, https:\/\/www.raichberg-realschule-stuttgart.de\/wp-content\/uploads\/2025\/09\/Bildschirmfoto-2025-09-14-um-14.45.45.png 1380w\" sizes=\"auto, (max-width: 717px) 100vw, 717px\" \/><\/a><\/figure>\n\n\n\n<div data-wp-interactive=\"core\/file\" class=\"wp-block-file\"><object data-wp-bind--hidden=\"!state.hasPdfPreview\" hidden class=\"wp-block-file__embed\" data=\"https:\/\/www.raichberg-realschule-stuttgart.de\/wp-content\/uploads\/2025\/09\/Homepage-SchuSo-1.pdf\" type=\"application\/pdf\" style=\"width:100%;height:600px\" aria-label=\"Einbettung von Homepage SchuSo.\"><\/object><a id=\"wp-block-file--media-d2d9b326-8ff0-42f0-9b5e-056aa574fb3d\" href=\"https:\/\/www.raichberg-realschule-stuttgart.de\/wp-content\/uploads\/2025\/09\/Homepage-SchuSo-1.pdf\">Homepage SchuSo<\/a><a href=\"https:\/\/www.raichberg-realschule-stuttgart.de\/wp-content\/uploads\/2025\/09\/Homepage-SchuSo-1.pdf\" class=\"wp-block-file__button wp-element-button\" download aria-describedby=\"wp-block-file--media-d2d9b326-8ff0-42f0-9b5e-056aa574fb3d\">Herunterladen<\/a><\/div>\n\n\n\n<p><strong>So k\u00f6nnen wir erreicht werden:<\/strong><\/p>\n\n\n\n<ul class=\"wp-block-list\">\n<li><strong>Pers\u00f6nlich (nur w\u00e4hrend der Schulzeit):<\/strong><ul><li>B\u00fcro der Schulsozialarbeit (Raum 108)<\/li><\/ul>\n<ul class=\"wp-block-list\">\n<li>Und Termine (pers\u00f6nlich, telefonisch, Video-Call) nach Vereinbarung<\/li>\n<\/ul>\n<\/li>\n\n\n\n<li><strong>Mobil:<\/strong>\n<ul class=\"wp-block-list\">\n<li>Telefonisch, Signal, Threema, SMS: 015561758153 (Lilly Bilger), SMS: 015561758153 (Erika Tr\u00e4xler)<\/li>\n<\/ul>\n<\/li>\n\n\n\n<li><strong>Instagram:<\/strong>&nbsp;<a href=\"https:\/\/www.instagram.com\/schuso_raichberg_0711\/\">Schulsozialarbeit RBR (@schuso_raichberg_0711) \u2022 Instagram-Fotos und -Videos<\/a>\n<ul class=\"wp-block-list\">\n<li>Untis -Nachricht: Erika Tr\u00e4xler &#8211; Lilly Bilger<\/li>\n<\/ul>\n<\/li>\n<\/ul>\n\n\n\n<p>Weitere Informationen zur Schulsozialarbeit der AWO Stuttgart finden Sie unter dem folgenden Link:<\/p>\n\n\n\n<p><a href=\"https:\/\/awo-stuttgart.com\/kinder-jugend-familie\/schulsozialarbeit-und-ganztag\/schulsozialarbeit\">https:\/\/awo-stuttgart.com\/kinder-jugend-familie\/schulsozialarbeit-und-ganztag\/schulsozialarbeit<\/a><\/p>\n\n\n\n<figure class=\"wp-block-image size-large\"><img loading=\"lazy\" decoding=\"async\" width=\"354\" height=\"168\" src=\"https:\/\/www.raichberg-realschule-stuttgart.de\/wp-content\/uploads\/2022\/09\/image.jpeg\" alt=\"\" class=\"wp-image-1612\" srcset=\"https:\/\/www.raichberg-realschule-stuttgart.de\/wp-content\/uploads\/2022\/09\/image.jpeg 354w, https:\/\/www.raichberg-realschule-stuttgart.de\/wp-content\/uploads\/2022\/09\/image-300x142.jpeg 300w\" sizes=\"auto, (max-width: 354px) 100vw, 354px\" \/><\/figure>\n\n\n\n<p><strong>Unterst\u00fctzungsangebote in Stuttgart<\/strong><\/p>\n\n\n\n<figure class=\"wp-block-table is-style-stripes\"><table><tbody><tr><td><strong>\u00dcberblick \u00fcber verschiedene <\/strong><br><strong>Angebote mit Kontaktdaten:<\/strong><\/td><td><strong><a href=\"http:\/\/www.stuttgart-gegen-gewalt.de\">www.stuttgart-gegen-gewalt.de<\/a><\/strong><\/td><\/tr><tr><td>Kinderschutz-Zentrum Stuttgart:<\/td><td>0711-23890-0<\/td><\/tr><tr><td>EVA&nbsp;\u2013&nbsp;Krisen- und Notfalldienst:<\/td><td>0180-5110444<\/td><\/tr><tr><td>YASEMIN&nbsp;\u2013&nbsp;Beratungsstelle f\u00fcr junge Migrantinnen:<\/td><td>0711\u2013658695-26<\/td><\/tr><tr><td>Jugendamt Stuttgart:<\/td><td>0711-21655555<\/td><\/tr><tr><td>Schulpsychologische Beratungsstelle Stuttgart:<\/td><td>0711-6376-300<\/td><\/tr><\/tbody><\/table><\/figure>\n\n\n\n<p><strong>\u00dcberregional<\/strong><\/p>\n\n\n\n<figure class=\"wp-block-table is-style-stripes\"><table><tbody><tr><td><\/td><td>Nummer gegen Kummer  (anonym und kostenlos):<br><a href=\"http:\/\/www.nummergegenkummer.de\">www.nummergegenkummer.de<\/a><\/td><\/tr><tr><td><\/td><td>Jugendtelefon: 116111<\/td><\/tr><tr><td><\/td><td>Elterntelefon: 0800-1110550<\/td><\/tr><\/tbody><\/table><\/figure>\n\n\n<div class=\"wp-block-image\">\n<figure class=\"alignright size-large is-resized\"><img loading=\"lazy\" decoding=\"async\" width=\"553\" height=\"262\" src=\"https:\/\/www.raichberg-realschule-stuttgart.de\/wp-content\/uploads\/2020\/04\/AWO-Stuttgart_LOGO-1.jpg\" alt=\"\" class=\"wp-image-948\" style=\"width:141px;height:67px\" srcset=\"https:\/\/www.raichberg-realschule-stuttgart.de\/wp-content\/uploads\/2020\/04\/AWO-Stuttgart_LOGO-1.jpg 553w, https:\/\/www.raichberg-realschule-stuttgart.de\/wp-content\/uploads\/2020\/04\/AWO-Stuttgart_LOGO-1-300x142.jpg 300w\" sizes=\"auto, (max-width: 553px) 100vw, 553px\" \/><\/figure>\n<\/div>\n\n\n<h2 class=\"wp-block-heading\"><strong>Allgemeine Infos zur Schulsozialarbeit <\/strong><\/h2>\n\n\n\n<p>Die Schulsozialarbeiterin ist eine neutrale Ansprechperson f\u00fcr Sch\u00fcler, Eltern und Lehrer und bietet bei schulischen Fragen, aber auch bei pers\u00f6nlichen und famili\u00e4ren Konfliktsituationen Beratung an.<\/p>\n\n\n\n<p>Die Schulsozialarbeit ist ein erg\u00e4nzendes und bereicherndes Angebot bei der Erf\u00fcllung des p\u00e4dagogischen Auftrages der Schule. Dieses Beratungsangebot ist freiwillig und kostenlos. Die Gespr\u00e4chsinhalte werden von mir vertraulich behandelt und nicht an Dritte weitergegeben.<\/p>\n\n\n\n<p>Zu meinem Aufgabenfeld z\u00e4hlt:<\/p>\n\n\n\n<ul class=\"wp-block-list\">\n<li>zum einen die Begleitung und Beratung von Sch\u00fclern und Sch\u00fclerinnen in ihren individuellen Problemlagen,<\/li>\n\n\n\n<li>die gemeinsame Konfliktbew\u00e4ltigung,<\/li>\n\n\n\n<li>die F\u00f6rderung sozialp\u00e4dagogischer Gruppenaktivit\u00e4ten,<\/li>\n\n\n\n<li>die Mitwirkung bei der Schulentwicklung,<\/li>\n\n\n\n<li>die Unterst\u00fctzung und Beratung der Eltern und Lehrer,<\/li>\n\n\n\n<li>und die inner- und au\u00dferschulische Vernetzung.<\/li>\n<\/ul>\n\n\n\n<p>Ich hoffe, Sie konnten einen Einblick in den Aufgabenbereich der Schulsozialarbeit erhalten und mich ein wenig besser kennen lernen. Ich freue mich auf die gemeinsame Zeit und die Zusammenarbeit mit Ihnen und den Sch\u00fclern und Sch\u00fclerinnen der Raichberg Realschule.<br><\/p>\n\n\n\n<div class=\"wp-block-columns is-layout-flex wp-container-core-columns-is-layout-9d6595d7 wp-block-columns-is-layout-flex\">\n<div class=\"wp-block-column is-layout-flow wp-block-column-is-layout-flow\"><\/div>\n<\/div>\n","protected":false},"excerpt":{"rendered":"<p>So k\u00f6nnen wir erreicht werden: Weitere Informationen zur Schulsozialarbeit der AWO Stuttgart finden Sie unter dem folgenden Link: https:\/\/awo-stuttgart.com\/kinder-jugend-familie\/schulsozialarbeit-und-ganztag\/schulsozialarbeit Unterst\u00fctzungsangebote in Stuttgart \u00dcberblick \u00fcber verschiedene Angebote mit Kontaktdaten: www.stuttgart-gegen-gewalt.de Kinderschutz-Zentrum Stuttgart: 0711-23890-0 EVA&nbsp;\u2013&nbsp;Krisen- und Notfalldienst: 0180-5110444 YASEMIN&nbsp;\u2013&nbsp;Beratungsstelle f\u00fcr junge Migrantinnen: 0711\u2013658695-26 Jugendamt Stuttgart: 0711-21655555 Schulpsychologische Beratungsstelle Stuttgart: 0711-6376-300 \u00dcberregional Nummer gegen Kummer (anonym und kostenlos):www.nummergegenkummer.de [&hellip;]<\/p>\n","protected":false},"author":4,"featured_media":0,"parent":48,"menu_order":0,"comment_status":"closed","ping_status":"closed","template":"","meta":{"footnotes":""},"class_list":["post-69","page","type-page","status-publish"],"_links":{"self":[{"href":"https:\/\/www.raichberg-realschule-stuttgart.de\/index.php?rest_route=\/wp\/v2\/pages\/69","targetHints":{"allow":["GET"]}}],"collection":[{"href":"https:\/\/www.raichberg-realschule-stuttgart.de\/index.php?rest_route=\/wp\/v2\/pages"}],"about":[{"href":"https:\/\/www.raichberg-realschule-stuttgart.de\/index.php?rest_route=\/wp\/v2\/types\/page"}],"author":[{"embeddable":true,"href":"https:\/\/www.raichberg-realschule-stuttgart.de\/index.php?rest_route=\/wp\/v2\/users\/4"}],"replies":[{"embeddable":true,"href":"https:\/\/www.raichberg-realschule-stuttgart.de\/index.php?rest_route=%2Fwp%2Fv2%2Fcomments&post=69"}],"version-history":[{"count":34,"href":"https:\/\/www.raichberg-realschule-stuttgart.de\/index.php?rest_route=\/wp\/v2\/pages\/69\/revisions"}],"predecessor-version":[{"id":2538,"href":"https:\/\/www.raichberg-realschule-stuttgart.de\/index.php?rest_route=\/wp\/v2\/pages\/69\/revisions\/2538"}],"up":[{"embeddable":true,"href":"https:\/\/www.raichberg-realschule-stuttgart.de\/index.php?rest_route=\/wp\/v2\/pages\/48"}],"wp:attachment":[{"href":"https:\/\/www.raichberg-realschule-stuttgart.de\/index.php?rest_route=%2Fwp%2Fv2%2Fmedia&parent=69"}],"curies":[{"name":"wp","href":"https:\/\/api.w.org\/{rel}","templated":true}]}}