{"id":76,"date":"2015-11-25T21:41:01","date_gmt":"2015-11-25T20:41:01","guid":{"rendered":"http:\/\/www.raichberg-realschule-stuttgart.de\/v4\/?page_id=76"},"modified":"2023-11-03T11:13:40","modified_gmt":"2023-11-03T10:13:40","slug":"foerderverein","status":"publish","type":"page","link":"https:\/\/www.raichberg-realschule-stuttgart.de\/?page_id=76","title":{"rendered":"F\u00f6rderverein"},"content":{"rendered":"\n<p><strong>Wer sind wir?<\/strong><\/p>\n\n\n\n<p>Der F\u00f6rderverein Raichberg-Realschule e.V. besteht seit 1994. Wir unterst\u00fctzen die Sch\u00fcler und Sch\u00fclerinnen der Raichberg-Realschule mit Geldern aus Spenden und\u00a0Mitgliedsbeitr\u00e4gen.<\/p>\n\n\n\n<p>Mehr dazu im Flyer des F\u00f6rdervereins: <\/p>\n\n\n\n<div data-wp-interactive=\"core\/file\" class=\"wp-block-file\"><object data-wp-bind--hidden=\"!state.hasPdfPreview\" hidden class=\"wp-block-file__embed\" data=\"https:\/\/www.raichberg-realschule-stuttgart.de\/wp-content\/uploads\/2023\/11\/Foerderverein.pdf\" type=\"application\/pdf\" style=\"width:100%;height:600px\" aria-label=\"Einbettung von Foerderverein.\"><\/object><a id=\"wp-block-file--media-9075ef29-0703-4fc0-81f3-8708642fc263\" href=\"https:\/\/www.raichberg-realschule-stuttgart.de\/wp-content\/uploads\/2023\/11\/Foerderverein.pdf\">Foerderverein<\/a><a href=\"https:\/\/www.raichberg-realschule-stuttgart.de\/wp-content\/uploads\/2023\/11\/Foerderverein.pdf\" class=\"wp-block-file__button wp-element-button\" download aria-describedby=\"wp-block-file--media-9075ef29-0703-4fc0-81f3-8708642fc263\">Herunterladen<\/a><\/div>\n\n\n\n<p>Wir unterst\u00fctzen die Schule z.B.<\/p>\n\n\n\n<ul class=\"wp-block-list\">\n<li>bei Klassenprojekten und Schulfesten<\/li>\n\n\n\n<li>bei der Finanzierung des Schul- und Lernplaners<\/li>\n\n\n\n<li>wenn finanziell benachteiligte Sch\u00fcler oder Sch\u00fclerinnen nicht an Klassenfahrten teilnehmen k\u00f6nnen.<\/li>\n<\/ul>\n\n\n\n<p><strong>Wie kommen wir zu Geld?<\/strong><\/p>\n\n\n\n<p>Der F\u00f6rderverein finanziert sich durch Spenden und Mitgliedsbeitr\u00e4gen.<\/p>\n\n\n\n<p><strong>Wie kann ich Mitglied werden?<\/strong><\/p>\n\n\n\n<p>Jahresmitgliedsbeitrag:<\/p>\n\n\n\n<p>Erwachsene: 10 \u20ac<\/p>\n\n\n\n<h4 class=\"wp-block-heading\">Bankdaten:<\/h4>\n\n\n\n<p>IBAN: DE 10 6005 0101 0001 0157 57<\/p>\n\n\n\n<p>BIC: SOLADEST600<\/p>\n","protected":false},"excerpt":{"rendered":"<p>Wer sind wir? Der F\u00f6rderverein Raichberg-Realschule e.V. besteht seit 1994. Wir unterst\u00fctzen die Sch\u00fcler und Sch\u00fclerinnen der Raichberg-Realschule mit Geldern aus Spenden und\u00a0Mitgliedsbeitr\u00e4gen. Mehr dazu im Flyer des F\u00f6rdervereins: Wir unterst\u00fctzen die Schule z.B. Wie kommen wir zu Geld? Der F\u00f6rderverein finanziert sich durch Spenden und Mitgliedsbeitr\u00e4gen. Wie kann ich Mitglied werden? Jahresmitgliedsbeitrag: Erwachsene: 10 [&hellip;]<\/p>\n","protected":false},"author":4,"featured_media":0,"parent":48,"menu_order":0,"comment_status":"closed","ping_status":"closed","template":"","meta":{"footnotes":""},"class_list":["post-76","page","type-page","status-publish"],"_links":{"self":[{"href":"https:\/\/www.raichberg-realschule-stuttgart.de\/index.php?rest_route=\/wp\/v2\/pages\/76","targetHints":{"allow":["GET"]}}],"collection":[{"href":"https:\/\/www.raichberg-realschule-stuttgart.de\/index.php?rest_route=\/wp\/v2\/pages"}],"about":[{"href":"https:\/\/www.raichberg-realschule-stuttgart.de\/index.php?rest_route=\/wp\/v2\/types\/page"}],"author":[{"embeddable":true,"href":"https:\/\/www.raichberg-realschule-stuttgart.de\/index.php?rest_route=\/wp\/v2\/users\/4"}],"replies":[{"embeddable":true,"href":"https:\/\/www.raichberg-realschule-stuttgart.de\/index.php?rest_route=%2Fwp%2Fv2%2Fcomments&post=76"}],"version-history":[{"count":6,"href":"https:\/\/www.raichberg-realschule-stuttgart.de\/index.php?rest_route=\/wp\/v2\/pages\/76\/revisions"}],"predecessor-version":[{"id":2115,"href":"https:\/\/www.raichberg-realschule-stuttgart.de\/index.php?rest_route=\/wp\/v2\/pages\/76\/revisions\/2115"}],"up":[{"embeddable":true,"href":"https:\/\/www.raichberg-realschule-stuttgart.de\/index.php?rest_route=\/wp\/v2\/pages\/48"}],"wp:attachment":[{"href":"https:\/\/www.raichberg-realschule-stuttgart.de\/index.php?rest_route=%2Fwp%2Fv2%2Fmedia&parent=76"}],"curies":[{"name":"wp","href":"https:\/\/api.w.org\/{rel}","templated":true}]}}