{"id":82,"date":"2015-11-25T21:49:25","date_gmt":"2015-11-25T20:49:25","guid":{"rendered":"http:\/\/www.raichberg-realschule-stuttgart.de\/v4\/?page_id=82"},"modified":"2021-02-21T12:10:33","modified_gmt":"2021-02-21T11:10:33","slug":"anfahrt","status":"publish","type":"page","link":"https:\/\/www.raichberg-realschule-stuttgart.de\/?page_id=82","title":{"rendered":"Anfahrt"},"content":{"rendered":"<p><a href=\"https:\/\/www.raichberg-realschule-stuttgart.de\/wp-content\/uploads\/2015\/11\/Anfahrt.pdf\" target=\"_blank\" rel=\"noopener noreferrer\">Anfahrt als PDF herunterladen<\/a><\/p>\n<p><strong>Stadtbahn:<\/strong><\/p>\n<ul>\n<li>U4 Haltestelle Ostheim\/Leo-Vetter-Bad (blauer Kreis).<\/li>\n<\/ul>\n<p><strong>Bus:<\/strong><\/p>\n<ul>\n<li>42, 56, 45, 40&nbsp;bis Haltestelle Wagenburgstra\u00dfe (roter Kreis).<\/li>\n<li>42, 56 bis Haltestelle Ostendplatz (roter Kreis).<\/li>\n<\/ul>\n<p><strong>Mit dem Auto<\/strong><\/p>\n<ul>\n<li>Grunds\u00e4tzlich empfiehlt sich die Anfahrt mit dem Bus oder der U-Bahn, da die Parkplatzsituation schlecht ist. Parkpl\u00e4tze sind manchmal beim Leo-Vetter-Bad, in der Klingenstra\u00dfe (gr\u00fcner Pfeil) oder in der REWE Tiefgarage (kostenpflichtig).<\/li>\n<li>Lehrbeauftragte, Pr\u00fcfer, Referenten und Stellenbewerber k\u00f6nnen auf dem Schulparkplatz (gr\u00fcnes P) auf dem hinteren Schulhof parken. Die Zufahrt ist jedoch nur \u00fcber die Klingenstra\u00dfe (gr\u00fcner Pfeil) m\u00f6glich und geht dann unter einem Geb\u00e4ude hindurch. Anschlie\u00dfend das erste Eisentor rechts.<\/li>\n<li>Eltern d\u00fcrfen hier nicht parken.<\/li>\n<\/ul>\n<p><strong>Vom Hbf:<br \/>\n<\/strong><\/p>\n<ul>\n<li>Mit dem 40er Bus Richtung Wagenburgstra\u00dfe. Ausstieg: Wagenburgstra\u00dfe.<\/li>\n<li>Mit dem 42er Bus Richtung Schlossplatz. Ausstieg: Ostendplatz.<\/li>\n<li>Mit der U9 Richtung Hedelfingen. Umstieg in St\u00f6ckach in die U4 Richtung Untert\u00fcrkheim. Ausstieg: Leo-Vetter-Bad (blauer Kreis).<\/li>\n<li>Mit der U14 Richtung Remseck. Umstieg in St\u00f6ckach in die U4 Richtung Untert\u00fcrkheim. Ausstieg: Leo-Vetter-Bad (blauer Kreis).<\/li>\n<\/ul>\n<p><strong>Adresse:<\/strong><\/p>\n<ul>\n<li>Sch\u00f6nb\u00fchlstra\u00dfe 90 70188 Stuttgart<\/li>\n<\/ul>\n<p>&nbsp;<\/p>\n","protected":false},"excerpt":{"rendered":"<p>Anfahrt als PDF herunterladen Stadtbahn: U4 Haltestelle Ostheim\/Leo-Vetter-Bad (blauer Kreis). Bus: 42, 56, 45, 40&nbsp;bis Haltestelle Wagenburgstra\u00dfe (roter Kreis). 42, 56 bis Haltestelle Ostendplatz (roter Kreis). Mit dem Auto Grunds\u00e4tzlich empfiehlt sich die Anfahrt mit dem Bus oder der U-Bahn, da die Parkplatzsituation schlecht ist. Parkpl\u00e4tze sind manchmal beim Leo-Vetter-Bad, in der Klingenstra\u00dfe (gr\u00fcner Pfeil) [&hellip;]<\/p>\n","protected":false},"author":4,"featured_media":509,"parent":48,"menu_order":0,"comment_status":"closed","ping_status":"closed","template":"","meta":{"footnotes":""},"class_list":["post-82","page","type-page","status-publish","has-post-thumbnail"],"_links":{"self":[{"href":"https:\/\/www.raichberg-realschule-stuttgart.de\/index.php?rest_route=\/wp\/v2\/pages\/82","targetHints":{"allow":["GET"]}}],"collection":[{"href":"https:\/\/www.raichberg-realschule-stuttgart.de\/index.php?rest_route=\/wp\/v2\/pages"}],"about":[{"href":"https:\/\/www.raichberg-realschule-stuttgart.de\/index.php?rest_route=\/wp\/v2\/types\/page"}],"author":[{"embeddable":true,"href":"https:\/\/www.raichberg-realschule-stuttgart.de\/index.php?rest_route=\/wp\/v2\/users\/4"}],"replies":[{"embeddable":true,"href":"https:\/\/www.raichberg-realschule-stuttgart.de\/index.php?rest_route=%2Fwp%2Fv2%2Fcomments&post=82"}],"version-history":[{"count":5,"href":"https:\/\/www.raichberg-realschule-stuttgart.de\/index.php?rest_route=\/wp\/v2\/pages\/82\/revisions"}],"predecessor-version":[{"id":1225,"href":"https:\/\/www.raichberg-realschule-stuttgart.de\/index.php?rest_route=\/wp\/v2\/pages\/82\/revisions\/1225"}],"up":[{"embeddable":true,"href":"https:\/\/www.raichberg-realschule-stuttgart.de\/index.php?rest_route=\/wp\/v2\/pages\/48"}],"wp:featuredmedia":[{"embeddable":true,"href":"https:\/\/www.raichberg-realschule-stuttgart.de\/index.php?rest_route=\/wp\/v2\/media\/509"}],"wp:attachment":[{"href":"https:\/\/www.raichberg-realschule-stuttgart.de\/index.php?rest_route=%2Fwp%2Fv2%2Fmedia&parent=82"}],"curies":[{"name":"wp","href":"https:\/\/api.w.org\/{rel}","templated":true}]}}